{"id":1429,"date":"2025-11-03T20:09:11","date_gmt":"2025-11-03T20:09:11","guid":{"rendered":"https:\/\/vetaustral.com.ar\/?post_type=product&#038;p=1429"},"modified":"2026-01-30T20:01:41","modified_gmt":"2026-01-30T20:01:41","slug":"hepatoral-hampton-x-1-litro-calastreme","status":"publish","type":"product","link":"https:\/\/vetaustral.com.ar\/?product=hepatoral-hampton-x-1-litro-calastreme","title":{"rendered":"Hepatoral hampton x 1 litro \u2013 Calastreme"},"content":{"rendered":"<p>Contiene 1 frasco de 1000 ml.<\/p>\n<ul>\n<li>Fitoter\u00e1pico<\/li>\n<li>Protector hep\u00e1tico por boca<\/li>\n<\/ul>\n<p>&nbsp;<\/p>\n<h3>F\u00f3rmula<\/h3>\n<p>Extracto fluido de alcachofa 4,25 g.; Extracto fluido de boldo 4,24 g.; Di Metionina 1,50 g.; Excipientes c.s.p. 100 ml.<\/p>\n<p>&nbsp;<\/p>\n<h3>Indicaciones<\/h3>\n<p>Desintoxicante y restaurador de la funci\u00f3n hep\u00e1tica. El producto est\u00e1 indicado en insuficiencia hep\u00e1tica, intoxicaciones medicamentosas o alimenticias, falta de apetito, training, sobreentrenamiento y para activaci\u00f3n de la funci\u00f3n hep\u00e1tica.<\/p>\n<p>Calastreme<\/p>\n","protected":false},"excerpt":{"rendered":"<p>Contiene 1 frasco de 1000 ml. Fitoter\u00e1pico Protector hep\u00e1tico por boca &nbsp; F\u00f3rmula Extracto fluido de alcachofa 4,25 g.; Extracto fluido de boldo 4,24 g.; Di Metionina 1,50 g.; Excipientes c.s.p. 100 ml. &nbsp; Indicaciones Desintoxicante y restaurador de la funci\u00f3n hep\u00e1tica. El producto est\u00e1 indicado en insuficiencia hep\u00e1tica, intoxicaciones medicamentosas o alimenticias, falta de &#8230; <a title=\"Hepatoral hampton x 1 litro \u2013 Calastreme\" class=\"read-more\" href=\"https:\/\/vetaustral.com.ar\/?product=hepatoral-hampton-x-1-litro-calastreme\" aria-label=\"Leer m\u00e1s sobre Hepatoral hampton x 1 litro \u2013 Calastreme\">Leer m\u00e1s<\/a><\/p>\n","protected":false},"featured_media":1430,"comment_status":"open","ping_status":"closed","template":"","meta":[],"product_brand":[197],"product_cat":[33,32],"product_tag":[61,113,205],"class_list":{"0":"post-1429","1":"product","2":"type-product","3":"status-publish","4":"has-post-thumbnail","6":"product_brand-calastreme","7":"product_cat-equinos","8":"product_cat-farmacia","9":"product_tag-equinos-deportivos","10":"product_tag-hepatoprotector","11":"product_tag-oral","12":"sales-flash-overlay","13":"woocommerce-text-align-center","14":"woocommerce-image-align-center","15":"do-quantity-buttons","17":"first","18":"instock","19":"taxable","20":"shipping-taxable","21":"purchasable","22":"product-type-simple"},"jetpack_sharing_enabled":true,"_links":{"self":[{"href":"https:\/\/vetaustral.com.ar\/index.php?rest_route=\/wp\/v2\/product\/1429","targetHints":{"allow":["GET"]}}],"collection":[{"href":"https:\/\/vetaustral.com.ar\/index.php?rest_route=\/wp\/v2\/product"}],"about":[{"href":"https:\/\/vetaustral.com.ar\/index.php?rest_route=\/wp\/v2\/types\/product"}],"replies":[{"embeddable":true,"href":"https:\/\/vetaustral.com.ar\/index.php?rest_route=%2Fwp%2Fv2%2Fcomments&post=1429"}],"wp:featuredmedia":[{"embeddable":true,"href":"https:\/\/vetaustral.com.ar\/index.php?rest_route=\/wp\/v2\/media\/1430"}],"wp:attachment":[{"href":"https:\/\/vetaustral.com.ar\/index.php?rest_route=%2Fwp%2Fv2%2Fmedia&parent=1429"}],"wp:term":[{"taxonomy":"product_brand","embeddable":true,"href":"https:\/\/vetaustral.com.ar\/index.php?rest_route=%2Fwp%2Fv2%2Fproduct_brand&post=1429"},{"taxonomy":"product_cat","embeddable":true,"href":"https:\/\/vetaustral.com.ar\/index.php?rest_route=%2Fwp%2Fv2%2Fproduct_cat&post=1429"},{"taxonomy":"product_tag","embeddable":true,"href":"https:\/\/vetaustral.com.ar\/index.php?rest_route=%2Fwp%2Fv2%2Fproduct_tag&post=1429"}],"curies":[{"name":"wp","href":"https:\/\/api.w.org\/{rel}","templated":true}]}}