{"id":1425,"date":"2025-11-03T19:50:33","date_gmt":"2025-11-03T19:50:33","guid":{"rendered":"https:\/\/vetaustral.com.ar\/?post_type=product&#038;p=1425"},"modified":"2026-01-30T19:57:31","modified_gmt":"2026-01-30T19:57:31","slug":"gentamicina-8-hampton-x-100-ml-calastreme","status":"publish","type":"product","link":"https:\/\/vetaustral.com.ar\/?product=gentamicina-8-hampton-x-100-ml-calastreme","title":{"rendered":"Gentamicina 8% hampton x 100 ml &#8211; Calastreme"},"content":{"rendered":"<p>Contiene 1 frasco ampolla de 100 ml.<\/p>\n<ul>\n<li>Antimicrobiano<\/li>\n<li>Antibi\u00f3tico &#8211; Aminogluc\u00f3sido<\/li>\n<\/ul>\n<p>&nbsp;<\/p>\n<h3>F\u00f3rmula<\/h3>\n<p>Cada mL contiene: Gentamicina Sulfato 8 g.; Veh\u00edculo est\u00e9ril c.s.p. 100mL.<\/p>\n<p>&nbsp;<\/p>\n<h3>Indicaciones<\/h3>\n<p>Procesos infecciosos provocados por g\u00e9rmenes sensibles. Septicemia, Metritis, Bronquitis infecciosas, Neumon\u00edas, Infecciones urinarias. Heridas infectadas.<\/p>\n<p>Calastreme<\/p>\n","protected":false},"excerpt":{"rendered":"<p>Contiene 1 frasco ampolla de 100 ml. Antimicrobiano Antibi\u00f3tico &#8211; Aminogluc\u00f3sido &nbsp; F\u00f3rmula Cada mL contiene: Gentamicina Sulfato 8 g.; Veh\u00edculo est\u00e9ril c.s.p. 100mL. &nbsp; Indicaciones Procesos infecciosos provocados por g\u00e9rmenes sensibles. Septicemia, Metritis, Bronquitis infecciosas, Neumon\u00edas, Infecciones urinarias. Heridas infectadas. Calastreme<\/p>\n","protected":false},"featured_media":1426,"comment_status":"open","ping_status":"closed","template":"","meta":[],"product_brand":[197],"product_cat":[33,32],"product_tag":[53,204,58],"class_list":{"0":"post-1425","1":"product","2":"type-product","3":"status-publish","4":"has-post-thumbnail","6":"product_brand-calastreme","7":"product_cat-equinos","8":"product_cat-farmacia","9":"product_tag-antibiotico","10":"product_tag-antimicrobiano","11":"product_tag-equinos","12":"sales-flash-overlay","13":"woocommerce-text-align-center","14":"woocommerce-image-align-center","15":"do-quantity-buttons","17":"first","18":"instock","19":"taxable","20":"shipping-taxable","21":"purchasable","22":"product-type-simple"},"jetpack_sharing_enabled":true,"_links":{"self":[{"href":"https:\/\/vetaustral.com.ar\/index.php?rest_route=\/wp\/v2\/product\/1425","targetHints":{"allow":["GET"]}}],"collection":[{"href":"https:\/\/vetaustral.com.ar\/index.php?rest_route=\/wp\/v2\/product"}],"about":[{"href":"https:\/\/vetaustral.com.ar\/index.php?rest_route=\/wp\/v2\/types\/product"}],"replies":[{"embeddable":true,"href":"https:\/\/vetaustral.com.ar\/index.php?rest_route=%2Fwp%2Fv2%2Fcomments&post=1425"}],"wp:featuredmedia":[{"embeddable":true,"href":"https:\/\/vetaustral.com.ar\/index.php?rest_route=\/wp\/v2\/media\/1426"}],"wp:attachment":[{"href":"https:\/\/vetaustral.com.ar\/index.php?rest_route=%2Fwp%2Fv2%2Fmedia&parent=1425"}],"wp:term":[{"taxonomy":"product_brand","embeddable":true,"href":"https:\/\/vetaustral.com.ar\/index.php?rest_route=%2Fwp%2Fv2%2Fproduct_brand&post=1425"},{"taxonomy":"product_cat","embeddable":true,"href":"https:\/\/vetaustral.com.ar\/index.php?rest_route=%2Fwp%2Fv2%2Fproduct_cat&post=1425"},{"taxonomy":"product_tag","embeddable":true,"href":"https:\/\/vetaustral.com.ar\/index.php?rest_route=%2Fwp%2Fv2%2Fproduct_tag&post=1425"}],"curies":[{"name":"wp","href":"https:\/\/api.w.org\/{rel}","templated":true}]}}