{"id":1423,"date":"2025-11-03T19:41:51","date_gmt":"2025-11-03T19:41:51","guid":{"rendered":"https:\/\/vetaustral.com.ar\/?post_type=product&#038;p=1423"},"modified":"2026-01-30T19:57:13","modified_gmt":"2026-01-30T19:57:13","slug":"complejo-b150-hampton-x-100-ml-calastreme","status":"publish","type":"product","link":"https:\/\/vetaustral.com.ar\/?product=complejo-b150-hampton-x-100-ml-calastreme","title":{"rendered":"Complejo B150 hampton x 100 ml &#8211; Calastreme"},"content":{"rendered":"<p>Contiene 1 frasco ampolla de 100 ml.<\/p>\n<ul>\n<li>Suplemento Preventivo<\/li>\n<li>Terap\u00e9utico<\/li>\n<li>Reconstituyente<\/li>\n<\/ul>\n<p>&nbsp;<\/p>\n<h3>F\u00f3rmula<\/h3>\n<p>Clorhidrato de Tiamina 15 g; Riboflavina fosfato s\u00f3dico 0.2 g; Piridoxina ClH ( Vit. B6 ) 0.3g; Pantotenato de C\u00e1lcio 0.4g; Nicotinamida 7.0g; Excipientes c.s.p. 100mL.<\/p>\n<p>&nbsp;<\/p>\n<h3>Indicaciones<\/h3>\n<p>Como fuente suplementaria de r\u00e1pida disponibilidad de vitaminas del <strong>Complejo B150 HAMPTON<\/strong> ante demanda aumentada o posible d\u00e9ficit nutricional o de absorci\u00f3n. Para el tratamiento de carencias clinicas o subcl\u00ednicas. Especies: <strong>EQUINOS DEPORTIVOS EXCLUSIVAMENTE<\/strong>. No administrar a equinos destinados al consumo humano.<\/p>\n<p>Calastreme<\/p>\n","protected":false},"excerpt":{"rendered":"<p>Contiene 1 frasco ampolla de 100 ml. Suplemento Preventivo Terap\u00e9utico Reconstituyente &nbsp; F\u00f3rmula Clorhidrato de Tiamina 15 g; Riboflavina fosfato s\u00f3dico 0.2 g; Piridoxina ClH ( Vit. B6 ) 0.3g; Pantotenato de C\u00e1lcio 0.4g; Nicotinamida 7.0g; Excipientes c.s.p. 100mL. &nbsp; Indicaciones Como fuente suplementaria de r\u00e1pida disponibilidad de vitaminas del Complejo B150 HAMPTON ante demanda &#8230; <a title=\"Complejo B150 hampton x 100 ml &#8211; Calastreme\" class=\"read-more\" href=\"https:\/\/vetaustral.com.ar\/?product=complejo-b150-hampton-x-100-ml-calastreme\" aria-label=\"Leer m\u00e1s sobre Complejo B150 hampton x 100 ml &#8211; Calastreme\">Leer m\u00e1s<\/a><\/p>\n","protected":false},"featured_media":1424,"comment_status":"open","ping_status":"closed","template":"","meta":[],"product_brand":[197],"product_cat":[33,32],"product_tag":[203,61,116],"class_list":{"0":"post-1423","1":"product","2":"type-product","3":"status-publish","4":"has-post-thumbnail","6":"product_brand-calastreme","7":"product_cat-equinos","8":"product_cat-farmacia","9":"product_tag-complejo-b","10":"product_tag-equinos-deportivos","11":"product_tag-vitaminico","12":"sales-flash-overlay","13":"woocommerce-text-align-center","14":"woocommerce-image-align-center","15":"do-quantity-buttons","17":"first","18":"instock","19":"taxable","20":"shipping-taxable","21":"purchasable","22":"product-type-simple"},"jetpack_sharing_enabled":true,"_links":{"self":[{"href":"https:\/\/vetaustral.com.ar\/index.php?rest_route=\/wp\/v2\/product\/1423","targetHints":{"allow":["GET"]}}],"collection":[{"href":"https:\/\/vetaustral.com.ar\/index.php?rest_route=\/wp\/v2\/product"}],"about":[{"href":"https:\/\/vetaustral.com.ar\/index.php?rest_route=\/wp\/v2\/types\/product"}],"replies":[{"embeddable":true,"href":"https:\/\/vetaustral.com.ar\/index.php?rest_route=%2Fwp%2Fv2%2Fcomments&post=1423"}],"wp:featuredmedia":[{"embeddable":true,"href":"https:\/\/vetaustral.com.ar\/index.php?rest_route=\/wp\/v2\/media\/1424"}],"wp:attachment":[{"href":"https:\/\/vetaustral.com.ar\/index.php?rest_route=%2Fwp%2Fv2%2Fmedia&parent=1423"}],"wp:term":[{"taxonomy":"product_brand","embeddable":true,"href":"https:\/\/vetaustral.com.ar\/index.php?rest_route=%2Fwp%2Fv2%2Fproduct_brand&post=1423"},{"taxonomy":"product_cat","embeddable":true,"href":"https:\/\/vetaustral.com.ar\/index.php?rest_route=%2Fwp%2Fv2%2Fproduct_cat&post=1423"},{"taxonomy":"product_tag","embeddable":true,"href":"https:\/\/vetaustral.com.ar\/index.php?rest_route=%2Fwp%2Fv2%2Fproduct_tag&post=1423"}],"curies":[{"name":"wp","href":"https:\/\/api.w.org\/{rel}","templated":true}]}}