{"id":1421,"date":"2025-11-03T15:32:22","date_gmt":"2025-11-03T15:32:22","guid":{"rendered":"https:\/\/vetaustral.com.ar\/?post_type=product&#038;p=1421"},"modified":"2026-01-30T19:52:47","modified_gmt":"2026-01-30T19:52:47","slug":"cicatrizol-x-100-ml-calastreme","status":"publish","type":"product","link":"https:\/\/vetaustral.com.ar\/?product=cicatrizol-x-100-ml-calastreme","title":{"rendered":"Cicatrizol x 100 ml &#8211; Calastreme"},"content":{"rendered":"<p>Contiene 1 frasco con spray de 100 ml.<\/p>\n<ul>\n<li>Soluci\u00f3n T\u00f3pica Antis\u00e9ptico Y Desinfectante<\/li>\n<li>Para <strong>equinos<\/strong>, <strong>bovinos<\/strong>, <strong>ovinos<\/strong>, <strong>porcinos<\/strong>, <strong>caninos<\/strong> y <strong>felinos<\/strong>.<\/li>\n<\/ul>\n<p>&nbsp;<\/p>\n<h3>F\u00f3rmula<\/h3>\n<p>Digluconato de Clorhexidina 0,5 g; Extracto de Aloe Vera 5,0 ml; Violeta de Genciana 0,2 g; Salicilato de metilo .4,00 g; Excipientes c.s.p. 100 ml.<\/p>\n<p>El principio activo de <strong>CICATRIZOL<\/strong> es la clorhedixina, la cual es activa mayormente frente a gran cantidad de bacteria gran + y en menor grado frente a gran &#8211; . La clorhexidina tiene una actividad persistente en la piel, no es irritante, es activa en presencia de fluidos corporales y tiene una r\u00e1pida actividad bactericida. El principio activo est\u00e1 acompa\u00f1ado en su formulaci\u00f3n por diferentes componentes que ayudan en el poder antis\u00e9ptico de la clorhexidina, tal como el alcohol utilizado como diluyente y la violeta de genciana como colorante. Hay un agregado de extracto de aloe vera en la formulaci\u00f3n para obtener mejores resultados en regeneraci\u00f3n de tejidos o piel y epitelizaci\u00f3n de las heridas.<\/p>\n<p>&nbsp;<\/p>\n<h3>Indicaciones<\/h3>\n<p>Antis\u00e9ptico y desinfectante de superficies. En heridas, quemaduras, llagas, ulceraciones y soluciones de continuidad de la piel. En mataduras y escoriaciones superficiales. Antisepsia de campo quir\u00fargico.<\/p>\n<p>Calastreme<\/p>\n","protected":false},"excerpt":{"rendered":"<p>Contiene 1 frasco con spray de 100 ml. Soluci\u00f3n T\u00f3pica Antis\u00e9ptico Y Desinfectante Para equinos, bovinos, ovinos, porcinos, caninos y felinos. &nbsp; F\u00f3rmula Digluconato de Clorhexidina 0,5 g; Extracto de Aloe Vera 5,0 ml; Violeta de Genciana 0,2 g; Salicilato de metilo .4,00 g; Excipientes c.s.p. 100 ml. El principio activo de CICATRIZOL es la &#8230; <a title=\"Cicatrizol x 100 ml &#8211; Calastreme\" class=\"read-more\" href=\"https:\/\/vetaustral.com.ar\/?product=cicatrizol-x-100-ml-calastreme\" aria-label=\"Leer m\u00e1s sobre Cicatrizol x 100 ml &#8211; Calastreme\">Leer m\u00e1s<\/a><\/p>\n","protected":false},"featured_media":1422,"comment_status":"open","ping_status":"closed","template":"","meta":[],"product_brand":[197],"product_cat":[36,33,32,52],"product_tag":[39,77,94],"class_list":{"0":"post-1421","1":"product","2":"type-product","3":"status-publish","4":"has-post-thumbnail","6":"product_brand-calastreme","7":"product_cat-animales-de-compania","8":"product_cat-equinos","9":"product_cat-farmacia","10":"product_cat-grandes-animales","11":"product_tag-antibacteriano","12":"product_tag-cicatrizante","13":"product_tag-spray","14":"sales-flash-overlay","15":"woocommerce-text-align-center","16":"woocommerce-image-align-center","17":"do-quantity-buttons","19":"first","20":"instock","21":"taxable","22":"shipping-taxable","23":"purchasable","24":"product-type-simple"},"jetpack_sharing_enabled":true,"_links":{"self":[{"href":"https:\/\/vetaustral.com.ar\/index.php?rest_route=\/wp\/v2\/product\/1421","targetHints":{"allow":["GET"]}}],"collection":[{"href":"https:\/\/vetaustral.com.ar\/index.php?rest_route=\/wp\/v2\/product"}],"about":[{"href":"https:\/\/vetaustral.com.ar\/index.php?rest_route=\/wp\/v2\/types\/product"}],"replies":[{"embeddable":true,"href":"https:\/\/vetaustral.com.ar\/index.php?rest_route=%2Fwp%2Fv2%2Fcomments&post=1421"}],"wp:featuredmedia":[{"embeddable":true,"href":"https:\/\/vetaustral.com.ar\/index.php?rest_route=\/wp\/v2\/media\/1422"}],"wp:attachment":[{"href":"https:\/\/vetaustral.com.ar\/index.php?rest_route=%2Fwp%2Fv2%2Fmedia&parent=1421"}],"wp:term":[{"taxonomy":"product_brand","embeddable":true,"href":"https:\/\/vetaustral.com.ar\/index.php?rest_route=%2Fwp%2Fv2%2Fproduct_brand&post=1421"},{"taxonomy":"product_cat","embeddable":true,"href":"https:\/\/vetaustral.com.ar\/index.php?rest_route=%2Fwp%2Fv2%2Fproduct_cat&post=1421"},{"taxonomy":"product_tag","embeddable":true,"href":"https:\/\/vetaustral.com.ar\/index.php?rest_route=%2Fwp%2Fv2%2Fproduct_tag&post=1421"}],"curies":[{"name":"wp","href":"https:\/\/api.w.org\/{rel}","templated":true}]}}