{"id":1419,"date":"2025-11-03T15:27:05","date_gmt":"2025-11-03T15:27:05","guid":{"rendered":"https:\/\/vetaustral.com.ar\/?post_type=product&#038;p=1419"},"modified":"2026-01-30T19:49:20","modified_gmt":"2026-01-30T19:49:20","slug":"canopus-shampoo-acondicionador-x-1-litro-calastreme","status":"publish","type":"product","link":"https:\/\/vetaustral.com.ar\/?product=canopus-shampoo-acondicionador-x-1-litro-calastreme","title":{"rendered":"Canopus shampoo acondicionador x 1 litro &#8211; Calastreme"},"content":{"rendered":"<p>Contiene 1 frasco de 1000 ml.<\/p>\n<ul>\n<li>Triple Acci\u00f3n + Filtro Solar Uv<\/li>\n<li>Para equinos<\/li>\n<\/ul>\n<p>&nbsp;<\/p>\n<h3>F\u00f3rmula<\/h3>\n<p>Laril sulfato de sodio etoxilado 9g.; Amodimeticona 1.5g.; Base shampoo (agentes de formulaci\u00f3n) c.s.p. 100ml.<\/p>\n<p>&nbsp;<\/p>\n<h3>Indicaciones<\/h3>\n<p>Limpia, acondiciona, protege. Lava profundamente y acondiciona cada fibra capilar reduciendo la est\u00e1tica. Posee un complejo altamente acondicionador y un efectivo filtro solar UV que exalta y ayuda a mantener el color natural de su caballo. Deja el pelo limpio, suave, protegido y con un suave aroma a manzana. <strong>DERMATOL\u00d3GICAMENTE TESTEADO<\/strong>.<\/p>\n<p>Calastreme<\/p>\n","protected":false},"excerpt":{"rendered":"<p>Contiene 1 frasco de 1000 ml. Triple Acci\u00f3n + Filtro Solar Uv Para equinos &nbsp; F\u00f3rmula Laril sulfato de sodio etoxilado 9g.; Amodimeticona 1.5g.; Base shampoo (agentes de formulaci\u00f3n) c.s.p. 100ml. &nbsp; Indicaciones Limpia, acondiciona, protege. Lava profundamente y acondiciona cada fibra capilar reduciendo la est\u00e1tica. Posee un complejo altamente acondicionador y un efectivo filtro &#8230; <a title=\"Canopus shampoo acondicionador x 1 litro &#8211; Calastreme\" class=\"read-more\" href=\"https:\/\/vetaustral.com.ar\/?product=canopus-shampoo-acondicionador-x-1-litro-calastreme\" aria-label=\"Leer m\u00e1s sobre Canopus shampoo acondicionador x 1 litro &#8211; Calastreme\">Leer m\u00e1s<\/a><\/p>\n","protected":false},"featured_media":1420,"comment_status":"open","ping_status":"closed","template":"","meta":[],"product_brand":[197],"product_cat":[33,32],"product_tag":[58,202,151],"class_list":{"0":"post-1419","1":"product","2":"type-product","3":"status-publish","4":"has-post-thumbnail","6":"product_brand-calastreme","7":"product_cat-equinos","8":"product_cat-farmacia","9":"product_tag-equinos","10":"product_tag-filtro-solar-uv","11":"product_tag-shampoo","12":"sales-flash-overlay","13":"woocommerce-text-align-center","14":"woocommerce-image-align-center","15":"do-quantity-buttons","17":"first","18":"instock","19":"taxable","20":"shipping-taxable","21":"purchasable","22":"product-type-simple"},"jetpack_sharing_enabled":true,"_links":{"self":[{"href":"https:\/\/vetaustral.com.ar\/index.php?rest_route=\/wp\/v2\/product\/1419","targetHints":{"allow":["GET"]}}],"collection":[{"href":"https:\/\/vetaustral.com.ar\/index.php?rest_route=\/wp\/v2\/product"}],"about":[{"href":"https:\/\/vetaustral.com.ar\/index.php?rest_route=\/wp\/v2\/types\/product"}],"replies":[{"embeddable":true,"href":"https:\/\/vetaustral.com.ar\/index.php?rest_route=%2Fwp%2Fv2%2Fcomments&post=1419"}],"wp:featuredmedia":[{"embeddable":true,"href":"https:\/\/vetaustral.com.ar\/index.php?rest_route=\/wp\/v2\/media\/1420"}],"wp:attachment":[{"href":"https:\/\/vetaustral.com.ar\/index.php?rest_route=%2Fwp%2Fv2%2Fmedia&parent=1419"}],"wp:term":[{"taxonomy":"product_brand","embeddable":true,"href":"https:\/\/vetaustral.com.ar\/index.php?rest_route=%2Fwp%2Fv2%2Fproduct_brand&post=1419"},{"taxonomy":"product_cat","embeddable":true,"href":"https:\/\/vetaustral.com.ar\/index.php?rest_route=%2Fwp%2Fv2%2Fproduct_cat&post=1419"},{"taxonomy":"product_tag","embeddable":true,"href":"https:\/\/vetaustral.com.ar\/index.php?rest_route=%2Fwp%2Fv2%2Fproduct_tag&post=1419"}],"curies":[{"name":"wp","href":"https:\/\/api.w.org\/{rel}","templated":true}]}}