{"id":1417,"date":"2025-11-03T15:19:06","date_gmt":"2025-11-03T15:19:06","guid":{"rendered":"https:\/\/vetaustral.com.ar\/?post_type=product&#038;p=1417"},"modified":"2026-01-30T19:49:00","modified_gmt":"2026-01-30T19:49:00","slug":"canopus-repelente-x-500-ml-calastreme","status":"publish","type":"product","link":"https:\/\/vetaustral.com.ar\/?product=canopus-repelente-x-500-ml-calastreme","title":{"rendered":"Canopus repelente x 500 ml &#8211; Calastreme"},"content":{"rendered":"<p>Contiene 1 frasco pulverizador de 500 ml.<\/p>\n<ul>\n<li>Eficaz Para Alejar Insectos<\/li>\n<\/ul>\n<p>&nbsp;<\/p>\n<h3>F\u00f3rmula<\/h3>\n<p>Aceite de citronella 3.00g.; Excipientes c.s.p. 100.00ml.<\/p>\n<p>&nbsp;<\/p>\n<h3>Indicaciones<\/h3>\n<p>El PRODUCTO VETERINARIO <strong>CANOPUS<\/strong> est\u00e1 especialmente indicado para ayudar a mantener alejados insectos molestos c\u00f3mo moscas, mosquitos, moscas de los establos, jejenes y t\u00e1banos en los Animales.<\/p>\n<p>Calastreme<\/p>\n<p>&nbsp;<\/p>\n","protected":false},"excerpt":{"rendered":"<p>Contiene 1 frasco pulverizador de 500 ml. Eficaz Para Alejar Insectos &nbsp; F\u00f3rmula Aceite de citronella 3.00g.; Excipientes c.s.p. 100.00ml. &nbsp; Indicaciones El PRODUCTO VETERINARIO CANOPUS est\u00e1 especialmente indicado para ayudar a mantener alejados insectos molestos c\u00f3mo moscas, mosquitos, moscas de los establos, jejenes y t\u00e1banos en los Animales. Calastreme &nbsp;<\/p>\n","protected":false},"featured_media":1418,"comment_status":"open","ping_status":"closed","template":"","meta":[],"product_brand":[197],"product_cat":[33,32],"product_tag":[58,107,148,94],"class_list":{"0":"post-1417","1":"product","2":"type-product","3":"status-publish","4":"has-post-thumbnail","6":"product_brand-calastreme","7":"product_cat-equinos","8":"product_cat-farmacia","9":"product_tag-equinos","10":"product_tag-repelente-de-insectos","11":"product_tag-repelente-de-moscas-y-mosquitos","12":"product_tag-spray","13":"sales-flash-overlay","14":"woocommerce-text-align-center","15":"woocommerce-image-align-center","16":"do-quantity-buttons","18":"first","19":"instock","20":"featured","21":"taxable","22":"shipping-taxable","23":"purchasable","24":"product-type-simple"},"jetpack_sharing_enabled":true,"_links":{"self":[{"href":"https:\/\/vetaustral.com.ar\/index.php?rest_route=\/wp\/v2\/product\/1417","targetHints":{"allow":["GET"]}}],"collection":[{"href":"https:\/\/vetaustral.com.ar\/index.php?rest_route=\/wp\/v2\/product"}],"about":[{"href":"https:\/\/vetaustral.com.ar\/index.php?rest_route=\/wp\/v2\/types\/product"}],"replies":[{"embeddable":true,"href":"https:\/\/vetaustral.com.ar\/index.php?rest_route=%2Fwp%2Fv2%2Fcomments&post=1417"}],"wp:featuredmedia":[{"embeddable":true,"href":"https:\/\/vetaustral.com.ar\/index.php?rest_route=\/wp\/v2\/media\/1418"}],"wp:attachment":[{"href":"https:\/\/vetaustral.com.ar\/index.php?rest_route=%2Fwp%2Fv2%2Fmedia&parent=1417"}],"wp:term":[{"taxonomy":"product_brand","embeddable":true,"href":"https:\/\/vetaustral.com.ar\/index.php?rest_route=%2Fwp%2Fv2%2Fproduct_brand&post=1417"},{"taxonomy":"product_cat","embeddable":true,"href":"https:\/\/vetaustral.com.ar\/index.php?rest_route=%2Fwp%2Fv2%2Fproduct_cat&post=1417"},{"taxonomy":"product_tag","embeddable":true,"href":"https:\/\/vetaustral.com.ar\/index.php?rest_route=%2Fwp%2Fv2%2Fproduct_tag&post=1417"}],"curies":[{"name":"wp","href":"https:\/\/api.w.org\/{rel}","templated":true}]}}