{"id":1415,"date":"2025-11-03T15:13:40","date_gmt":"2025-11-03T15:13:40","guid":{"rendered":"https:\/\/vetaustral.com.ar\/?post_type=product&#038;p=1415"},"modified":"2026-01-30T19:42:42","modified_gmt":"2026-01-30T19:42:42","slug":"calendar-x-1-kg-calastreme","status":"publish","type":"product","link":"https:\/\/vetaustral.com.ar\/?product=calendar-x-1-kg-calastreme","title":{"rendered":"Calendar x 1 kg &#8211; Calastreme"},"content":{"rendered":"<p>Contiene 1 pote de 1000 gr.<\/p>\n<ul>\n<li>Complemento Dietario<\/li>\n<li>Vitam\u00ednico y minerales<\/li>\n<\/ul>\n<p>&nbsp;<\/p>\n<h3>F\u00f3rmula<\/h3>\n<p>Cada 100 g. contiene: Azufre Bisublimado 0,17g.; Sulfato Ferroso. H2O 0,119 g.; Sulfato de Manganeso. H2O 0,085 g.; Sulfato de Cuprico 5 H2O 0,68 g.; Ioduro de Sodio 0,085 g.; Sulfato de Cobalto Anhidro 0,085 g.; Oxido de Zinc 0,17 g.; Cloruro de Potasio 0,17 g.; Butil Hidroxi tolueno 0,136 g.; Carbonato de Magnesio 0,85 g.; Cloruro de Sodio 8,5 g.; Az\u00facar 32.00 g.; Esencia de Manzana 2,55 g.; Carbonato de Calcio 11,05 g.; Levadura de Cerveza 21,25 g.; Ceniza de Hueso 22,1 g.<\/p>\n<p>&nbsp;<\/p>\n<h3>Indicaciones<\/h3>\n<p>Indicado como complemento dietario durante la reproducci\u00f3n, la crianza y el entrenamiento del <strong>caballo<\/strong> de carrera, es un suplemento ideal para complementar las dietas deficientes en calcio f\u00f3sforo y otros minerales. En <strong>caballos j\u00f3venes<\/strong> asegura el correcto desarrollo esquel\u00e9tico y muscular. Ayuda a combatir la fatiga originada en entrenamiento. En <strong>yeguas<\/strong> pre\u00f1adas aporta los minerales necesarios para mantener su estructura \u00f3sea y para aportar calcio y f\u00f3sforo al feto en formaci\u00f3n. Despu\u00e9s de la parici\u00f3n evita futuros problemas \u00f3seos y en dientes. En el caso de los <strong>potrillos<\/strong> tonifica el sistema glandulo hormonal manteniendo el vigor.<\/p>\n<p>Calastreme<\/p>\n","protected":false},"excerpt":{"rendered":"<p>Contiene 1 pote de 1000 gr. Complemento Dietario Vitam\u00ednico y minerales &nbsp; F\u00f3rmula Cada 100 g. contiene: Azufre Bisublimado 0,17g.; Sulfato Ferroso. H2O 0,119 g.; Sulfato de Manganeso. H2O 0,085 g.; Sulfato de Cuprico 5 H2O 0,68 g.; Ioduro de Sodio 0,085 g.; Sulfato de Cobalto Anhidro 0,085 g.; Oxido de Zinc 0,17 g.; Cloruro &#8230; <a title=\"Calendar x 1 kg &#8211; Calastreme\" class=\"read-more\" href=\"https:\/\/vetaustral.com.ar\/?product=calendar-x-1-kg-calastreme\" aria-label=\"Leer m\u00e1s sobre Calendar x 1 kg &#8211; Calastreme\">Leer m\u00e1s<\/a><\/p>\n","protected":false},"featured_media":1416,"comment_status":"open","ping_status":"closed","template":"","meta":[],"product_brand":[197],"product_cat":[33,32],"product_tag":[199,201,200],"class_list":{"0":"post-1415","1":"product","2":"type-product","3":"status-publish","4":"has-post-thumbnail","6":"product_brand-calastreme","7":"product_cat-equinos","8":"product_cat-farmacia","9":"product_tag-calcio","10":"product_tag-para-el-crecimiento","11":"product_tag-potrillos","12":"sales-flash-overlay","13":"woocommerce-text-align-center","14":"woocommerce-image-align-center","15":"do-quantity-buttons","17":"first","18":"instock","19":"taxable","20":"shipping-taxable","21":"purchasable","22":"product-type-simple"},"jetpack_sharing_enabled":true,"_links":{"self":[{"href":"https:\/\/vetaustral.com.ar\/index.php?rest_route=\/wp\/v2\/product\/1415","targetHints":{"allow":["GET"]}}],"collection":[{"href":"https:\/\/vetaustral.com.ar\/index.php?rest_route=\/wp\/v2\/product"}],"about":[{"href":"https:\/\/vetaustral.com.ar\/index.php?rest_route=\/wp\/v2\/types\/product"}],"replies":[{"embeddable":true,"href":"https:\/\/vetaustral.com.ar\/index.php?rest_route=%2Fwp%2Fv2%2Fcomments&post=1415"}],"wp:featuredmedia":[{"embeddable":true,"href":"https:\/\/vetaustral.com.ar\/index.php?rest_route=\/wp\/v2\/media\/1416"}],"wp:attachment":[{"href":"https:\/\/vetaustral.com.ar\/index.php?rest_route=%2Fwp%2Fv2%2Fmedia&parent=1415"}],"wp:term":[{"taxonomy":"product_brand","embeddable":true,"href":"https:\/\/vetaustral.com.ar\/index.php?rest_route=%2Fwp%2Fv2%2Fproduct_brand&post=1415"},{"taxonomy":"product_cat","embeddable":true,"href":"https:\/\/vetaustral.com.ar\/index.php?rest_route=%2Fwp%2Fv2%2Fproduct_cat&post=1415"},{"taxonomy":"product_tag","embeddable":true,"href":"https:\/\/vetaustral.com.ar\/index.php?rest_route=%2Fwp%2Fv2%2Fproduct_tag&post=1415"}],"curies":[{"name":"wp","href":"https:\/\/api.w.org\/{rel}","templated":true}]}}