{"id":1414,"date":"2025-11-03T14:40:11","date_gmt":"2025-11-03T14:40:11","guid":{"rendered":"https:\/\/vetaustral.com.ar\/?post_type=product&#038;p=1414"},"modified":"2026-01-30T19:40:54","modified_gmt":"2026-01-30T19:40:54","slug":"bromhexina-x-300-gr-calastreme","status":"publish","type":"product","link":"https:\/\/vetaustral.com.ar\/?product=bromhexina-x-300-gr-calastreme","title":{"rendered":"Bromhexina x 300 gr &#8211; Calastreme"},"content":{"rendered":"<p>Contiene 1 pote de 300 gr.<\/p>\n<ul>\n<li>Medicamento Para El Aparato Respiratorio<\/li>\n<li>Mucol\u00edtico<\/li>\n<li>Broncodilatador<\/li>\n<\/ul>\n<p>&nbsp;<\/p>\n<h3>F\u00f3rmula<\/h3>\n<p>Bromhexina 1 g.; Excipientes c.s.p. 100 g.<\/p>\n<p>&nbsp;<\/p>\n<h3>Indicaciones<\/h3>\n<p><strong>Bovinos<\/strong>: Gripe del ternero. Gripe del transporte. Bronquitis agudas y cr\u00f3nicas. Bronconeumon\u00edas agudas. Neumon\u00edas. En neonatos con dificultad respiratoria despu\u00e9s de la aspiraci\u00f3n de l\u00edquidos fetales.\u00a0<strong>Equinos<\/strong>: Bronquitis aguda y cr\u00f3nica. Primer estadio del enfisema pulmonar alveolar.\u00a0<strong>Caninos<\/strong>\u00a0y\u00a0<strong>felinos<\/strong>: Bronconeumon\u00eda aguda y cr\u00f3nica.<\/p>\n<p>Calastreme<\/p>\n","protected":false},"excerpt":{"rendered":"<p>Contiene 1 pote de 300 gr. Medicamento Para El Aparato Respiratorio Mucol\u00edtico Broncodilatador &nbsp; F\u00f3rmula Bromhexina 1 g.; Excipientes c.s.p. 100 g. &nbsp; Indicaciones Bovinos: Gripe del ternero. Gripe del transporte. Bronquitis agudas y cr\u00f3nicas. Bronconeumon\u00edas agudas. Neumon\u00edas. En neonatos con dificultad respiratoria despu\u00e9s de la aspiraci\u00f3n de l\u00edquidos fetales.\u00a0Equinos: Bronquitis aguda y cr\u00f3nica. Primer &#8230; <a title=\"Bromhexina x 300 gr &#8211; Calastreme\" class=\"read-more\" href=\"https:\/\/vetaustral.com.ar\/?product=bromhexina-x-300-gr-calastreme\" aria-label=\"Leer m\u00e1s sobre Bromhexina x 300 gr &#8211; Calastreme\">Leer m\u00e1s<\/a><\/p>\n","protected":false},"featured_media":1413,"comment_status":"open","ping_status":"closed","template":"","meta":[],"product_brand":[197],"product_cat":[33,32],"product_tag":[131,58,61],"class_list":{"0":"post-1414","1":"product","2":"type-product","3":"status-publish","4":"has-post-thumbnail","6":"product_brand-calastreme","7":"product_cat-equinos","8":"product_cat-farmacia","9":"product_tag-broncodilatador","10":"product_tag-equinos","11":"product_tag-equinos-deportivos","12":"sales-flash-overlay","13":"woocommerce-text-align-center","14":"woocommerce-image-align-center","15":"do-quantity-buttons","17":"first","18":"instock","19":"taxable","20":"shipping-taxable","21":"purchasable","22":"product-type-simple"},"jetpack_sharing_enabled":true,"_links":{"self":[{"href":"https:\/\/vetaustral.com.ar\/index.php?rest_route=\/wp\/v2\/product\/1414","targetHints":{"allow":["GET"]}}],"collection":[{"href":"https:\/\/vetaustral.com.ar\/index.php?rest_route=\/wp\/v2\/product"}],"about":[{"href":"https:\/\/vetaustral.com.ar\/index.php?rest_route=\/wp\/v2\/types\/product"}],"replies":[{"embeddable":true,"href":"https:\/\/vetaustral.com.ar\/index.php?rest_route=%2Fwp%2Fv2%2Fcomments&post=1414"}],"wp:featuredmedia":[{"embeddable":true,"href":"https:\/\/vetaustral.com.ar\/index.php?rest_route=\/wp\/v2\/media\/1413"}],"wp:attachment":[{"href":"https:\/\/vetaustral.com.ar\/index.php?rest_route=%2Fwp%2Fv2%2Fmedia&parent=1414"}],"wp:term":[{"taxonomy":"product_brand","embeddable":true,"href":"https:\/\/vetaustral.com.ar\/index.php?rest_route=%2Fwp%2Fv2%2Fproduct_brand&post=1414"},{"taxonomy":"product_cat","embeddable":true,"href":"https:\/\/vetaustral.com.ar\/index.php?rest_route=%2Fwp%2Fv2%2Fproduct_cat&post=1414"},{"taxonomy":"product_tag","embeddable":true,"href":"https:\/\/vetaustral.com.ar\/index.php?rest_route=%2Fwp%2Fv2%2Fproduct_tag&post=1414"}],"curies":[{"name":"wp","href":"https:\/\/api.w.org\/{rel}","templated":true}]}}