{"id":1410,"date":"2025-11-03T14:21:01","date_gmt":"2025-11-03T14:21:01","guid":{"rendered":"https:\/\/vetaustral.com.ar\/?post_type=product&#038;p=1410"},"modified":"2026-01-30T19:38:49","modified_gmt":"2026-01-30T19:38:49","slug":"barro-equino-hampton-x-1-kg-calastreme","status":"publish","type":"product","link":"https:\/\/vetaustral.com.ar\/?product=barro-equino-hampton-x-1-kg-calastreme","title":{"rendered":"Barro equino hampton x 1 kg &#8211; Calastreme"},"content":{"rendered":"<p>Contiene 1 pote de 1000 gr.<\/p>\n<ul>\n<li>Tratamiento De La Inflamaci\u00f3n<\/li>\n<li>Revulsivo Y Rubefaciente<\/li>\n<\/ul>\n<p>&nbsp;<\/p>\n<h3>F\u00f3rmula<\/h3>\n<p>Caol\u00edn 47. 8g; Bentonita 7,5 g.; Glicerina 6.5 g.; \u00c1cido b\u00f3rico 2,2 g.; Aloe vera 2,3 g.; Esencia de menta 0, 7g.; Excip. c.s.p.100 g.<\/p>\n<p>&nbsp;<\/p>\n<h3>Indicaciones<\/h3>\n<p>Contusiones, edemas, hinchazones, vejigas, sobreca\u00f1as, sobrehuesos, inflamaciones de tendones, ligamentos y bolsas sinoviales, tendinitis, oste\u00edtis recientes provocadas por traumatismos o esfuerzos, sinovitis y esguinces articulares.<\/p>\n<p>Calastreme<\/p>\n<p>&nbsp;<\/p>\n","protected":false},"excerpt":{"rendered":"<p>Contiene 1 pote de 1000 gr. Tratamiento De La Inflamaci\u00f3n Revulsivo Y Rubefaciente &nbsp; F\u00f3rmula Caol\u00edn 47. 8g; Bentonita 7,5 g.; Glicerina 6.5 g.; \u00c1cido b\u00f3rico 2,2 g.; Aloe vera 2,3 g.; Esencia de menta 0, 7g.; Excip. c.s.p.100 g. &nbsp; Indicaciones Contusiones, edemas, hinchazones, vejigas, sobreca\u00f1as, sobrehuesos, inflamaciones de tendones, ligamentos y bolsas sinoviales, &#8230; <a title=\"Barro equino hampton x 1 kg &#8211; Calastreme\" class=\"read-more\" href=\"https:\/\/vetaustral.com.ar\/?product=barro-equino-hampton-x-1-kg-calastreme\" aria-label=\"Leer m\u00e1s sobre Barro equino hampton x 1 kg &#8211; Calastreme\">Leer m\u00e1s<\/a><\/p>\n","protected":false},"featured_media":1411,"comment_status":"open","ping_status":"closed","template":"","meta":[],"product_brand":[197],"product_cat":[33,32],"product_tag":[44,198,61],"class_list":{"0":"post-1410","1":"product","2":"type-product","3":"status-publish","4":"has-post-thumbnail","6":"product_brand-calastreme","7":"product_cat-equinos","8":"product_cat-farmacia","9":"product_tag-antiinflamatorio","10":"product_tag-barro-equino","11":"product_tag-equinos-deportivos","12":"sales-flash-overlay","13":"woocommerce-text-align-center","14":"woocommerce-image-align-center","15":"do-quantity-buttons","17":"first","18":"instock","19":"taxable","20":"shipping-taxable","21":"purchasable","22":"product-type-simple"},"jetpack_sharing_enabled":true,"_links":{"self":[{"href":"https:\/\/vetaustral.com.ar\/index.php?rest_route=\/wp\/v2\/product\/1410","targetHints":{"allow":["GET"]}}],"collection":[{"href":"https:\/\/vetaustral.com.ar\/index.php?rest_route=\/wp\/v2\/product"}],"about":[{"href":"https:\/\/vetaustral.com.ar\/index.php?rest_route=\/wp\/v2\/types\/product"}],"replies":[{"embeddable":true,"href":"https:\/\/vetaustral.com.ar\/index.php?rest_route=%2Fwp%2Fv2%2Fcomments&post=1410"}],"wp:featuredmedia":[{"embeddable":true,"href":"https:\/\/vetaustral.com.ar\/index.php?rest_route=\/wp\/v2\/media\/1411"}],"wp:attachment":[{"href":"https:\/\/vetaustral.com.ar\/index.php?rest_route=%2Fwp%2Fv2%2Fmedia&parent=1410"}],"wp:term":[{"taxonomy":"product_brand","embeddable":true,"href":"https:\/\/vetaustral.com.ar\/index.php?rest_route=%2Fwp%2Fv2%2Fproduct_brand&post=1410"},{"taxonomy":"product_cat","embeddable":true,"href":"https:\/\/vetaustral.com.ar\/index.php?rest_route=%2Fwp%2Fv2%2Fproduct_cat&post=1410"},{"taxonomy":"product_tag","embeddable":true,"href":"https:\/\/vetaustral.com.ar\/index.php?rest_route=%2Fwp%2Fv2%2Fproduct_tag&post=1410"}],"curies":[{"name":"wp","href":"https:\/\/api.w.org\/{rel}","templated":true}]}}