{"id":1408,"date":"2025-11-03T14:11:49","date_gmt":"2025-11-03T14:11:49","guid":{"rendered":"https:\/\/vetaustral.com.ar\/?post_type=product&#038;p=1408"},"modified":"2026-01-30T15:27:22","modified_gmt":"2026-01-30T15:27:22","slug":"modificador-plus-hembras-x-50-ml-burnet","status":"publish","type":"product","link":"https:\/\/vetaustral.com.ar\/?product=modificador-plus-hembras-x-50-ml-burnet","title":{"rendered":"Modificador plus hembras x 50 ml &#8211; Burnet"},"content":{"rendered":"<p>Contiene 1 frasco ampolla de 50 ml.<\/p>\n<ul>\n<li>Hormonal<\/li>\n<\/ul>\n<p><strong>Composici\u00f3n:<\/strong><\/p>\n<p>Progesterona micronizada 5 g., veh\u00edculo c.s.p. 100 mL.<\/p>\n<p><strong>Acci\u00f3n:<\/strong><\/p>\n<p>Tanto los estr\u00f3genos como los gest\u00e1genos producen efectos perif\u00e9ricos y centrales. Los perif\u00e9ricos act\u00faan sobre los caracteres sexuales secundarios (mamas, vagina y \u00fatero) y los centrales modulando la descarga de los factores de liberaci\u00f3n, resultando de ese equilibrio din\u00e1mico hormonal (homeostasis) el ciclo ov\u00e1rico normal. Por lo tanto, toda incorporaci\u00f3n ex\u00f3gena de gest\u00e1genos, provocar\u00e1 acciones centrales y perif\u00e9ricas, dependiendo de la magnitud de su dosis, su efecto como supresor del celo. Sin embargo, la aplicaci\u00f3n de progesterona no impedir\u00e1 la presencia de celos en algunos animales que en el momento de la inoculaci\u00f3n se encuentren en la fase de proestro del ciclo ov\u00e1rico, desapareciendo dichas manifestaciones en los ciclos sucesivos al t\u00e9rmino del efecto del gest\u00e1geno. La progesterona posee un efecto positivo sobre la s\u00edntesis y dep\u00f3sito de LH bajo la acci\u00f3n de los factores liberadores hipotal\u00e1micos, pero detiene la acci\u00f3n de la GnRH sobre el pool de descarga, potencializando el efecto del estradiol. Con esto se interrumpe el ciclo sexual normal. La progesterona suprime los efectos perif\u00e9ricos de los estr\u00f3genos, favoreciendo as\u00ed la anidaci\u00f3n del embri\u00f3n temprano y tard\u00edo y evitando el aborto de or\u00edgen embrional. Promueve la s\u00edntesis de prote\u00ednas y factores de desarrollo para el crecimiento normal del embri\u00f3n. La presencia de progesterona favorece la retenci\u00f3n del sodio, cuya eliminaci\u00f3n provoca la p\u00e9rdida de peso y la ansiedad propias del celo.<\/p>\n<p>&nbsp;<\/p>\n<p><strong>Indicaciones:<\/strong><\/p>\n<p>Como supresor del celo o en reemplazo de la castraci\u00f3n quir\u00fargica. Cuando por razones de manejo no se pueda separar machos de hembras y convenga suprimir el celo de \u00e9stas, o para evitar servicios indeseados. Coadyuvante del cuerpo l\u00fateo funcional. Muerte embrionaria por d\u00e9ficit luteal. Para evitar el aborto en vacas pre\u00f1adas que manifiestan celo. Para evitar el desbaste del celo. Transferencia embrionaria. Quiste ov\u00e1rico.<\/p>\n<p>Burnet<\/p>\n","protected":false},"excerpt":{"rendered":"<p>Contiene 1 frasco ampolla de 50 ml. Hormonal Composici\u00f3n: Progesterona micronizada 5 g., veh\u00edculo c.s.p. 100 mL. Acci\u00f3n: Tanto los estr\u00f3genos como los gest\u00e1genos producen efectos perif\u00e9ricos y centrales. Los perif\u00e9ricos act\u00faan sobre los caracteres sexuales secundarios (mamas, vagina y \u00fatero) y los centrales modulando la descarga de los factores de liberaci\u00f3n, resultando de ese &#8230; <a title=\"Modificador plus hembras x 50 ml &#8211; Burnet\" class=\"read-more\" href=\"https:\/\/vetaustral.com.ar\/?product=modificador-plus-hembras-x-50-ml-burnet\" aria-label=\"Leer m\u00e1s sobre Modificador plus hembras x 50 ml &#8211; Burnet\">Leer m\u00e1s<\/a><\/p>\n","protected":false},"featured_media":1409,"comment_status":"open","ping_status":"closed","template":"","meta":[],"product_brand":[191],"product_cat":[33,32],"product_tag":[196,159,195],"class_list":{"0":"post-1408","1":"product","2":"type-product","3":"status-publish","4":"has-post-thumbnail","6":"product_brand-burnet","7":"product_cat-equinos","8":"product_cat-farmacia","9":"product_tag-quiste-ovarico","10":"product_tag-supresor-de-celo","11":"product_tag-yeguas","12":"sales-flash-overlay","13":"woocommerce-text-align-center","14":"woocommerce-image-align-center","15":"do-quantity-buttons","17":"first","18":"instock","19":"taxable","20":"shipping-taxable","21":"purchasable","22":"product-type-simple"},"jetpack_sharing_enabled":true,"_links":{"self":[{"href":"https:\/\/vetaustral.com.ar\/index.php?rest_route=\/wp\/v2\/product\/1408","targetHints":{"allow":["GET"]}}],"collection":[{"href":"https:\/\/vetaustral.com.ar\/index.php?rest_route=\/wp\/v2\/product"}],"about":[{"href":"https:\/\/vetaustral.com.ar\/index.php?rest_route=\/wp\/v2\/types\/product"}],"replies":[{"embeddable":true,"href":"https:\/\/vetaustral.com.ar\/index.php?rest_route=%2Fwp%2Fv2%2Fcomments&post=1408"}],"wp:featuredmedia":[{"embeddable":true,"href":"https:\/\/vetaustral.com.ar\/index.php?rest_route=\/wp\/v2\/media\/1409"}],"wp:attachment":[{"href":"https:\/\/vetaustral.com.ar\/index.php?rest_route=%2Fwp%2Fv2%2Fmedia&parent=1408"}],"wp:term":[{"taxonomy":"product_brand","embeddable":true,"href":"https:\/\/vetaustral.com.ar\/index.php?rest_route=%2Fwp%2Fv2%2Fproduct_brand&post=1408"},{"taxonomy":"product_cat","embeddable":true,"href":"https:\/\/vetaustral.com.ar\/index.php?rest_route=%2Fwp%2Fv2%2Fproduct_cat&post=1408"},{"taxonomy":"product_tag","embeddable":true,"href":"https:\/\/vetaustral.com.ar\/index.php?rest_route=%2Fwp%2Fv2%2Fproduct_tag&post=1408"}],"curies":[{"name":"wp","href":"https:\/\/api.w.org\/{rel}","templated":true}]}}