{"id":1406,"date":"2025-11-03T13:45:59","date_gmt":"2025-11-03T13:45:59","guid":{"rendered":"https:\/\/vetaustral.com.ar\/?post_type=product&#038;p=1406"},"modified":"2026-01-30T15:26:47","modified_gmt":"2026-01-30T15:26:47","slug":"ivermectina-equina-12-burnet","status":"publish","type":"product","link":"https:\/\/vetaustral.com.ar\/?product=ivermectina-equina-12-burnet","title":{"rendered":"Ivermectina equina 1,2% &#8211; Burnet"},"content":{"rendered":"<p>Contiene 1 jeringa dosificadora de 34 gr.<\/p>\n<ul>\n<li>Antiparasitario interno<\/li>\n<li>Endectocida para equinos<\/li>\n<\/ul>\n<p><strong>Composici\u00f3n:<\/strong><\/p>\n<p>Ivermectina 1,2 g., excipientes c.s.p. 100 g.<\/p>\n<p><strong>Acci\u00f3n:<\/strong><\/p>\n<p>La actividad de la lvermectina es el resultado de una liberaci\u00f3n mayor del neurotransmisor \u00e1cido gama-aminobut\u00edrico (GABA) y conjugaci\u00f3n realzada del GABA con sus receptores postsin\u00e1pticos, lo que conduce a la consiguiente abertura de los canales de i\u00f3n cloruro y reducci\u00f3n de la funci\u00f3n celular. Tambi\u00e9n hay evidencia de que la lvermectina afecta los canales de cloruro independientemente de GABA. El resultado del modo de acci\u00f3n es par\u00e1lisis y finalmente la muerte del par\u00e1sito.<\/p>\n<p><strong>Indicaciones de uso:<\/strong><\/p>\n<p>Tratamiento y control de endo y ectopar\u00e1sitos en equinos: <em>Strongylus vulgaris, Oxyuris equi, Parascaris equorum, Trichostrongylus axei, Habronema, Gasterophilus, Dictyocaulus arnfieldi<\/em>. Los ectopar\u00e1sitos sensibles incluyen a mosquitos y tab\u00e1nidos.<\/p>\n<p>Burnet<\/p>\n","protected":false},"excerpt":{"rendered":"<p>Contiene 1 jeringa dosificadora de 34 gr. Antiparasitario interno Endectocida para equinos Composici\u00f3n: Ivermectina 1,2 g., excipientes c.s.p. 100 g. Acci\u00f3n: La actividad de la lvermectina es el resultado de una liberaci\u00f3n mayor del neurotransmisor \u00e1cido gama-aminobut\u00edrico (GABA) y conjugaci\u00f3n realzada del GABA con sus receptores postsin\u00e1pticos, lo que conduce a la consiguiente abertura de &#8230; <a title=\"Ivermectina equina 1,2% &#8211; Burnet\" class=\"read-more\" href=\"https:\/\/vetaustral.com.ar\/?product=ivermectina-equina-12-burnet\" aria-label=\"Leer m\u00e1s sobre Ivermectina equina 1,2% &#8211; Burnet\">Leer m\u00e1s<\/a><\/p>\n","protected":false},"featured_media":1407,"comment_status":"open","ping_status":"closed","template":"","meta":[],"product_brand":[191],"product_cat":[33,32],"product_tag":[71,58,112],"class_list":{"0":"post-1406","1":"product","2":"type-product","3":"status-publish","4":"has-post-thumbnail","6":"product_brand-burnet","7":"product_cat-equinos","8":"product_cat-farmacia","9":"product_tag-antiparasitario-interno","10":"product_tag-equinos","11":"product_tag-toma","12":"sales-flash-overlay","13":"woocommerce-text-align-center","14":"woocommerce-image-align-center","15":"do-quantity-buttons","17":"first","18":"instock","19":"taxable","20":"shipping-taxable","21":"purchasable","22":"product-type-simple"},"jetpack_sharing_enabled":true,"_links":{"self":[{"href":"https:\/\/vetaustral.com.ar\/index.php?rest_route=\/wp\/v2\/product\/1406","targetHints":{"allow":["GET"]}}],"collection":[{"href":"https:\/\/vetaustral.com.ar\/index.php?rest_route=\/wp\/v2\/product"}],"about":[{"href":"https:\/\/vetaustral.com.ar\/index.php?rest_route=\/wp\/v2\/types\/product"}],"replies":[{"embeddable":true,"href":"https:\/\/vetaustral.com.ar\/index.php?rest_route=%2Fwp%2Fv2%2Fcomments&post=1406"}],"wp:featuredmedia":[{"embeddable":true,"href":"https:\/\/vetaustral.com.ar\/index.php?rest_route=\/wp\/v2\/media\/1407"}],"wp:attachment":[{"href":"https:\/\/vetaustral.com.ar\/index.php?rest_route=%2Fwp%2Fv2%2Fmedia&parent=1406"}],"wp:term":[{"taxonomy":"product_brand","embeddable":true,"href":"https:\/\/vetaustral.com.ar\/index.php?rest_route=%2Fwp%2Fv2%2Fproduct_brand&post=1406"},{"taxonomy":"product_cat","embeddable":true,"href":"https:\/\/vetaustral.com.ar\/index.php?rest_route=%2Fwp%2Fv2%2Fproduct_cat&post=1406"},{"taxonomy":"product_tag","embeddable":true,"href":"https:\/\/vetaustral.com.ar\/index.php?rest_route=%2Fwp%2Fv2%2Fproduct_tag&post=1406"}],"curies":[{"name":"wp","href":"https:\/\/api.w.org\/{rel}","templated":true}]}}