{"id":1401,"date":"2025-11-01T15:11:49","date_gmt":"2025-11-01T15:11:49","guid":{"rendered":"https:\/\/vetaustral.com.ar\/?post_type=product&#038;p=1401"},"modified":"2026-01-30T15:24:30","modified_gmt":"2026-01-30T15:24:30","slug":"gentapen-50-x-1-ds-burnet","status":"publish","type":"product","link":"https:\/\/vetaustral.com.ar\/?product=gentapen-50-x-1-ds-burnet","title":{"rendered":"Gentapen 50 x 1 ds &#8211; Burnet"},"content":{"rendered":"<p>Contiene 1 frasco polvo y 1 frasco de 15 ml de diluyente.<\/p>\n<ul>\n<li>Antibio\u0301tico.<\/li>\n<li>Antiinflamatorio.<\/li>\n<li>Vitami\u0301nico.<\/li>\n<\/ul>\n<p><strong>F\u00f3rmula:<br \/>\n<\/strong><strong>Cada frasco de polvo contiene:<\/strong>\u00a0Gentamicina 400 mg, Penicilina G s\u00f3dica 2.000.000 U.I., Penicilina G proca\u00ednica 1.000.000 U.I., Penicilina G benzat\u00ednica 2.000.000 U.I., Dexametasona 8 mg.<br \/>\n<strong>Cada frasco de diluyente contiene:<\/strong>\u00a0Vitamina B1 40 mg, Vitamina B2 10 mg, Vitamina B6 10 mg, Vitamina C 2000 mg, excipientes c.s.p. 15 ml.<\/p>\n<p><b>Acci\u00f3n:<\/b><\/p>\n<p>La combinaci\u00f3n de gentamicina con penicilina posee una notable actividad bactericida y bacteriost\u00e1tica, permitiendo una potente acci\u00f3n en el tratamiento y control de la mayor\u00eda de las enfermedades infectocontagiosas agudas o cr\u00f3nicas. El diluyente que acompa\u00f1a al producto, ha sido dise\u00f1ado para producir un potente efecto antiestr\u00e9s, secundando la acci\u00f3n antiinflamatoria de la dexametasona y coadyuvando en el control de las manifestaciones colaterales.<\/p>\n<p><strong>Indicaciones de uso:<\/strong><\/p>\n<p>Infecciones bronco pulmonares, del tracto genito-urinario y gastrointestinales.<br \/>\nPara el tratamiento y prevenci\u00f3n de metritis agudas y cr\u00f3nicas, pi\u00f3metra, infecciones post aborto. Colibacilosis, estafilococias locales o generalizadas. Poliartritis, cistitis, pielonefritis y toda infecci\u00f3n por g\u00e9rmenes sensibles y resistentes a otros antibi\u00f3ticos.<\/p>\n<p>Burnet<\/p>\n","protected":false},"excerpt":{"rendered":"<p>Contiene 1 frasco polvo y 1 frasco de 15 ml de diluyente. Antibio\u0301tico. Antiinflamatorio. Vitami\u0301nico. F\u00f3rmula: Cada frasco de polvo contiene:\u00a0Gentamicina 400 mg, Penicilina G s\u00f3dica 2.000.000 U.I., Penicilina G proca\u00ednica 1.000.000 U.I., Penicilina G benzat\u00ednica 2.000.000 U.I., Dexametasona 8 mg. Cada frasco de diluyente contiene:\u00a0Vitamina B1 40 mg, Vitamina B2 10 mg, Vitamina B6 &#8230; <a title=\"Gentapen 50 x 1 ds &#8211; Burnet\" class=\"read-more\" href=\"https:\/\/vetaustral.com.ar\/?product=gentapen-50-x-1-ds-burnet\" aria-label=\"Leer m\u00e1s sobre Gentapen 50 x 1 ds &#8211; Burnet\">Leer m\u00e1s<\/a><\/p>\n","protected":false},"featured_media":1402,"comment_status":"open","ping_status":"closed","template":"","meta":[],"product_brand":[191],"product_cat":[36,33,32],"product_tag":[53,44,54],"class_list":{"0":"post-1401","1":"product","2":"type-product","3":"status-publish","4":"has-post-thumbnail","6":"product_brand-burnet","7":"product_cat-animales-de-compania","8":"product_cat-equinos","9":"product_cat-farmacia","10":"product_tag-antibiotico","11":"product_tag-antiinflamatorio","12":"product_tag-penicilina","13":"sales-flash-overlay","14":"woocommerce-text-align-center","15":"woocommerce-image-align-center","16":"do-quantity-buttons","18":"first","19":"instock","20":"taxable","21":"shipping-taxable","22":"purchasable","23":"product-type-simple"},"jetpack_sharing_enabled":true,"_links":{"self":[{"href":"https:\/\/vetaustral.com.ar\/index.php?rest_route=\/wp\/v2\/product\/1401","targetHints":{"allow":["GET"]}}],"collection":[{"href":"https:\/\/vetaustral.com.ar\/index.php?rest_route=\/wp\/v2\/product"}],"about":[{"href":"https:\/\/vetaustral.com.ar\/index.php?rest_route=\/wp\/v2\/types\/product"}],"replies":[{"embeddable":true,"href":"https:\/\/vetaustral.com.ar\/index.php?rest_route=%2Fwp%2Fv2%2Fcomments&post=1401"}],"wp:featuredmedia":[{"embeddable":true,"href":"https:\/\/vetaustral.com.ar\/index.php?rest_route=\/wp\/v2\/media\/1402"}],"wp:attachment":[{"href":"https:\/\/vetaustral.com.ar\/index.php?rest_route=%2Fwp%2Fv2%2Fmedia&parent=1401"}],"wp:term":[{"taxonomy":"product_brand","embeddable":true,"href":"https:\/\/vetaustral.com.ar\/index.php?rest_route=%2Fwp%2Fv2%2Fproduct_brand&post=1401"},{"taxonomy":"product_cat","embeddable":true,"href":"https:\/\/vetaustral.com.ar\/index.php?rest_route=%2Fwp%2Fv2%2Fproduct_cat&post=1401"},{"taxonomy":"product_tag","embeddable":true,"href":"https:\/\/vetaustral.com.ar\/index.php?rest_route=%2Fwp%2Fv2%2Fproduct_tag&post=1401"}],"curies":[{"name":"wp","href":"https:\/\/api.w.org\/{rel}","templated":true}]}}