{"id":1399,"date":"2025-11-01T14:36:52","date_gmt":"2025-11-01T14:36:52","guid":{"rendered":"https:\/\/vetaustral.com.ar\/?post_type=product&#038;p=1399"},"modified":"2026-01-30T15:23:36","modified_gmt":"2026-01-30T15:23:36","slug":"genta-p-spray-x-200-ml-burnet","status":"publish","type":"product","link":"https:\/\/vetaustral.com.ar\/?product=genta-p-spray-x-200-ml-burnet","title":{"rendered":"Genta-p spray x 200 ml &#8211; Burnet"},"content":{"rendered":"<p>Contiene 1 frasco de 200 ml.<\/p>\n<ul>\n<li>Gentamicina, Polimixina B.<\/li>\n<li>Antibi\u00f3tico.<\/li>\n<li>Uso oft\u00e1lmico en spray.<\/li>\n<\/ul>\n<p><strong>F\u00f3rmula:<\/strong><\/p>\n<p>Gentamicina sulfato 500 mg, Polimixina B sulfato 160.000 U.I., Violeta de genciana 50 mg, Proximetaca\u00edna 500 mg, Difenhidramina 5 mg, Cloruro de benzalconio 200 mg, veh\u00edculo de contacto prolongado c.s.p. 100 ml.<\/p>\n<p><strong>Acci\u00f3n:<\/strong><\/p>\n<p>La gentamicina es el antibi\u00f3tico de mayor espectro entre los aminogluc\u00f3sidos. La polimixina B es muy efectiva en las infecciones oculares y constituye un excelente complemento de la gentamicina, especialmente contra Pseudomonas aeruginosa, Escherichia coli, Klebsiella, Pasteurella, Salmonella y la mayor\u00eda de los Proteus. El cloruro de benzalconio facilita la penetraci\u00f3n de los antibi\u00f3ticos al alterar la permeabilidad de la pared celular bacteriana. Act\u00faa como bacteriost\u00e1tico y tiene gran actividad antif\u00fangica. La difenhidramina es un antihistam\u00ednico destinado a mitigar la hipersensibilidad generada por la histamina. El violeta de genciana es un antis\u00e9ptico superficial que act\u00faa selectivamente contra las bacterias Gram positivas, especialmente Staphylococcus. Proximetaca\u00edna es un anest\u00e9sico de superficie indicado para uso oft\u00e1lmico.<strong>\u00a0Genta-P<\/strong>\u00a0no contiene corticoides porque disminuyen las defensas naturales del ojo lesionado y favorecen la perforaci\u00f3n profunda de la c\u00f3rnea.<strong>\u00a0Genta-P<\/strong>\u00a0en presentaci\u00f3n spray no contiene propelentes como los aerosoles, por lo que no irrita al ojo sano ni al enfermo y evita el lavado del ojo, permitiendo que los principios activos act\u00faen con actividad residual. Por \u00faltimo, la moderna bomba dosificadora provista con el producto asegura una dosificaci\u00f3n exacta de un\u00a0<span data-sheets-value=\"{\" data-sheets-userformat=\"{\">1 cm<\/span>\u00b3 en 3 \u2013 4 pulsaciones. Esto permite un mayor rendimiento por envase y un considerable ahorro en los tratamientos.<\/p>\n<p><strong>Indicaciones de uso:<br \/>\n<\/strong>Patolog\u00edas del ojo en general:\u00a0queratoconjuntivitis, queratitis, conjuntivitis, blefaritis.<br \/>\nPrevenci\u00f3n y curaci\u00f3n de lesiones de la piel:\u00a0grietas y escoriaciones, heridas frescas, castraciones, incisiones quir\u00fargicas.<br \/>\nAfecciones podales:\u00a0piet\u00edn, heridas traum\u00e1ticas.<\/p>\n<p>Burnet<\/p>\n","protected":false},"excerpt":{"rendered":"<p>Contiene 1 frasco de 200 ml. Gentamicina, Polimixina B. Antibi\u00f3tico. Uso oft\u00e1lmico en spray. F\u00f3rmula: Gentamicina sulfato 500 mg, Polimixina B sulfato 160.000 U.I., Violeta de genciana 50 mg, Proximetaca\u00edna 500 mg, Difenhidramina 5 mg, Cloruro de benzalconio 200 mg, veh\u00edculo de contacto prolongado c.s.p. 100 ml. Acci\u00f3n: La gentamicina es el antibi\u00f3tico de mayor &#8230; <a title=\"Genta-p spray x 200 ml &#8211; Burnet\" class=\"read-more\" href=\"https:\/\/vetaustral.com.ar\/?product=genta-p-spray-x-200-ml-burnet\" aria-label=\"Leer m\u00e1s sobre Genta-p spray x 200 ml &#8211; Burnet\">Leer m\u00e1s<\/a><\/p>\n","protected":false},"featured_media":1400,"comment_status":"open","ping_status":"closed","template":"","meta":[],"product_brand":[191],"product_cat":[36,33,32,52],"product_tag":[75,53,194],"class_list":{"0":"post-1399","1":"product","2":"type-product","3":"status-publish","4":"has-post-thumbnail","6":"product_brand-burnet","7":"product_cat-animales-de-compania","8":"product_cat-equinos","9":"product_cat-farmacia","10":"product_cat-grandes-animales","11":"product_tag-antialergico","12":"product_tag-antibiotico","13":"product_tag-oftalmico","14":"sales-flash-overlay","15":"woocommerce-text-align-center","16":"woocommerce-image-align-center","17":"do-quantity-buttons","19":"first","20":"instock","21":"taxable","22":"shipping-taxable","23":"purchasable","24":"product-type-simple"},"jetpack_sharing_enabled":true,"_links":{"self":[{"href":"https:\/\/vetaustral.com.ar\/index.php?rest_route=\/wp\/v2\/product\/1399","targetHints":{"allow":["GET"]}}],"collection":[{"href":"https:\/\/vetaustral.com.ar\/index.php?rest_route=\/wp\/v2\/product"}],"about":[{"href":"https:\/\/vetaustral.com.ar\/index.php?rest_route=\/wp\/v2\/types\/product"}],"replies":[{"embeddable":true,"href":"https:\/\/vetaustral.com.ar\/index.php?rest_route=%2Fwp%2Fv2%2Fcomments&post=1399"}],"wp:featuredmedia":[{"embeddable":true,"href":"https:\/\/vetaustral.com.ar\/index.php?rest_route=\/wp\/v2\/media\/1400"}],"wp:attachment":[{"href":"https:\/\/vetaustral.com.ar\/index.php?rest_route=%2Fwp%2Fv2%2Fmedia&parent=1399"}],"wp:term":[{"taxonomy":"product_brand","embeddable":true,"href":"https:\/\/vetaustral.com.ar\/index.php?rest_route=%2Fwp%2Fv2%2Fproduct_brand&post=1399"},{"taxonomy":"product_cat","embeddable":true,"href":"https:\/\/vetaustral.com.ar\/index.php?rest_route=%2Fwp%2Fv2%2Fproduct_cat&post=1399"},{"taxonomy":"product_tag","embeddable":true,"href":"https:\/\/vetaustral.com.ar\/index.php?rest_route=%2Fwp%2Fv2%2Fproduct_tag&post=1399"}],"curies":[{"name":"wp","href":"https:\/\/api.w.org\/{rel}","templated":true}]}}