{"id":1397,"date":"2025-11-01T14:17:33","date_gmt":"2025-11-01T14:17:33","guid":{"rendered":"https:\/\/vetaustral.com.ar\/?post_type=product&#038;p=1397"},"modified":"2026-01-30T15:10:35","modified_gmt":"2026-01-30T15:10:35","slug":"gelazul-x-250-gr-burnet","status":"publish","type":"product","link":"https:\/\/vetaustral.com.ar\/?product=gelazul-x-250-gr-burnet","title":{"rendered":"Gelazul x 250 gr \u2013 Burnet"},"content":{"rendered":"<p>Contiene 1 pote de 250 gr.<\/p>\n<ul>\n<li>Antiinflamatorio esteroide, analg\u00e9sico y anest\u00e9sico para equinos.<\/li>\n<li>Gel para masajes.<\/li>\n<\/ul>\n<p><strong>F\u00f3rmula:<\/strong><\/p>\n<p>Dexametasona 10 mg, DMSO 5 g, Lidoca\u00edna HCl 2 g, Salicilato de metilo 5 g, Alcanfor 1,5 g, excipientes c.s.p. 100 g.<\/p>\n<p><strong>Acci\u00f3n:<\/strong><\/p>\n<p>Hidrogel analg\u00e9sico, anest\u00e9sico y antiflog\u00edstico de r\u00e1pida penetraci\u00f3n, acelera la resorci\u00f3n de edemas y hematomas. Profilaxis de las debilidades tendinosas. Posee acci\u00f3n inmediata y duradera eliminando el dolor local. Su f\u00e1cil absorci\u00f3n cut\u00e1nea, le permite llevar su poder antiinflamatorio hasta el mismo foco del problema.<\/p>\n<p><strong>Indicaciones de uso:<\/strong><\/p>\n<p>Hematomas, tendinitis, distorsiones, contusiones, sinovitis, artritis, reumatismo muscular y articular de los equinos.<\/p>\n<p>Burnet<\/p>\n","protected":false},"excerpt":{"rendered":"<p>Contiene 1 pote de 250 gr. Antiinflamatorio esteroide, analg\u00e9sico y anest\u00e9sico para equinos. Gel para masajes. F\u00f3rmula: Dexametasona 10 mg, DMSO 5 g, Lidoca\u00edna HCl 2 g, Salicilato de metilo 5 g, Alcanfor 1,5 g, excipientes c.s.p. 100 g. Acci\u00f3n: Hidrogel analg\u00e9sico, anest\u00e9sico y antiflog\u00edstico de r\u00e1pida penetraci\u00f3n, acelera la resorci\u00f3n de edemas y hematomas. &#8230; <a title=\"Gelazul x 250 gr \u2013 Burnet\" class=\"read-more\" href=\"https:\/\/vetaustral.com.ar\/?product=gelazul-x-250-gr-burnet\" aria-label=\"Leer m\u00e1s sobre Gelazul x 250 gr \u2013 Burnet\">Leer m\u00e1s<\/a><\/p>\n","protected":false},"featured_media":1398,"comment_status":"open","ping_status":"closed","template":"","meta":[],"product_brand":[191],"product_cat":[33,32],"product_tag":[44,193,192],"class_list":{"0":"post-1397","1":"product","2":"type-product","3":"status-publish","4":"has-post-thumbnail","6":"product_brand-burnet","7":"product_cat-equinos","8":"product_cat-farmacia","9":"product_tag-antiinflamatorio","10":"product_tag-local","11":"product_tag-masaje","12":"sales-flash-overlay","13":"woocommerce-text-align-center","14":"woocommerce-image-align-center","15":"do-quantity-buttons","17":"first","18":"instock","19":"taxable","20":"shipping-taxable","21":"purchasable","22":"product-type-simple"},"jetpack_sharing_enabled":true,"_links":{"self":[{"href":"https:\/\/vetaustral.com.ar\/index.php?rest_route=\/wp\/v2\/product\/1397","targetHints":{"allow":["GET"]}}],"collection":[{"href":"https:\/\/vetaustral.com.ar\/index.php?rest_route=\/wp\/v2\/product"}],"about":[{"href":"https:\/\/vetaustral.com.ar\/index.php?rest_route=\/wp\/v2\/types\/product"}],"replies":[{"embeddable":true,"href":"https:\/\/vetaustral.com.ar\/index.php?rest_route=%2Fwp%2Fv2%2Fcomments&post=1397"}],"wp:featuredmedia":[{"embeddable":true,"href":"https:\/\/vetaustral.com.ar\/index.php?rest_route=\/wp\/v2\/media\/1398"}],"wp:attachment":[{"href":"https:\/\/vetaustral.com.ar\/index.php?rest_route=%2Fwp%2Fv2%2Fmedia&parent=1397"}],"wp:term":[{"taxonomy":"product_brand","embeddable":true,"href":"https:\/\/vetaustral.com.ar\/index.php?rest_route=%2Fwp%2Fv2%2Fproduct_brand&post=1397"},{"taxonomy":"product_cat","embeddable":true,"href":"https:\/\/vetaustral.com.ar\/index.php?rest_route=%2Fwp%2Fv2%2Fproduct_cat&post=1397"},{"taxonomy":"product_tag","embeddable":true,"href":"https:\/\/vetaustral.com.ar\/index.php?rest_route=%2Fwp%2Fv2%2Fproduct_tag&post=1397"}],"curies":[{"name":"wp","href":"https:\/\/api.w.org\/{rel}","templated":true}]}}