{"id":1393,"date":"2025-11-01T14:03:02","date_gmt":"2025-11-01T14:03:02","guid":{"rendered":"https:\/\/vetaustral.com.ar\/?post_type=product&#038;p=1393"},"modified":"2026-01-30T15:15:12","modified_gmt":"2026-01-30T15:15:12","slug":"g-e-f-a-tehuelche-x-500-ml-burnet","status":"publish","type":"product","link":"https:\/\/vetaustral.com.ar\/?product=g-e-f-a-tehuelche-x-500-ml-burnet","title":{"rendered":"G.E.F.A. Tehuelche x 500 ml &#8211; Burnet"},"content":{"rendered":"<p>Contiene 1 frasco ampolla de 500 ml.<\/p>\n<ul>\n<li>Rehidratante y reconstituyente para equinos deportivos.<\/li>\n<\/ul>\n<p><strong>F\u00f3rmula:<\/strong><\/p>\n<p>Glucosa 12,5 g., Fructosa 12,5 g., Cloruro de sodio 4,3 g., Cloruro de potasio 150 mg., Cloruro de calcio 240 mg., Cloruro de magnesio 100 mg., DL-metionina 750 mg., L-lisina HCl 800 mg., Arginina HCl 750 mg., L-ciste\u00edna HCl 250 mg., L-triptofano 250 mg., L-histidina HCl 600 mg., L-leucina 600 mg., Glicocola 1,8 g., veh\u00edculo c.s.p. 500 mL.<\/p>\n<p><strong>Acci\u00f3n:<\/strong>\u00a0se trata de una soluci\u00f3n electrol\u00edtica balanceada que restituye iones fundamentales para el organismo, provee una fuente energ\u00e9tica segura con la incorporaci\u00f3n de glucosa y fructosa, y posee un destacado efecto antit\u00f3xico. El agregado de amino\u00e1cidos esenciales refuerza el efecto de este espec\u00edfico en los procesos de detoxificaci\u00f3n, adem\u00e1s de su reconocido efecto pl\u00e1stico.<\/p>\n<p><strong>Indicaciones de uso:<\/strong>\u00a0Como rehidratante en casos de shock, o en \u00e9poca estival. Desintoxicante, energizante, como aporte de elementos pl\u00e1sticos y energ\u00e9ticos consumidos por los esfuerzos deportivos, para equilibrar la acidosis metab\u00f3lica producida en el entrenamiento o la competencia. Como normalizador de la volemia en deshidrataciones leves o profundas, por su aporte h\u00eddrico y electrol\u00edtico. Como complemento de tratamientos antidiarreicos. Como carrier de minerales intracelulares (Potasio, Magnesio y Fosfatos) y sost\u00e9n terap\u00e9utico de convalecencias por vaca ca\u00edda, cetosis cl\u00ednica y subcl\u00ednica. Aporte de flu\u00eddos y electrolitos en el intra y postoperatorio. En las afecciones que redunden en hipovolemia y para el tratamiento de estados de shock o stress.<\/p>\n<p>Burnet<\/p>\n","protected":false},"excerpt":{"rendered":"<p>Contiene 1 frasco ampolla de 500 ml. Rehidratante y reconstituyente para equinos deportivos. F\u00f3rmula: Glucosa 12,5 g., Fructosa 12,5 g., Cloruro de sodio 4,3 g., Cloruro de potasio 150 mg., Cloruro de calcio 240 mg., Cloruro de magnesio 100 mg., DL-metionina 750 mg., L-lisina HCl 800 mg., Arginina HCl 750 mg., L-ciste\u00edna HCl 250 mg., &#8230; <a title=\"G.E.F.A. Tehuelche x 500 ml &#8211; Burnet\" class=\"read-more\" href=\"https:\/\/vetaustral.com.ar\/?product=g-e-f-a-tehuelche-x-500-ml-burnet\" aria-label=\"Leer m\u00e1s sobre G.E.F.A. Tehuelche x 500 ml &#8211; Burnet\">Leer m\u00e1s<\/a><\/p>\n","protected":false},"featured_media":1394,"comment_status":"open","ping_status":"closed","template":"","meta":[],"product_brand":[191],"product_cat":[36,33,32,52],"product_tag":[61,185,184],"class_list":{"0":"post-1393","1":"product","2":"type-product","3":"status-publish","4":"has-post-thumbnail","6":"product_brand-burnet","7":"product_cat-animales-de-compania","8":"product_cat-equinos","9":"product_cat-farmacia","10":"product_cat-grandes-animales","11":"product_tag-equinos-deportivos","12":"product_tag-rehidratante","13":"product_tag-suero-vitaminado","14":"sales-flash-overlay","15":"woocommerce-text-align-center","16":"woocommerce-image-align-center","17":"do-quantity-buttons","19":"first","20":"instock","21":"taxable","22":"shipping-taxable","23":"purchasable","24":"product-type-simple"},"jetpack_sharing_enabled":true,"_links":{"self":[{"href":"https:\/\/vetaustral.com.ar\/index.php?rest_route=\/wp\/v2\/product\/1393","targetHints":{"allow":["GET"]}}],"collection":[{"href":"https:\/\/vetaustral.com.ar\/index.php?rest_route=\/wp\/v2\/product"}],"about":[{"href":"https:\/\/vetaustral.com.ar\/index.php?rest_route=\/wp\/v2\/types\/product"}],"replies":[{"embeddable":true,"href":"https:\/\/vetaustral.com.ar\/index.php?rest_route=%2Fwp%2Fv2%2Fcomments&post=1393"}],"wp:featuredmedia":[{"embeddable":true,"href":"https:\/\/vetaustral.com.ar\/index.php?rest_route=\/wp\/v2\/media\/1394"}],"wp:attachment":[{"href":"https:\/\/vetaustral.com.ar\/index.php?rest_route=%2Fwp%2Fv2%2Fmedia&parent=1393"}],"wp:term":[{"taxonomy":"product_brand","embeddable":true,"href":"https:\/\/vetaustral.com.ar\/index.php?rest_route=%2Fwp%2Fv2%2Fproduct_brand&post=1393"},{"taxonomy":"product_cat","embeddable":true,"href":"https:\/\/vetaustral.com.ar\/index.php?rest_route=%2Fwp%2Fv2%2Fproduct_cat&post=1393"},{"taxonomy":"product_tag","embeddable":true,"href":"https:\/\/vetaustral.com.ar\/index.php?rest_route=%2Fwp%2Fv2%2Fproduct_tag&post=1393"}],"curies":[{"name":"wp","href":"https:\/\/api.w.org\/{rel}","templated":true}]}}