{"id":1391,"date":"2025-11-01T13:37:37","date_gmt":"2025-11-01T13:37:37","guid":{"rendered":"https:\/\/vetaustral.com.ar\/?post_type=product&#038;p=1391"},"modified":"2026-01-30T15:09:09","modified_gmt":"2026-01-30T15:09:09","slug":"fosforo-15-30-x-100-ml-burnet","status":"publish","type":"product","link":"https:\/\/vetaustral.com.ar\/?product=fosforo-15-30-x-100-ml-burnet","title":{"rendered":"F\u00f3sforo 15-30 x 100 ml &#8211; Burnet"},"content":{"rendered":"<p>Contiene 1 frasco ampolla de 100 ml.<\/p>\n<ul>\n<li>Suplemento preventivo<\/li>\n<li>Terap\u00e9utico mineral<\/li>\n<li>T\u00f3nico energ\u00e9tico<\/li>\n<li>F\u00f3sforo y glucosa<\/li>\n<\/ul>\n<p>&nbsp;<\/p>\n<p><strong>F\u00f3rmula:<\/strong><\/p>\n<p>Fosfato dis\u00f3dico 2,84 g., Fosfato monos\u00f3dico 4,9 g., Glucosa 5 g., veh\u00edculo c.s.p. 100 mL.<\/p>\n<p>&nbsp;<\/p>\n<p><strong>Acci\u00f3n:<\/strong><\/p>\n<p>Favorece los enlaces de alta energ\u00eda (ATP) sin los cuales se anula la s\u00edntesis de las hormonas de la reproducci\u00f3n. El d\u00e9ficit de f\u00f3sforo anula la s\u00edntesis de lactosa en la c\u00e9lula mamaria, disminuyendo la producci\u00f3n l\u00e1ctea.<\/p>\n<p><strong>Indicaciones de uso:<\/strong><\/p>\n<p><strong><br \/>\nBovinos:<\/strong>\u00a0Vaca Ca\u00edda por hipofosfatemia y Vaca Ca\u00edda en estado de alerta o vigilia. Prevenci\u00f3n y control de hipofosfatemias, d\u00e9ficit que provoca un descenso de la fertilidad y la producci\u00f3n l\u00e1ctea. Tratamiento posterior a una terap\u00e9utica hipocalc\u00e9mica, como energizante muscular. Anestros y celos irregulares (celos largos de m\u00e1s de 24 d\u00edas).<\/p>\n<p><strong>Equinos:<\/strong>\u00a0Patolog\u00eda de consumo, preventivo de hipofosfatemias durante el training, sobreentrenamiento, mejora de la eficiencia reproductiva de los padrillos, patolog\u00edas \u00f3seas, preparaci\u00f3n de potrillos para la venta.<\/p>\n<p>Burnet<\/p>\n","protected":false},"excerpt":{"rendered":"<p>Contiene 1 frasco ampolla de 100 ml. Suplemento preventivo Terap\u00e9utico mineral T\u00f3nico energ\u00e9tico F\u00f3sforo y glucosa &nbsp; F\u00f3rmula: Fosfato dis\u00f3dico 2,84 g., Fosfato monos\u00f3dico 4,9 g., Glucosa 5 g., veh\u00edculo c.s.p. 100 mL. &nbsp; Acci\u00f3n: Favorece los enlaces de alta energ\u00eda (ATP) sin los cuales se anula la s\u00edntesis de las hormonas de la reproducci\u00f3n. &#8230; <a title=\"F\u00f3sforo 15-30 x 100 ml &#8211; Burnet\" class=\"read-more\" href=\"https:\/\/vetaustral.com.ar\/?product=fosforo-15-30-x-100-ml-burnet\" aria-label=\"Leer m\u00e1s sobre F\u00f3sforo 15-30 x 100 ml &#8211; Burnet\">Leer m\u00e1s<\/a><\/p>\n","protected":false},"featured_media":1392,"comment_status":"open","ping_status":"closed","template":"","meta":[],"product_brand":[191],"product_cat":[33,32,52],"product_tag":[141,61],"class_list":{"0":"post-1391","1":"product","2":"type-product","3":"status-publish","4":"has-post-thumbnail","6":"product_brand-burnet","7":"product_cat-equinos","8":"product_cat-farmacia","9":"product_cat-grandes-animales","10":"product_tag-energetico","11":"product_tag-equinos-deportivos","12":"sales-flash-overlay","13":"woocommerce-text-align-center","14":"woocommerce-image-align-center","15":"do-quantity-buttons","17":"first","18":"instock","19":"taxable","20":"shipping-taxable","21":"purchasable","22":"product-type-simple"},"jetpack_sharing_enabled":true,"_links":{"self":[{"href":"https:\/\/vetaustral.com.ar\/index.php?rest_route=\/wp\/v2\/product\/1391","targetHints":{"allow":["GET"]}}],"collection":[{"href":"https:\/\/vetaustral.com.ar\/index.php?rest_route=\/wp\/v2\/product"}],"about":[{"href":"https:\/\/vetaustral.com.ar\/index.php?rest_route=\/wp\/v2\/types\/product"}],"replies":[{"embeddable":true,"href":"https:\/\/vetaustral.com.ar\/index.php?rest_route=%2Fwp%2Fv2%2Fcomments&post=1391"}],"wp:featuredmedia":[{"embeddable":true,"href":"https:\/\/vetaustral.com.ar\/index.php?rest_route=\/wp\/v2\/media\/1392"}],"wp:attachment":[{"href":"https:\/\/vetaustral.com.ar\/index.php?rest_route=%2Fwp%2Fv2%2Fmedia&parent=1391"}],"wp:term":[{"taxonomy":"product_brand","embeddable":true,"href":"https:\/\/vetaustral.com.ar\/index.php?rest_route=%2Fwp%2Fv2%2Fproduct_brand&post=1391"},{"taxonomy":"product_cat","embeddable":true,"href":"https:\/\/vetaustral.com.ar\/index.php?rest_route=%2Fwp%2Fv2%2Fproduct_cat&post=1391"},{"taxonomy":"product_tag","embeddable":true,"href":"https:\/\/vetaustral.com.ar\/index.php?rest_route=%2Fwp%2Fv2%2Fproduct_tag&post=1391"}],"curies":[{"name":"wp","href":"https:\/\/api.w.org\/{rel}","templated":true}]}}