{"id":1387,"date":"2025-11-01T13:25:50","date_gmt":"2025-11-01T13:25:50","guid":{"rendered":"https:\/\/vetaustral.com.ar\/?post_type=product&#038;p=1387"},"modified":"2026-01-30T15:07:14","modified_gmt":"2026-01-30T15:07:14","slug":"dexametasona-x-20-ml-burnet","status":"publish","type":"product","link":"https:\/\/vetaustral.com.ar\/?product=dexametasona-x-20-ml-burnet","title":{"rendered":"Dexametasona x 20 ml &#8211; Burnet"},"content":{"rendered":"<p>Contiene 1 frasco ampolla de 20 ml.<\/p>\n<ul>\n<li>Antiinflamatorio neoglucog\u00e9nico.<\/li>\n<li>Potente esteroide de m\u00ednima acci\u00f3n mineralocorticoide.<\/li>\n<\/ul>\n<p>&nbsp;<\/p>\n<p><strong>Composici\u00f3n:<\/strong><\/p>\n<p>Dexametasona 21-fosfato dis\u00f3dico 200 mg., veh\u00edculo c.s.p. 100 mL.<\/p>\n<p>&nbsp;<\/p>\n<p><strong>Indicaciones de uso:<\/strong><\/p>\n<p>Procesos inflamatorios de diversa etiolog\u00eda no infecciosa. Cetosis, terap\u00e9utica de apoyo a la vaca ca\u00edda. Inductor del parto en vacas y ovejas. Hipersensibilidad y alergias en peque\u00f1os animales.<\/p>\n<p>Burnet<\/p>\n","protected":false},"excerpt":{"rendered":"<p>Contiene 1 frasco ampolla de 20 ml. Antiinflamatorio neoglucog\u00e9nico. Potente esteroide de m\u00ednima acci\u00f3n mineralocorticoide. &nbsp; Composici\u00f3n: Dexametasona 21-fosfato dis\u00f3dico 200 mg., veh\u00edculo c.s.p. 100 mL. &nbsp; Indicaciones de uso: Procesos inflamatorios de diversa etiolog\u00eda no infecciosa. Cetosis, terap\u00e9utica de apoyo a la vaca ca\u00edda. Inductor del parto en vacas y ovejas. Hipersensibilidad y alergias &#8230; <a title=\"Dexametasona x 20 ml &#8211; Burnet\" class=\"read-more\" href=\"https:\/\/vetaustral.com.ar\/?product=dexametasona-x-20-ml-burnet\" aria-label=\"Leer m\u00e1s sobre Dexametasona x 20 ml &#8211; Burnet\">Leer m\u00e1s<\/a><\/p>\n","protected":false},"featured_media":1388,"comment_status":"open","ping_status":"closed","template":"","meta":[],"product_brand":[191],"product_cat":[36,33,32,52],"product_tag":[44,48],"class_list":{"0":"post-1387","1":"product","2":"type-product","3":"status-publish","4":"has-post-thumbnail","6":"product_brand-burnet","7":"product_cat-animales-de-compania","8":"product_cat-equinos","9":"product_cat-farmacia","10":"product_cat-grandes-animales","11":"product_tag-antiinflamatorio","12":"product_tag-esteroide","13":"sales-flash-overlay","14":"woocommerce-text-align-center","15":"woocommerce-image-align-center","16":"do-quantity-buttons","18":"first","19":"instock","20":"taxable","21":"shipping-taxable","22":"purchasable","23":"product-type-simple"},"jetpack_sharing_enabled":true,"_links":{"self":[{"href":"https:\/\/vetaustral.com.ar\/index.php?rest_route=\/wp\/v2\/product\/1387","targetHints":{"allow":["GET"]}}],"collection":[{"href":"https:\/\/vetaustral.com.ar\/index.php?rest_route=\/wp\/v2\/product"}],"about":[{"href":"https:\/\/vetaustral.com.ar\/index.php?rest_route=\/wp\/v2\/types\/product"}],"replies":[{"embeddable":true,"href":"https:\/\/vetaustral.com.ar\/index.php?rest_route=%2Fwp%2Fv2%2Fcomments&post=1387"}],"wp:featuredmedia":[{"embeddable":true,"href":"https:\/\/vetaustral.com.ar\/index.php?rest_route=\/wp\/v2\/media\/1388"}],"wp:attachment":[{"href":"https:\/\/vetaustral.com.ar\/index.php?rest_route=%2Fwp%2Fv2%2Fmedia&parent=1387"}],"wp:term":[{"taxonomy":"product_brand","embeddable":true,"href":"https:\/\/vetaustral.com.ar\/index.php?rest_route=%2Fwp%2Fv2%2Fproduct_brand&post=1387"},{"taxonomy":"product_cat","embeddable":true,"href":"https:\/\/vetaustral.com.ar\/index.php?rest_route=%2Fwp%2Fv2%2Fproduct_cat&post=1387"},{"taxonomy":"product_tag","embeddable":true,"href":"https:\/\/vetaustral.com.ar\/index.php?rest_route=%2Fwp%2Fv2%2Fproduct_tag&post=1387"}],"curies":[{"name":"wp","href":"https:\/\/api.w.org\/{rel}","templated":true}]}}