{"id":1383,"date":"2025-11-01T13:10:49","date_gmt":"2025-11-01T13:10:49","guid":{"rendered":"https:\/\/vetaustral.com.ar\/?post_type=product&#038;p=1383"},"modified":"2026-01-30T15:05:36","modified_gmt":"2026-01-30T15:05:36","slug":"cistepan-x-100-ml-burnet","status":"publish","type":"product","link":"https:\/\/vetaustral.com.ar\/?product=cistepan-x-100-ml-burnet","title":{"rendered":"Cistepan x 100 ml &#8211; Burnet"},"content":{"rendered":"<p>Contiene 1 frasco ampolla de 100 ml.<\/p>\n<ul>\n<li>Prevenci\u00f3n y tratamiento de la fatiga muscular.<\/li>\n<\/ul>\n<p><strong>F\u00f3rmula:<\/strong><\/p>\n<p>Mercaptamina clorhidrato (Cisteamina) 3,75 g, \u00c1cido pantot\u00e9nico 0,55 g, Cloruro de magnesio 4,2 g, Aspartato de magnesio 0,15 g, veh\u00edculo c.s.p. 100 ml.<\/p>\n<p><strong>Acci\u00f3n:<\/strong><\/p>\n<p><strong>Cistepan Burnet<\/strong> ejerce su acci\u00f3n facilitando la derivaci\u00f3n del \u00e1cido l\u00e1ctico hacia el ciclo oxidativo, disminuyendo la fatiga muscular en el equino.<\/p>\n<p><strong>Indicaciones de uso:<\/strong><\/p>\n<p>Prevenci\u00f3n y tratamiento de la fatiga muscular en el equino deportivo. Anticetog\u00e9nico en bovinos.<\/p>\n<p>Burnet<\/p>\n","protected":false},"excerpt":{"rendered":"<p>Contiene 1 frasco ampolla de 100 ml. Prevenci\u00f3n y tratamiento de la fatiga muscular. F\u00f3rmula: Mercaptamina clorhidrato (Cisteamina) 3,75 g, \u00c1cido pantot\u00e9nico 0,55 g, Cloruro de magnesio 4,2 g, Aspartato de magnesio 0,15 g, veh\u00edculo c.s.p. 100 ml. Acci\u00f3n: Cistepan Burnet ejerce su acci\u00f3n facilitando la derivaci\u00f3n del \u00e1cido l\u00e1ctico hacia el ciclo oxidativo, disminuyendo &#8230; <a title=\"Cistepan x 100 ml &#8211; Burnet\" class=\"read-more\" href=\"https:\/\/vetaustral.com.ar\/?product=cistepan-x-100-ml-burnet\" aria-label=\"Leer m\u00e1s sobre Cistepan x 100 ml &#8211; Burnet\">Leer m\u00e1s<\/a><\/p>\n","protected":false},"featured_media":1384,"comment_status":"open","ping_status":"closed","template":"","meta":[],"product_brand":[191],"product_cat":[33,32],"product_tag":[144,61],"class_list":{"0":"post-1383","1":"product","2":"type-product","3":"status-publish","4":"has-post-thumbnail","6":"product_brand-burnet","7":"product_cat-equinos","8":"product_cat-farmacia","9":"product_tag-desfatigante","10":"product_tag-equinos-deportivos","11":"sales-flash-overlay","12":"woocommerce-text-align-center","13":"woocommerce-image-align-center","14":"do-quantity-buttons","16":"first","17":"instock","18":"taxable","19":"shipping-taxable","20":"purchasable","21":"product-type-simple"},"jetpack_sharing_enabled":true,"_links":{"self":[{"href":"https:\/\/vetaustral.com.ar\/index.php?rest_route=\/wp\/v2\/product\/1383","targetHints":{"allow":["GET"]}}],"collection":[{"href":"https:\/\/vetaustral.com.ar\/index.php?rest_route=\/wp\/v2\/product"}],"about":[{"href":"https:\/\/vetaustral.com.ar\/index.php?rest_route=\/wp\/v2\/types\/product"}],"replies":[{"embeddable":true,"href":"https:\/\/vetaustral.com.ar\/index.php?rest_route=%2Fwp%2Fv2%2Fcomments&post=1383"}],"wp:featuredmedia":[{"embeddable":true,"href":"https:\/\/vetaustral.com.ar\/index.php?rest_route=\/wp\/v2\/media\/1384"}],"wp:attachment":[{"href":"https:\/\/vetaustral.com.ar\/index.php?rest_route=%2Fwp%2Fv2%2Fmedia&parent=1383"}],"wp:term":[{"taxonomy":"product_brand","embeddable":true,"href":"https:\/\/vetaustral.com.ar\/index.php?rest_route=%2Fwp%2Fv2%2Fproduct_brand&post=1383"},{"taxonomy":"product_cat","embeddable":true,"href":"https:\/\/vetaustral.com.ar\/index.php?rest_route=%2Fwp%2Fv2%2Fproduct_cat&post=1383"},{"taxonomy":"product_tag","embeddable":true,"href":"https:\/\/vetaustral.com.ar\/index.php?rest_route=%2Fwp%2Fv2%2Fproduct_tag&post=1383"}],"curies":[{"name":"wp","href":"https:\/\/api.w.org\/{rel}","templated":true}]}}