{"id":1381,"date":"2025-11-01T12:52:17","date_gmt":"2025-11-01T12:52:17","guid":{"rendered":"https:\/\/vetaustral.com.ar\/?post_type=product&#038;p=1381"},"modified":"2026-03-02T14:05:36","modified_gmt":"2026-03-02T14:05:36","slug":"eqvalan-gold-pasta-oral-boehringer-ingelheim","status":"publish","type":"product","link":"https:\/\/vetaustral.com.ar\/?product=eqvalan-gold-pasta-oral-boehringer-ingelheim","title":{"rendered":"Eqvalan gold pasta oral &#8211; Boehringer Ingelheim"},"content":{"rendered":"<p>Contiene 1 jeringa dosificadora de 7,74 gr. para 600 kg de peso.<\/p>\n<ul>\n<li>Antiparasitario interno de administraci\u00f3n oral para equinos.<\/li>\n<\/ul>\n<h3><strong>Composici\u00f3n:<\/strong><\/h3>\n<p>Cada 100 mg de producto, contiene: ivermectina: 1,55 g., praziquantel: 7,75 g., excipientes c.s.p 100 g.<\/p>\n<p><strong>Eqvalan\u00ae Gold<\/strong>, la eficacia unida a la experiencia para una completa protecci\u00f3n contra los par\u00e1sitos intestinales, gastr\u00f3filos, par\u00e1sitos pulmonares y cut\u00e1neos.<\/p>\n<h3>Carcter\u00edsticas:<\/h3>\n<p>Para el tratamiento y control de infecciones por tenias, estrongilos grandes y peque\u00f1os,\u00a0<em>Trichostrongylus<\/em>, oxiuros, gusanos redondos (asc\u00e1rides), oncocercosis cervical, nematodos intestinales, gusanos adultos del est\u00f3mago, gasterofilosis, par\u00e1sitos pulmonares, \u00falceras de verano (habronemiasis cut\u00e1nea) y oncocercosis cut\u00e1nea en equinos.<\/p>\n<h3>Acci\u00f3n:<\/h3>\n<p>Con una sola dosis, controla par\u00e1sitos gastrointestinales, gastr\u00f3filos, par\u00e1sitos pulmonares y cut\u00e1neos. Puede ser utilizado en equinos de cualquier edad, incluyendo yeguas pre\u00f1adas y caballos reproductores, sin presentar efectos adversos.<\/p>\n<p>Boehringer Ingelheim<\/p>\n","protected":false},"excerpt":{"rendered":"<p>Contiene 1 jeringa dosificadora de 7,74 gr. para 600 kg de peso. Antiparasitario interno de administraci\u00f3n oral para equinos. Composici\u00f3n: Cada 100 mg de producto, contiene: ivermectina: 1,55 g., praziquantel: 7,75 g., excipientes c.s.p 100 g. Eqvalan\u00ae Gold, la eficacia unida a la experiencia para una completa protecci\u00f3n contra los par\u00e1sitos intestinales, gastr\u00f3filos, par\u00e1sitos pulmonares &#8230; <a title=\"Eqvalan gold pasta oral &#8211; Boehringer Ingelheim\" class=\"read-more\" href=\"https:\/\/vetaustral.com.ar\/?product=eqvalan-gold-pasta-oral-boehringer-ingelheim\" aria-label=\"Leer m\u00e1s sobre Eqvalan gold pasta oral &#8211; Boehringer Ingelheim\">Leer m\u00e1s<\/a><\/p>\n","protected":false},"featured_media":1382,"comment_status":"open","ping_status":"closed","template":"","meta":[],"product_brand":[64],"product_cat":[33,32],"product_tag":[71,58,112],"class_list":{"0":"post-1381","1":"product","2":"type-product","3":"status-publish","4":"has-post-thumbnail","6":"product_brand-boehringer-ingelheim","7":"product_cat-equinos","8":"product_cat-farmacia","9":"product_tag-antiparasitario-interno","10":"product_tag-equinos","11":"product_tag-toma","12":"sales-flash-overlay","13":"woocommerce-text-align-center","14":"woocommerce-image-align-center","15":"do-quantity-buttons","17":"first","18":"instock","19":"sale","20":"featured","21":"taxable","22":"shipping-taxable","23":"purchasable","24":"product-type-simple"},"jetpack_sharing_enabled":true,"_links":{"self":[{"href":"https:\/\/vetaustral.com.ar\/index.php?rest_route=\/wp\/v2\/product\/1381","targetHints":{"allow":["GET"]}}],"collection":[{"href":"https:\/\/vetaustral.com.ar\/index.php?rest_route=\/wp\/v2\/product"}],"about":[{"href":"https:\/\/vetaustral.com.ar\/index.php?rest_route=\/wp\/v2\/types\/product"}],"replies":[{"embeddable":true,"href":"https:\/\/vetaustral.com.ar\/index.php?rest_route=%2Fwp%2Fv2%2Fcomments&post=1381"}],"wp:featuredmedia":[{"embeddable":true,"href":"https:\/\/vetaustral.com.ar\/index.php?rest_route=\/wp\/v2\/media\/1382"}],"wp:attachment":[{"href":"https:\/\/vetaustral.com.ar\/index.php?rest_route=%2Fwp%2Fv2%2Fmedia&parent=1381"}],"wp:term":[{"taxonomy":"product_brand","embeddable":true,"href":"https:\/\/vetaustral.com.ar\/index.php?rest_route=%2Fwp%2Fv2%2Fproduct_brand&post=1381"},{"taxonomy":"product_cat","embeddable":true,"href":"https:\/\/vetaustral.com.ar\/index.php?rest_route=%2Fwp%2Fv2%2Fproduct_cat&post=1381"},{"taxonomy":"product_tag","embeddable":true,"href":"https:\/\/vetaustral.com.ar\/index.php?rest_route=%2Fwp%2Fv2%2Fproduct_tag&post=1381"}],"curies":[{"name":"wp","href":"https:\/\/api.w.org\/{rel}","templated":true}]}}