{"id":1376,"date":"2025-11-01T12:21:49","date_gmt":"2025-11-01T12:21:49","guid":{"rendered":"https:\/\/vetaustral.com.ar\/?post_type=product&#038;p=1376"},"modified":"2026-01-30T14:57:42","modified_gmt":"2026-01-30T14:57:42","slug":"previcox-227-mg-x-10-comp-boehringer-ingelheim","status":"publish","type":"product","link":"https:\/\/vetaustral.com.ar\/?product=previcox-227-mg-x-10-comp-boehringer-ingelheim","title":{"rendered":"Previcox 227 mg x 10 comp \u2013 Boehringer Ingelheim"},"content":{"rendered":"<p>Contiene 1 tableta x 10 comprimidos.<\/p>\n<div class=\"gds-heading gds-heading--align-left gds-heading--m\"><strong>Composici\u00f3n:<\/strong> cada comprimido de 947 mg de peso contiene 227 mg de Firocoxib.<\/div>\n<div><\/div>\n<p><strong>PREVICOX\u00ae<\/strong>\u00a0contiene Firocoxib, un antiinflamatorio no esteroideo (AINE) que act\u00faa por inhibici\u00f3n selectiva de la ciclooxigenasa-2 (COX-2) mediador de la s\u00edntesis de prostaglandinas. COX-2 es la principal isoenzima responsable de la s\u00edntesis de prostaglandinas mediadoras del dolor, de la inflamaci\u00f3n y de la fiebre. En ensayos realizados in-vitro en sangre de perro entera, el firocoxib mostr\u00f3 una selectividad para COX-2 aproximadamente 380 veces mayor que para COX-1.<\/p>\n<p>Indicaciones:\u00a0<strong>PREVICOX<sup>\u00ae<\/sup><\/strong>\u00a0est\u00e1 indicado en perros para el alivio del dolor y de la inflamaci\u00f3n asociados a la osteoartritis y para el control del dolor y la inflamaci\u00f3n postoperatorio asociados con cirug\u00edas ortop\u00e9dicas, de tejidos blandos y odontol\u00f3gicas.<\/p>\n<div class=\"gds-key-fact__description\">\n<div class=\"gds-paragraph gds-paragraph--base gds-paragraph--align-left gds-paragraph--spacer-none\">\n<div class=\"gds-heading gds-heading--align-left gds-heading--m\">Dosis y modo de uso\u200b: administrar 5 mg\/kg de peso una vez al d\u00eda por v\u00eda oral.\u00a0<strong>PREVICOX<sup>\u00ae<\/sup><\/strong>\u00a0son comprimidos divisibles, para asegurar una dosis exacta con sabor ahumado caramelo, para hacerlos m\u00e1s atractivos para el perro, facilitando su administraci\u00f3n.<\/div>\n<div><\/div>\n<p>Boehringer Ingelheim<\/p>\n<\/div>\n<\/div>\n","protected":false},"excerpt":{"rendered":"<p>Contiene 1 tableta x 10 comprimidos. Composici\u00f3n: cada comprimido de 947 mg de peso contiene 227 mg de Firocoxib. PREVICOX\u00ae\u00a0contiene Firocoxib, un antiinflamatorio no esteroideo (AINE) que act\u00faa por inhibici\u00f3n selectiva de la ciclooxigenasa-2 (COX-2) mediador de la s\u00edntesis de prostaglandinas. COX-2 es la principal isoenzima responsable de la s\u00edntesis de prostaglandinas mediadoras del dolor, &#8230; <a title=\"Previcox 227 mg x 10 comp \u2013 Boehringer Ingelheim\" class=\"read-more\" href=\"https:\/\/vetaustral.com.ar\/?product=previcox-227-mg-x-10-comp-boehringer-ingelheim\" aria-label=\"Leer m\u00e1s sobre Previcox 227 mg x 10 comp \u2013 Boehringer Ingelheim\">Leer m\u00e1s<\/a><\/p>\n","protected":false},"featured_media":1377,"comment_status":"open","ping_status":"closed","template":"","meta":[],"product_brand":[64],"product_cat":[36,32],"product_tag":[44,51,67],"class_list":{"0":"post-1376","1":"product","2":"type-product","3":"status-publish","4":"has-post-thumbnail","6":"product_brand-boehringer-ingelheim","7":"product_cat-animales-de-compania","8":"product_cat-farmacia","9":"product_tag-antiinflamatorio","10":"product_tag-no-esteroide","11":"product_tag-palatable","12":"sales-flash-overlay","13":"woocommerce-text-align-center","14":"woocommerce-image-align-center","15":"do-quantity-buttons","17":"first","18":"instock","19":"taxable","20":"shipping-taxable","21":"purchasable","22":"product-type-simple"},"jetpack_sharing_enabled":true,"_links":{"self":[{"href":"https:\/\/vetaustral.com.ar\/index.php?rest_route=\/wp\/v2\/product\/1376","targetHints":{"allow":["GET"]}}],"collection":[{"href":"https:\/\/vetaustral.com.ar\/index.php?rest_route=\/wp\/v2\/product"}],"about":[{"href":"https:\/\/vetaustral.com.ar\/index.php?rest_route=\/wp\/v2\/types\/product"}],"replies":[{"embeddable":true,"href":"https:\/\/vetaustral.com.ar\/index.php?rest_route=%2Fwp%2Fv2%2Fcomments&post=1376"}],"wp:featuredmedia":[{"embeddable":true,"href":"https:\/\/vetaustral.com.ar\/index.php?rest_route=\/wp\/v2\/media\/1377"}],"wp:attachment":[{"href":"https:\/\/vetaustral.com.ar\/index.php?rest_route=%2Fwp%2Fv2%2Fmedia&parent=1376"}],"wp:term":[{"taxonomy":"product_brand","embeddable":true,"href":"https:\/\/vetaustral.com.ar\/index.php?rest_route=%2Fwp%2Fv2%2Fproduct_brand&post=1376"},{"taxonomy":"product_cat","embeddable":true,"href":"https:\/\/vetaustral.com.ar\/index.php?rest_route=%2Fwp%2Fv2%2Fproduct_cat&post=1376"},{"taxonomy":"product_tag","embeddable":true,"href":"https:\/\/vetaustral.com.ar\/index.php?rest_route=%2Fwp%2Fv2%2Fproduct_tag&post=1376"}],"curies":[{"name":"wp","href":"https:\/\/api.w.org\/{rel}","templated":true}]}}