{"id":1373,"date":"2025-11-01T11:50:37","date_gmt":"2025-11-01T11:50:37","guid":{"rendered":"https:\/\/vetaustral.com.ar\/?post_type=product&#038;p=1373"},"modified":"2026-02-28T11:46:55","modified_gmt":"2026-02-28T11:46:55","slug":"vitamina-b15-x-100-ml-agropharma","status":"publish","type":"product","link":"https:\/\/vetaustral.com.ar\/?product=vitamina-b15-x-100-ml-agropharma","title":{"rendered":"Vitamina B15 x 100 ml &#8211; Agropharma"},"content":{"rendered":"<p>Contiene 1 frasco de 100 ml.<\/p>\n<ul>\n<li>Vitam\u00ednico.<\/li>\n<\/ul>\n<h5><strong>F\u00f3rmula:<\/strong><\/h5>\n<p>Cada 100 ml contiene:<\/p>\n<ul>\n<li>Vitamina B15 10 g<\/li>\n<li>Agentes de formulaci\u00f3n c.s.p. 100 ml.<\/li>\n<\/ul>\n<h5><strong>Indicaciones:<\/strong><\/h5>\n<p>Aumenta la creatinina muscular, especialmente en el m\u00fasculo card\u00edaco, mejorando la utilizaci\u00f3n del oxigeno por el metabolismo muscular.<\/p>\n<p>Agropharma<\/p>\n","protected":false},"excerpt":{"rendered":"<p>Contiene 1 frasco de 100 ml. Vitam\u00ednico. F\u00f3rmula: Cada 100 ml contiene: Vitamina B15 10 g Agentes de formulaci\u00f3n c.s.p. 100 ml. Indicaciones: Aumenta la creatinina muscular, especialmente en el m\u00fasculo card\u00edaco, mejorando la utilizaci\u00f3n del oxigeno por el metabolismo muscular. Agropharma<\/p>\n","protected":false},"featured_media":1374,"comment_status":"open","ping_status":"closed","template":"","meta":[],"product_brand":[186],"product_cat":[33],"product_tag":[61,135,116],"class_list":{"0":"post-1373","1":"product","2":"type-product","3":"status-publish","4":"has-post-thumbnail","6":"product_brand-agropharma","7":"product_cat-equinos","8":"product_tag-equinos-deportivos","9":"product_tag-estimulante-cardiaco","10":"product_tag-vitaminico","11":"sales-flash-overlay","12":"woocommerce-text-align-center","13":"woocommerce-image-align-center","14":"do-quantity-buttons","16":"first","17":"instock","18":"taxable","19":"shipping-taxable","20":"purchasable","21":"product-type-simple"},"jetpack_sharing_enabled":true,"_links":{"self":[{"href":"https:\/\/vetaustral.com.ar\/index.php?rest_route=\/wp\/v2\/product\/1373","targetHints":{"allow":["GET"]}}],"collection":[{"href":"https:\/\/vetaustral.com.ar\/index.php?rest_route=\/wp\/v2\/product"}],"about":[{"href":"https:\/\/vetaustral.com.ar\/index.php?rest_route=\/wp\/v2\/types\/product"}],"replies":[{"embeddable":true,"href":"https:\/\/vetaustral.com.ar\/index.php?rest_route=%2Fwp%2Fv2%2Fcomments&post=1373"}],"wp:featuredmedia":[{"embeddable":true,"href":"https:\/\/vetaustral.com.ar\/index.php?rest_route=\/wp\/v2\/media\/1374"}],"wp:attachment":[{"href":"https:\/\/vetaustral.com.ar\/index.php?rest_route=%2Fwp%2Fv2%2Fmedia&parent=1373"}],"wp:term":[{"taxonomy":"product_brand","embeddable":true,"href":"https:\/\/vetaustral.com.ar\/index.php?rest_route=%2Fwp%2Fv2%2Fproduct_brand&post=1373"},{"taxonomy":"product_cat","embeddable":true,"href":"https:\/\/vetaustral.com.ar\/index.php?rest_route=%2Fwp%2Fv2%2Fproduct_cat&post=1373"},{"taxonomy":"product_tag","embeddable":true,"href":"https:\/\/vetaustral.com.ar\/index.php?rest_route=%2Fwp%2Fv2%2Fproduct_tag&post=1373"}],"curies":[{"name":"wp","href":"https:\/\/api.w.org\/{rel}","templated":true}]}}