{"id":1371,"date":"2025-11-01T11:44:03","date_gmt":"2025-11-01T11:44:03","guid":{"rendered":"https:\/\/vetaustral.com.ar\/?post_type=product&#038;p=1371"},"modified":"2026-02-28T11:47:09","modified_gmt":"2026-02-28T11:47:09","slug":"toniquetas-x-50-ml-agropharma","status":"publish","type":"product","link":"https:\/\/vetaustral.com.ar\/?product=toniquetas-x-50-ml-agropharma","title":{"rendered":"Toniquetas x 50 ml &#8211; Agropharma"},"content":{"rendered":"<p>Contiene 1 frasco de 50 ml.<\/p>\n<ul>\n<li>Estimulante.<\/li>\n<\/ul>\n<h5><strong>F\u00f3rmula:<\/strong><\/h5>\n<p>Cada 100 ml contiene:<\/p>\n<ul>\n<li>Cafe\u00edna base 2,3 gr<\/li>\n<li>Benzoato de Sodio 2,3 gr<\/li>\n<li>Esparte\u00edna sulfato 0,05 gr<\/li>\n<li>Glicerofosfato de Sodio 1 gr<\/li>\n<li>Vitamina B15 0,08 gr<\/li>\n<li>Vitamina B12 (cianocobalamina) 200 mcg<\/li>\n<li>Veh\u00edculo estabilizante c.s.p. 100 ml.<\/li>\n<\/ul>\n<h5><strong>Indicaciones:<\/strong><\/h5>\n<p>T\u00f3nico neuromuscular. Activante de la funci\u00f3n card\u00edaca. Reparador energ\u00e9tico, recomendado en los estados de agotamiento f\u00edsico, etc..<\/p>\n<p>Agropharma<\/p>\n","protected":false},"excerpt":{"rendered":"<p>Contiene 1 frasco de 50 ml. Estimulante. F\u00f3rmula: Cada 100 ml contiene: Cafe\u00edna base 2,3 gr Benzoato de Sodio 2,3 gr Esparte\u00edna sulfato 0,05 gr Glicerofosfato de Sodio 1 gr Vitamina B15 0,08 gr Vitamina B12 (cianocobalamina) 200 mcg Veh\u00edculo estabilizante c.s.p. 100 ml. Indicaciones: T\u00f3nico neuromuscular. Activante de la funci\u00f3n card\u00edaca. Reparador energ\u00e9tico, recomendado &#8230; <a title=\"Toniquetas x 50 ml &#8211; Agropharma\" class=\"read-more\" href=\"https:\/\/vetaustral.com.ar\/?product=toniquetas-x-50-ml-agropharma\" aria-label=\"Leer m\u00e1s sobre Toniquetas x 50 ml &#8211; Agropharma\">Leer m\u00e1s<\/a><\/p>\n","protected":false},"featured_media":1372,"comment_status":"open","ping_status":"closed","template":"","meta":[],"product_brand":[186],"product_cat":[33,32],"product_tag":[61,135,140],"class_list":{"0":"post-1371","1":"product","2":"type-product","3":"status-publish","4":"has-post-thumbnail","6":"product_brand-agropharma","7":"product_cat-equinos","8":"product_cat-farmacia","9":"product_tag-equinos-deportivos","10":"product_tag-estimulante-cardiaco","11":"product_tag-neuroestimulante","12":"sales-flash-overlay","13":"woocommerce-text-align-center","14":"woocommerce-image-align-center","15":"do-quantity-buttons","17":"first","18":"instock","19":"taxable","20":"shipping-taxable","21":"purchasable","22":"product-type-simple"},"jetpack_sharing_enabled":true,"_links":{"self":[{"href":"https:\/\/vetaustral.com.ar\/index.php?rest_route=\/wp\/v2\/product\/1371","targetHints":{"allow":["GET"]}}],"collection":[{"href":"https:\/\/vetaustral.com.ar\/index.php?rest_route=\/wp\/v2\/product"}],"about":[{"href":"https:\/\/vetaustral.com.ar\/index.php?rest_route=\/wp\/v2\/types\/product"}],"replies":[{"embeddable":true,"href":"https:\/\/vetaustral.com.ar\/index.php?rest_route=%2Fwp%2Fv2%2Fcomments&post=1371"}],"wp:featuredmedia":[{"embeddable":true,"href":"https:\/\/vetaustral.com.ar\/index.php?rest_route=\/wp\/v2\/media\/1372"}],"wp:attachment":[{"href":"https:\/\/vetaustral.com.ar\/index.php?rest_route=%2Fwp%2Fv2%2Fmedia&parent=1371"}],"wp:term":[{"taxonomy":"product_brand","embeddable":true,"href":"https:\/\/vetaustral.com.ar\/index.php?rest_route=%2Fwp%2Fv2%2Fproduct_brand&post=1371"},{"taxonomy":"product_cat","embeddable":true,"href":"https:\/\/vetaustral.com.ar\/index.php?rest_route=%2Fwp%2Fv2%2Fproduct_cat&post=1371"},{"taxonomy":"product_tag","embeddable":true,"href":"https:\/\/vetaustral.com.ar\/index.php?rest_route=%2Fwp%2Fv2%2Fproduct_tag&post=1371"}],"curies":[{"name":"wp","href":"https:\/\/api.w.org\/{rel}","templated":true}]}}