{"id":1369,"date":"2025-11-01T11:34:40","date_gmt":"2025-11-01T11:34:40","guid":{"rendered":"https:\/\/vetaustral.com.ar\/?post_type=product&#038;p=1369"},"modified":"2026-02-28T11:47:22","modified_gmt":"2026-02-28T11:47:22","slug":"respirotonico-x-500-ml-agropharma","status":"publish","type":"product","link":"https:\/\/vetaustral.com.ar\/?product=respirotonico-x-500-ml-agropharma","title":{"rendered":"Respirot\u00f3nico x 500 ml &#8211; Agropharma"},"content":{"rendered":"<p>Contiene 1 frasco de 500 ml.<\/p>\n<ul>\n<li>Mucol\u00edtico.<\/li>\n<li>Broncodilatador.<\/li>\n<li>Expectorante.<\/li>\n<\/ul>\n<h5><strong>F\u00f3rmula:<\/strong><\/h5>\n<p>Cada 100 ml contiene:<\/p>\n<ul>\n<li>Mentol cristal 2,2 gr<\/li>\n<li>Alcanfor 1,1 gr<\/li>\n<li>Eucaliptol 2,7 gr<\/li>\n<li>Jarabe de lim\u00f3n 15,0 gr<\/li>\n<li>Melaza 51,0 gr<\/li>\n<li>Excipiente c.s.p. 100,0 ml.<\/li>\n<\/ul>\n<h5><strong>Indicaciones:<\/strong><\/h5>\n<p>Expectorante. Antitus\u00edgeno. Mucol\u00edtico. Broncodilatador. Antis\u00e9ptico respiratorio. Bals\u00e1mico broncopulmonar. Afecciones agudas o cr\u00f3nicas del aparato respiratorio. Coadyuvante en el tratamiento de bronquitis, laringitis, neumon\u00edas. Enfermedad pulmonar obstructiva cr\u00f3nica (EPOC). Hemorragia pulmonar inducida (HPI), etc. Puede asociarse a otros tratamientos respiratorios (Nebulizaciones, vaporizaciones, lavajes), seg\u00fan criterio profesional.<\/p>\n<p>Agropharma<\/p>\n","protected":false},"excerpt":{"rendered":"<p>Contiene 1 frasco de 500 ml. Mucol\u00edtico. Broncodilatador. Expectorante. F\u00f3rmula: Cada 100 ml contiene: Mentol cristal 2,2 gr Alcanfor 1,1 gr Eucaliptol 2,7 gr Jarabe de lim\u00f3n 15,0 gr Melaza 51,0 gr Excipiente c.s.p. 100,0 ml. Indicaciones: Expectorante. Antitus\u00edgeno. Mucol\u00edtico. Broncodilatador. Antis\u00e9ptico respiratorio. Bals\u00e1mico broncopulmonar. Afecciones agudas o cr\u00f3nicas del aparato respiratorio. Coadyuvante en el &#8230; <a title=\"Respirot\u00f3nico x 500 ml &#8211; Agropharma\" class=\"read-more\" href=\"https:\/\/vetaustral.com.ar\/?product=respirotonico-x-500-ml-agropharma\" aria-label=\"Leer m\u00e1s sobre Respirot\u00f3nico x 500 ml &#8211; Agropharma\">Leer m\u00e1s<\/a><\/p>\n","protected":false},"featured_media":1370,"comment_status":"open","ping_status":"closed","template":"","meta":[],"product_brand":[186],"product_cat":[33,32],"product_tag":[131,61,189],"class_list":{"0":"post-1369","1":"product","2":"type-product","3":"status-publish","4":"has-post-thumbnail","6":"product_brand-agropharma","7":"product_cat-equinos","8":"product_cat-farmacia","9":"product_tag-broncodilatador","10":"product_tag-equinos-deportivos","11":"product_tag-natural","12":"sales-flash-overlay","13":"woocommerce-text-align-center","14":"woocommerce-image-align-center","15":"do-quantity-buttons","17":"first","18":"instock","19":"taxable","20":"shipping-taxable","21":"purchasable","22":"product-type-simple"},"jetpack_sharing_enabled":true,"_links":{"self":[{"href":"https:\/\/vetaustral.com.ar\/index.php?rest_route=\/wp\/v2\/product\/1369","targetHints":{"allow":["GET"]}}],"collection":[{"href":"https:\/\/vetaustral.com.ar\/index.php?rest_route=\/wp\/v2\/product"}],"about":[{"href":"https:\/\/vetaustral.com.ar\/index.php?rest_route=\/wp\/v2\/types\/product"}],"replies":[{"embeddable":true,"href":"https:\/\/vetaustral.com.ar\/index.php?rest_route=%2Fwp%2Fv2%2Fcomments&post=1369"}],"wp:featuredmedia":[{"embeddable":true,"href":"https:\/\/vetaustral.com.ar\/index.php?rest_route=\/wp\/v2\/media\/1370"}],"wp:attachment":[{"href":"https:\/\/vetaustral.com.ar\/index.php?rest_route=%2Fwp%2Fv2%2Fmedia&parent=1369"}],"wp:term":[{"taxonomy":"product_brand","embeddable":true,"href":"https:\/\/vetaustral.com.ar\/index.php?rest_route=%2Fwp%2Fv2%2Fproduct_brand&post=1369"},{"taxonomy":"product_cat","embeddable":true,"href":"https:\/\/vetaustral.com.ar\/index.php?rest_route=%2Fwp%2Fv2%2Fproduct_cat&post=1369"},{"taxonomy":"product_tag","embeddable":true,"href":"https:\/\/vetaustral.com.ar\/index.php?rest_route=%2Fwp%2Fv2%2Fproduct_tag&post=1369"}],"curies":[{"name":"wp","href":"https:\/\/api.w.org\/{rel}","templated":true}]}}