{"id":1368,"date":"2025-11-01T11:26:03","date_gmt":"2025-11-01T11:26:03","guid":{"rendered":"https:\/\/vetaustral.com.ar\/?post_type=product&#038;p=1368"},"modified":"2026-01-30T14:52:59","modified_gmt":"2026-01-30T14:52:59","slug":"hepavit-b12-b15-x-12-frascos-agropharma","status":"publish","type":"product","link":"https:\/\/vetaustral.com.ar\/?product=hepavit-b12-b15-x-12-frascos-agropharma","title":{"rendered":"Hepavit B12-B15 x 12 frascos &#8211; Agropharma"},"content":{"rendered":"<p>Contiene 12 frascos ampolla de 10 ml.<\/p>\n<ul>\n<li>Reconstituyente vitaminado.<\/li>\n<\/ul>\n<h5><strong>F\u00f3rmula:<\/strong><\/h5>\n<p>Cada 100 ml contiene:<\/p>\n<ul>\n<li>Extracto de h\u00edgado OPO 7 12,5 gr<\/li>\n<li>\u00c1cido F\u00f3lico 0,1 gr<\/li>\n<li>Vitamina B1 Clorhidrato 2,5 gr<\/li>\n<li>Vitamina B2 Fosfato 0,5 gr<\/li>\n<li>Vitamina B6 0,25 gr<\/li>\n<li>Vitamina B 12 212,5 mcg<\/li>\n<li>\u00c1cido Pirid\u00edn -3-carbox\u00edlico (PP) 0,5 gr<\/li>\n<li>Glucono-di (N-isopropilamino) Acetato s\u00f3dico 0,5 gr<\/li>\n<li>Excipiente c.s.p. 100 ml.<\/li>\n<\/ul>\n<h5><strong>Indicaciones:<\/strong><\/h5>\n<p>T\u00f3nico general. Antian\u00e9mico, estimulante de la funci\u00f3n hep\u00e1tica, mejorador del estado general. Asociado con D- Normalina, la acci\u00f3n ser\u00e1 desintoxicante y protectora hep\u00e1tica, dosificado con suero glucosado al 50% la funci\u00f3n ser\u00e1 de tonificaci\u00f3n.<\/p>\n<p>Agropharma<\/p>\n","protected":false},"excerpt":{"rendered":"<p>Contiene 12 frascos ampolla de 10 ml. Reconstituyente vitaminado. F\u00f3rmula: Cada 100 ml contiene: Extracto de h\u00edgado OPO 7 12,5 gr \u00c1cido F\u00f3lico 0,1 gr Vitamina B1 Clorhidrato 2,5 gr Vitamina B2 Fosfato 0,5 gr Vitamina B6 0,25 gr Vitamina B 12 212,5 mcg \u00c1cido Pirid\u00edn -3-carbox\u00edlico (PP) 0,5 gr Glucono-di (N-isopropilamino) Acetato s\u00f3dico 0,5 &#8230; <a title=\"Hepavit B12-B15 x 12 frascos &#8211; Agropharma\" class=\"read-more\" href=\"https:\/\/vetaustral.com.ar\/?product=hepavit-b12-b15-x-12-frascos-agropharma\" aria-label=\"Leer m\u00e1s sobre Hepavit B12-B15 x 12 frascos &#8211; Agropharma\">Leer m\u00e1s<\/a><\/p>\n","protected":false},"featured_media":1367,"comment_status":"open","ping_status":"closed","template":"","meta":[],"product_brand":[186],"product_cat":[33,32],"product_tag":[115,61,57,116],"class_list":{"0":"post-1368","1":"product","2":"type-product","3":"status-publish","4":"has-post-thumbnail","6":"product_brand-agropharma","7":"product_cat-equinos","8":"product_cat-farmacia","9":"product_tag-antianemico","10":"product_tag-equinos-deportivos","11":"product_tag-protector-hepatico","12":"product_tag-vitaminico","13":"sales-flash-overlay","14":"woocommerce-text-align-center","15":"woocommerce-image-align-center","16":"do-quantity-buttons","18":"first","19":"instock","20":"taxable","21":"shipping-taxable","22":"purchasable","23":"product-type-simple"},"jetpack_sharing_enabled":true,"_links":{"self":[{"href":"https:\/\/vetaustral.com.ar\/index.php?rest_route=\/wp\/v2\/product\/1368","targetHints":{"allow":["GET"]}}],"collection":[{"href":"https:\/\/vetaustral.com.ar\/index.php?rest_route=\/wp\/v2\/product"}],"about":[{"href":"https:\/\/vetaustral.com.ar\/index.php?rest_route=\/wp\/v2\/types\/product"}],"replies":[{"embeddable":true,"href":"https:\/\/vetaustral.com.ar\/index.php?rest_route=%2Fwp%2Fv2%2Fcomments&post=1368"}],"wp:featuredmedia":[{"embeddable":true,"href":"https:\/\/vetaustral.com.ar\/index.php?rest_route=\/wp\/v2\/media\/1367"}],"wp:attachment":[{"href":"https:\/\/vetaustral.com.ar\/index.php?rest_route=%2Fwp%2Fv2%2Fmedia&parent=1368"}],"wp:term":[{"taxonomy":"product_brand","embeddable":true,"href":"https:\/\/vetaustral.com.ar\/index.php?rest_route=%2Fwp%2Fv2%2Fproduct_brand&post=1368"},{"taxonomy":"product_cat","embeddable":true,"href":"https:\/\/vetaustral.com.ar\/index.php?rest_route=%2Fwp%2Fv2%2Fproduct_cat&post=1368"},{"taxonomy":"product_tag","embeddable":true,"href":"https:\/\/vetaustral.com.ar\/index.php?rest_route=%2Fwp%2Fv2%2Fproduct_tag&post=1368"}],"curies":[{"name":"wp","href":"https:\/\/api.w.org\/{rel}","templated":true}]}}