{"id":1364,"date":"2025-11-01T11:19:56","date_gmt":"2025-11-01T11:19:56","guid":{"rendered":"https:\/\/vetaustral.com.ar\/?post_type=product&#038;p=1364"},"modified":"2026-02-28T11:59:26","modified_gmt":"2026-02-28T11:59:26","slug":"duva-rehidratante-x-500-ml-agropharma","status":"publish","type":"product","link":"https:\/\/vetaustral.com.ar\/?product=duva-rehidratante-x-500-ml-agropharma","title":{"rendered":"Duva Rehidratante x 500 ml &#8211; Agropharma"},"content":{"rendered":"<p>Contiene 1 frasco de 500 ml.<\/p>\n<ul>\n<li>Rehidratante Electrol\u00edtico con Amino\u00e1cidos.<\/li>\n<\/ul>\n<h5><strong>F\u00f3rmula:<\/strong><\/h5>\n<p>Cada 100 ml contiene:<\/p>\n<ul>\n<li>Cloruro de Calcio anhidro 0,5 gr<\/li>\n<li>Cloruro de Magnesio Hexahidratado 0,3 gr<\/li>\n<li>Cloruro de Cobalto 0,1 gr<\/li>\n<li>Citrato de Potasio 1 gr<\/li>\n<li>Cloruro de Sodio 8,5 gr<\/li>\n<li>Citrato de sodio 1 gr<\/li>\n<li>Glucosa 25 gr<\/li>\n<li>Fructosa 25 gr<\/li>\n<li>L-Arginina 1,5 gr<\/li>\n<li>L-Histidina Clorhidrato 1,2 gr<\/li>\n<li>L-Leucina 1,2 gr<\/li>\n<li>L-Triptofano 0,5 gr<\/li>\n<li>L-Ciste\u00edna 0,5 gr<\/li>\n<li>L-Lisina 1,6 gr<\/li>\n<li>L-Glicocola 3,6 gr<\/li>\n<li>L-Methionina 1,5 gr<\/li>\n<li>Agua bidestilada c.s.p. 1.000 ml.<\/li>\n<\/ul>\n<h5><strong>Indicaciones:<\/strong><\/h5>\n<p>Deshidrataci\u00f3n de cualquier etiolog\u00eda (diarrea, v\u00f3mitos, etc.). Intoxicaciones. Estados de agotamiento f\u00edsico. P\u00e9rdida de electrol\u00edtos. Hemorragias. Stress. Hipoproteinemias. Poliurias. Hepatopat\u00edas. Sudoraci\u00f3n intensa. Convalescencia. Sobreentrenamiento. Shock quir\u00fargico o traum\u00e1tico. Inapetencia.<\/p>\n<p>Agropharma<\/p>\n","protected":false},"excerpt":{"rendered":"<p>Contiene 1 frasco de 500 ml. Rehidratante Electrol\u00edtico con Amino\u00e1cidos. F\u00f3rmula: Cada 100 ml contiene: Cloruro de Calcio anhidro 0,5 gr Cloruro de Magnesio Hexahidratado 0,3 gr Cloruro de Cobalto 0,1 gr Citrato de Potasio 1 gr Cloruro de Sodio 8,5 gr Citrato de sodio 1 gr Glucosa 25 gr Fructosa 25 gr L-Arginina 1,5 &#8230; <a title=\"Duva Rehidratante x 500 ml &#8211; Agropharma\" class=\"read-more\" href=\"https:\/\/vetaustral.com.ar\/?product=duva-rehidratante-x-500-ml-agropharma\" aria-label=\"Leer m\u00e1s sobre Duva Rehidratante x 500 ml &#8211; Agropharma\">Leer m\u00e1s<\/a><\/p>\n","protected":false},"featured_media":1365,"comment_status":"open","ping_status":"closed","template":"","meta":[],"product_brand":[186],"product_cat":[36,33,32,52],"product_tag":[61,185,184],"class_list":{"0":"post-1364","1":"product","2":"type-product","3":"status-publish","4":"has-post-thumbnail","6":"product_brand-agropharma","7":"product_cat-animales-de-compania","8":"product_cat-equinos","9":"product_cat-farmacia","10":"product_cat-grandes-animales","11":"product_tag-equinos-deportivos","12":"product_tag-rehidratante","13":"product_tag-suero-vitaminado","14":"sales-flash-overlay","15":"woocommerce-text-align-center","16":"woocommerce-image-align-center","17":"do-quantity-buttons","19":"first","20":"instock","21":"taxable","22":"shipping-taxable","23":"purchasable","24":"product-type-simple"},"jetpack_sharing_enabled":true,"_links":{"self":[{"href":"https:\/\/vetaustral.com.ar\/index.php?rest_route=\/wp\/v2\/product\/1364","targetHints":{"allow":["GET"]}}],"collection":[{"href":"https:\/\/vetaustral.com.ar\/index.php?rest_route=\/wp\/v2\/product"}],"about":[{"href":"https:\/\/vetaustral.com.ar\/index.php?rest_route=\/wp\/v2\/types\/product"}],"replies":[{"embeddable":true,"href":"https:\/\/vetaustral.com.ar\/index.php?rest_route=%2Fwp%2Fv2%2Fcomments&post=1364"}],"wp:featuredmedia":[{"embeddable":true,"href":"https:\/\/vetaustral.com.ar\/index.php?rest_route=\/wp\/v2\/media\/1365"}],"wp:attachment":[{"href":"https:\/\/vetaustral.com.ar\/index.php?rest_route=%2Fwp%2Fv2%2Fmedia&parent=1364"}],"wp:term":[{"taxonomy":"product_brand","embeddable":true,"href":"https:\/\/vetaustral.com.ar\/index.php?rest_route=%2Fwp%2Fv2%2Fproduct_brand&post=1364"},{"taxonomy":"product_cat","embeddable":true,"href":"https:\/\/vetaustral.com.ar\/index.php?rest_route=%2Fwp%2Fv2%2Fproduct_cat&post=1364"},{"taxonomy":"product_tag","embeddable":true,"href":"https:\/\/vetaustral.com.ar\/index.php?rest_route=%2Fwp%2Fv2%2Fproduct_tag&post=1364"}],"curies":[{"name":"wp","href":"https:\/\/api.w.org\/{rel}","templated":true}]}}