{"id":1361,"date":"2025-11-01T11:14:30","date_gmt":"2025-11-01T11:14:30","guid":{"rendered":"https:\/\/vetaustral.com.ar\/?post_type=product&#038;p=1361"},"modified":"2026-02-28T11:59:40","modified_gmt":"2026-02-28T11:59:40","slug":"d-normalina-x-100-ml-agropharma","status":"publish","type":"product","link":"https:\/\/vetaustral.com.ar\/?product=d-normalina-x-100-ml-agropharma","title":{"rendered":"D-Normalina x 100 ml &#8211; Agropharma"},"content":{"rendered":"<p>Contiene 1 frasco ampolla de 100 ml.<\/p>\n<ul>\n<li>Desintoxicante<\/li>\n<li>Hep\u00e1tico.<\/li>\n<li>Para <strong>equinos<\/strong>.<\/li>\n<\/ul>\n<h5><strong>F\u00f3rmula:<\/strong><\/h5>\n<p>Cada 100 ml contiene:<\/p>\n<ul>\n<li>\u00c1cido D \u2013 Glucofuranur\u00f3nico \u2013 10 gr<\/li>\n<li>Fenilmetanol 1,5 gr<\/li>\n<li>Agua bidestilada c.s.p. 100 ml.<\/li>\n<\/ul>\n<h5><strong>Indicaciones:<\/strong><\/h5>\n<p>Desintoxicante de las v\u00edas hep\u00e1ticas. Para eliminar sustancias extra\u00f1as o en exceso del organismo (antihelm\u00ednticos, sulfamidas, alcaloides, estr\u00f3genos, anest\u00e9sicos), etc..<\/p>\n<p>Agropharma<\/p>\n","protected":false},"excerpt":{"rendered":"<p>Contiene 1 frasco ampolla de 100 ml. Desintoxicante Hep\u00e1tico. Para equinos. F\u00f3rmula: Cada 100 ml contiene: \u00c1cido D \u2013 Glucofuranur\u00f3nico \u2013 10 gr Fenilmetanol 1,5 gr Agua bidestilada c.s.p. 100 ml. Indicaciones: Desintoxicante de las v\u00edas hep\u00e1ticas. Para eliminar sustancias extra\u00f1as o en exceso del organismo (antihelm\u00ednticos, sulfamidas, alcaloides, estr\u00f3genos, anest\u00e9sicos), etc.. Agropharma<\/p>\n","protected":false},"featured_media":1362,"comment_status":"open","ping_status":"closed","template":"","meta":[],"product_brand":[186],"product_cat":[33,32],"product_tag":[59,61,57],"class_list":{"0":"post-1361","1":"product","2":"type-product","3":"status-publish","4":"has-post-thumbnail","6":"product_brand-agropharma","7":"product_cat-equinos","8":"product_cat-farmacia","9":"product_tag-desintoxicante","10":"product_tag-equinos-deportivos","11":"product_tag-protector-hepatico","12":"sales-flash-overlay","13":"woocommerce-text-align-center","14":"woocommerce-image-align-center","15":"do-quantity-buttons","17":"first","18":"instock","19":"taxable","20":"shipping-taxable","21":"purchasable","22":"product-type-simple"},"jetpack_sharing_enabled":true,"_links":{"self":[{"href":"https:\/\/vetaustral.com.ar\/index.php?rest_route=\/wp\/v2\/product\/1361","targetHints":{"allow":["GET"]}}],"collection":[{"href":"https:\/\/vetaustral.com.ar\/index.php?rest_route=\/wp\/v2\/product"}],"about":[{"href":"https:\/\/vetaustral.com.ar\/index.php?rest_route=\/wp\/v2\/types\/product"}],"replies":[{"embeddable":true,"href":"https:\/\/vetaustral.com.ar\/index.php?rest_route=%2Fwp%2Fv2%2Fcomments&post=1361"}],"wp:featuredmedia":[{"embeddable":true,"href":"https:\/\/vetaustral.com.ar\/index.php?rest_route=\/wp\/v2\/media\/1362"}],"wp:attachment":[{"href":"https:\/\/vetaustral.com.ar\/index.php?rest_route=%2Fwp%2Fv2%2Fmedia&parent=1361"}],"wp:term":[{"taxonomy":"product_brand","embeddable":true,"href":"https:\/\/vetaustral.com.ar\/index.php?rest_route=%2Fwp%2Fv2%2Fproduct_brand&post=1361"},{"taxonomy":"product_cat","embeddable":true,"href":"https:\/\/vetaustral.com.ar\/index.php?rest_route=%2Fwp%2Fv2%2Fproduct_cat&post=1361"},{"taxonomy":"product_tag","embeddable":true,"href":"https:\/\/vetaustral.com.ar\/index.php?rest_route=%2Fwp%2Fv2%2Fproduct_tag&post=1361"}],"curies":[{"name":"wp","href":"https:\/\/api.w.org\/{rel}","templated":true}]}}