{"id":1357,"date":"2025-10-31T21:03:06","date_gmt":"2025-10-31T21:03:06","guid":{"rendered":"https:\/\/vetaustral.com.ar\/?post_type=product&#038;p=1357"},"modified":"2026-02-28T11:59:55","modified_gmt":"2026-02-28T11:59:55","slug":"desbridan-t-x-100-ml-agropharma","status":"publish","type":"product","link":"https:\/\/vetaustral.com.ar\/?product=desbridan-t-x-100-ml-agropharma","title":{"rendered":"Desbridan-T X 100 ml &#8211; Agropharma"},"content":{"rendered":"<p>Contiene 1 frasco ampolla de 100 ml.<\/p>\n<ul>\n<li>Antiinflamatorio enzim\u00e1tico.<\/li>\n<\/ul>\n<h5><strong>F\u00f3rmula:<\/strong><\/h5>\n<p>Cada 100 ml contiene:<\/p>\n<ul>\n<li>Alfa Quimotripsina 400.000 Ul<\/li>\n<li>Tripsina 100.000 Ul<\/li>\n<li>Hialuronidasa 500 Ul<\/li>\n<li>D.M.S.O. 1.000 mgr<\/li>\n<li>Nipag\u00edn 200 mgr<\/li>\n<li>Soluci\u00f3n fisiol\u00f3gica csp 100 ml<\/li>\n<li>pH: 7,5<\/li>\n<\/ul>\n<h5><strong>Indicaciones:<\/strong><\/h5>\n<p>Coadyuvante en el tratamiento de inflamaciones y edemas en general. Pericarditis traum\u00e1tica. Ulceras. Artritis supurativas. Queratoconjuntivitis. Osteomielitis, etc.. Coadyuvante de la terapia antimicrobiana. En este caso administrar la dosis correspondiente, juntamente con el antibi\u00f3tico, en jeringas separadas. Indicado en afecciones locales donde es necesaria la prote\u00f3lisis de tejidos muertos (Cureta Biol\u00f3gica).<\/p>\n<p>Agropharma<\/p>\n","protected":false},"excerpt":{"rendered":"<p>Contiene 1 frasco ampolla de 100 ml. Antiinflamatorio enzim\u00e1tico. F\u00f3rmula: Cada 100 ml contiene: Alfa Quimotripsina 400.000 Ul Tripsina 100.000 Ul Hialuronidasa 500 Ul D.M.S.O. 1.000 mgr Nipag\u00edn 200 mgr Soluci\u00f3n fisiol\u00f3gica csp 100 ml pH: 7,5 Indicaciones: Coadyuvante en el tratamiento de inflamaciones y edemas en general. Pericarditis traum\u00e1tica. Ulceras. Artritis supurativas. Queratoconjuntivitis. Osteomielitis, &#8230; <a title=\"Desbridan-T X 100 ml &#8211; Agropharma\" class=\"read-more\" href=\"https:\/\/vetaustral.com.ar\/?product=desbridan-t-x-100-ml-agropharma\" aria-label=\"Leer m\u00e1s sobre Desbridan-T X 100 ml &#8211; Agropharma\">Leer m\u00e1s<\/a><\/p>\n","protected":false},"featured_media":1360,"comment_status":"open","ping_status":"closed","template":"","meta":[],"product_brand":[186],"product_cat":[36,33,32,52],"product_tag":[173],"class_list":{"0":"post-1357","1":"product","2":"type-product","3":"status-publish","4":"has-post-thumbnail","6":"product_brand-agropharma","7":"product_cat-animales-de-compania","8":"product_cat-equinos","9":"product_cat-farmacia","10":"product_cat-grandes-animales","11":"product_tag-antiinflamatorio-enzimatico","12":"sales-flash-overlay","13":"woocommerce-text-align-center","14":"woocommerce-image-align-center","15":"do-quantity-buttons","17":"first","18":"instock","19":"taxable","20":"shipping-taxable","21":"purchasable","22":"product-type-simple"},"jetpack_sharing_enabled":true,"_links":{"self":[{"href":"https:\/\/vetaustral.com.ar\/index.php?rest_route=\/wp\/v2\/product\/1357","targetHints":{"allow":["GET"]}}],"collection":[{"href":"https:\/\/vetaustral.com.ar\/index.php?rest_route=\/wp\/v2\/product"}],"about":[{"href":"https:\/\/vetaustral.com.ar\/index.php?rest_route=\/wp\/v2\/types\/product"}],"replies":[{"embeddable":true,"href":"https:\/\/vetaustral.com.ar\/index.php?rest_route=%2Fwp%2Fv2%2Fcomments&post=1357"}],"wp:featuredmedia":[{"embeddable":true,"href":"https:\/\/vetaustral.com.ar\/index.php?rest_route=\/wp\/v2\/media\/1360"}],"wp:attachment":[{"href":"https:\/\/vetaustral.com.ar\/index.php?rest_route=%2Fwp%2Fv2%2Fmedia&parent=1357"}],"wp:term":[{"taxonomy":"product_brand","embeddable":true,"href":"https:\/\/vetaustral.com.ar\/index.php?rest_route=%2Fwp%2Fv2%2Fproduct_brand&post=1357"},{"taxonomy":"product_cat","embeddable":true,"href":"https:\/\/vetaustral.com.ar\/index.php?rest_route=%2Fwp%2Fv2%2Fproduct_cat&post=1357"},{"taxonomy":"product_tag","embeddable":true,"href":"https:\/\/vetaustral.com.ar\/index.php?rest_route=%2Fwp%2Fv2%2Fproduct_tag&post=1357"}],"curies":[{"name":"wp","href":"https:\/\/api.w.org\/{rel}","templated":true}]}}