{"id":1354,"date":"2025-10-31T20:28:24","date_gmt":"2025-10-31T20:28:24","guid":{"rendered":"https:\/\/vetaustral.com.ar\/?post_type=product&#038;p=1354"},"modified":"2026-02-28T12:00:14","modified_gmt":"2026-02-28T12:00:14","slug":"cumepina-compuesta-x-100-ml-agropharma","status":"publish","type":"product","link":"https:\/\/vetaustral.com.ar\/?product=cumepina-compuesta-x-100-ml-agropharma","title":{"rendered":"Cumepina compuesta x 100 ml &#8211; Agropharma"},"content":{"rendered":"<p>Contiene 1 frasco ampolla de 100 ml.<\/p>\n<ul>\n<li>Analg\u00e9sico espasmol\u00edtico.<\/li>\n<\/ul>\n<h5><strong>F\u00f3mula:<\/strong><\/h5>\n<p>Cada 100 ml contiene:<\/p>\n<ul>\n<li>N-Butil bromuro de Hioscina 400 mg.<\/li>\n<li>Dipirona (1 &#8211; Fenil &#8211; 2,3 dimetil &#8211; 5 pirazolona &#8211; 4 metilaminometansulfonato s\u00f3dico) 50 g.<\/li>\n<li>Nipag\u00edn s\u00f3dico 200 mg<\/li>\n<li>Agua para inyectables 100 ml.<\/li>\n<\/ul>\n<h5><strong>Indicaciones:<\/strong><\/h5>\n<p>Obstrucciones esof\u00e1gicas. Diarreas. C\u00f3licos espasm\u00f3dicos. C\u00f3licos hep\u00e1ticos. Gastroenteritis. V\u00f3mitos. Espasmos del sistema urogenital. Oclusi\u00f3n intestinal funcional.<\/p>\n<p>Agropharma<\/p>\n<p>&nbsp;<\/p>\n","protected":false},"excerpt":{"rendered":"<p>Contiene 1 frasco ampolla de 100 ml. Analg\u00e9sico espasmol\u00edtico. F\u00f3mula: Cada 100 ml contiene: N-Butil bromuro de Hioscina 400 mg. Dipirona (1 &#8211; Fenil &#8211; 2,3 dimetil &#8211; 5 pirazolona &#8211; 4 metilaminometansulfonato s\u00f3dico) 50 g. Nipag\u00edn s\u00f3dico 200 mg Agua para inyectables 100 ml. Indicaciones: Obstrucciones esof\u00e1gicas. Diarreas. C\u00f3licos espasm\u00f3dicos. C\u00f3licos hep\u00e1ticos. Gastroenteritis. V\u00f3mitos. &#8230; <a title=\"Cumepina compuesta x 100 ml &#8211; Agropharma\" class=\"read-more\" href=\"https:\/\/vetaustral.com.ar\/?product=cumepina-compuesta-x-100-ml-agropharma\" aria-label=\"Leer m\u00e1s sobre Cumepina compuesta x 100 ml &#8211; Agropharma\">Leer m\u00e1s<\/a><\/p>\n","protected":false},"featured_media":1356,"comment_status":"open","ping_status":"closed","template":"","meta":[],"product_brand":[186],"product_cat":[36,33,32,52],"product_tag":[49,187,188],"class_list":{"0":"post-1354","1":"product","2":"type-product","3":"status-publish","4":"has-post-thumbnail","6":"product_brand-agropharma","7":"product_cat-animales-de-compania","8":"product_cat-equinos","9":"product_cat-farmacia","10":"product_cat-grandes-animales","11":"product_tag-analgesico","12":"product_tag-antiesapasmolitico","13":"product_tag-antifebril","14":"sales-flash-overlay","15":"woocommerce-text-align-center","16":"woocommerce-image-align-center","17":"do-quantity-buttons","19":"first","20":"instock","21":"taxable","22":"shipping-taxable","23":"purchasable","24":"product-type-simple"},"jetpack_sharing_enabled":true,"_links":{"self":[{"href":"https:\/\/vetaustral.com.ar\/index.php?rest_route=\/wp\/v2\/product\/1354","targetHints":{"allow":["GET"]}}],"collection":[{"href":"https:\/\/vetaustral.com.ar\/index.php?rest_route=\/wp\/v2\/product"}],"about":[{"href":"https:\/\/vetaustral.com.ar\/index.php?rest_route=\/wp\/v2\/types\/product"}],"replies":[{"embeddable":true,"href":"https:\/\/vetaustral.com.ar\/index.php?rest_route=%2Fwp%2Fv2%2Fcomments&post=1354"}],"wp:featuredmedia":[{"embeddable":true,"href":"https:\/\/vetaustral.com.ar\/index.php?rest_route=\/wp\/v2\/media\/1356"}],"wp:attachment":[{"href":"https:\/\/vetaustral.com.ar\/index.php?rest_route=%2Fwp%2Fv2%2Fmedia&parent=1354"}],"wp:term":[{"taxonomy":"product_brand","embeddable":true,"href":"https:\/\/vetaustral.com.ar\/index.php?rest_route=%2Fwp%2Fv2%2Fproduct_brand&post=1354"},{"taxonomy":"product_cat","embeddable":true,"href":"https:\/\/vetaustral.com.ar\/index.php?rest_route=%2Fwp%2Fv2%2Fproduct_cat&post=1354"},{"taxonomy":"product_tag","embeddable":true,"href":"https:\/\/vetaustral.com.ar\/index.php?rest_route=%2Fwp%2Fv2%2Fproduct_tag&post=1354"}],"curies":[{"name":"wp","href":"https:\/\/api.w.org\/{rel}","templated":true}]}}