{"id":1351,"date":"2025-10-31T20:06:13","date_gmt":"2025-10-31T20:06:13","guid":{"rendered":"https:\/\/vetaustral.com.ar\/?post_type=product&#038;p=1351"},"modified":"2026-02-28T12:00:31","modified_gmt":"2026-02-28T12:00:31","slug":"combio-b2000-agropharma","status":"publish","type":"product","link":"https:\/\/vetaustral.com.ar\/?product=combio-b2000-agropharma","title":{"rendered":"Combio B2000 &#8211; Agropharma"},"content":{"rendered":"<p>Contiene 1 frasco ampolla x 20 ml y 1 frasco ampolla con polvo para diluir.<\/p>\n<ul>\n<li>Complejo B con factor H3.<\/li>\n<\/ul>\n<h5><strong>F\u00f3rmula:<\/strong><\/h5>\n<p>Cada 100 ml contiene:<br \/>\nCombio N\u00ba1:<\/p>\n<ul>\n<li>Tiamina Clorhidrato 500 mg<\/li>\n<li>Rivoflavina Fosfato 50 mg<\/li>\n<li>Nicotinamida 1.000 mg<\/li>\n<li>Piridoxina Clorhidrato 100 mg<\/li>\n<li>Pantotenato de Calcio 150 mg<\/li>\n<li>Vitamina B15 100 mg<\/li>\n<\/ul>\n<p>Combio N\u00ba2:<\/p>\n<ul>\n<li>Vitamina B12 2.000 mcg<\/li>\n<li>Proca\u00edna (Factor H3) 1500 mg<\/li>\n<li>Excipiente c.s.p. 20 ml.<\/li>\n<\/ul>\n<h5><strong>Indicaciones:<\/strong><\/h5>\n<p>Animales sometidos a intenso desgaste f\u00edsico y an\u00edmico (caballos de carrera, salto, polo, etc.). Estados artr\u00edticos. Neuropat\u00edas. Atrofia muscular. Estados an\u00e9micos. Dolores de origen muscular, nerviosos, reum\u00e1ticos. En todos los casos donde est\u00e9 indicado el complejo B.<\/p>\n<p>Agropharma<\/p>\n","protected":false},"excerpt":{"rendered":"<p>Contiene 1 frasco ampolla x 20 ml y 1 frasco ampolla con polvo para diluir. Complejo B con factor H3. F\u00f3rmula: Cada 100 ml contiene: Combio N\u00ba1: Tiamina Clorhidrato 500 mg Rivoflavina Fosfato 50 mg Nicotinamida 1.000 mg Piridoxina Clorhidrato 100 mg Pantotenato de Calcio 150 mg Vitamina B15 100 mg Combio N\u00ba2: Vitamina B12 &#8230; <a title=\"Combio B2000 &#8211; Agropharma\" class=\"read-more\" href=\"https:\/\/vetaustral.com.ar\/?product=combio-b2000-agropharma\" aria-label=\"Leer m\u00e1s sobre Combio B2000 &#8211; Agropharma\">Leer m\u00e1s<\/a><\/p>\n","protected":false},"featured_media":1353,"comment_status":"open","ping_status":"closed","template":"","meta":[],"product_brand":[186],"product_cat":[33,32],"product_tag":[61,136,116],"class_list":{"0":"post-1351","1":"product","2":"type-product","3":"status-publish","4":"has-post-thumbnail","6":"product_brand-agropharma","7":"product_cat-equinos","8":"product_cat-farmacia","9":"product_tag-equinos-deportivos","10":"product_tag-reconstituyente","11":"product_tag-vitaminico","12":"sales-flash-overlay","13":"woocommerce-text-align-center","14":"woocommerce-image-align-center","15":"do-quantity-buttons","17":"first","18":"instock","19":"taxable","20":"shipping-taxable","21":"purchasable","22":"product-type-simple"},"jetpack_sharing_enabled":true,"_links":{"self":[{"href":"https:\/\/vetaustral.com.ar\/index.php?rest_route=\/wp\/v2\/product\/1351","targetHints":{"allow":["GET"]}}],"collection":[{"href":"https:\/\/vetaustral.com.ar\/index.php?rest_route=\/wp\/v2\/product"}],"about":[{"href":"https:\/\/vetaustral.com.ar\/index.php?rest_route=\/wp\/v2\/types\/product"}],"replies":[{"embeddable":true,"href":"https:\/\/vetaustral.com.ar\/index.php?rest_route=%2Fwp%2Fv2%2Fcomments&post=1351"}],"wp:featuredmedia":[{"embeddable":true,"href":"https:\/\/vetaustral.com.ar\/index.php?rest_route=\/wp\/v2\/media\/1353"}],"wp:attachment":[{"href":"https:\/\/vetaustral.com.ar\/index.php?rest_route=%2Fwp%2Fv2%2Fmedia&parent=1351"}],"wp:term":[{"taxonomy":"product_brand","embeddable":true,"href":"https:\/\/vetaustral.com.ar\/index.php?rest_route=%2Fwp%2Fv2%2Fproduct_brand&post=1351"},{"taxonomy":"product_cat","embeddable":true,"href":"https:\/\/vetaustral.com.ar\/index.php?rest_route=%2Fwp%2Fv2%2Fproduct_cat&post=1351"},{"taxonomy":"product_tag","embeddable":true,"href":"https:\/\/vetaustral.com.ar\/index.php?rest_route=%2Fwp%2Fv2%2Fproduct_tag&post=1351"}],"curies":[{"name":"wp","href":"https:\/\/api.w.org\/{rel}","templated":true}]}}