{"id":1349,"date":"2025-10-31T19:43:27","date_gmt":"2025-10-31T19:43:27","guid":{"rendered":"https:\/\/vetaustral.com.ar\/?post_type=product&#038;p=1349"},"modified":"2026-02-28T12:00:44","modified_gmt":"2026-02-28T12:00:44","slug":"cofolic-a-x-50-ml-agropharma","status":"publish","type":"product","link":"https:\/\/vetaustral.com.ar\/?product=cofolic-a-x-50-ml-agropharma","title":{"rendered":"Cofolic A x 50 ml &#8211; Agropharma"},"content":{"rendered":"<p>Contiene 1 frasco ampolla de 50 ml.<\/p>\n<ul>\n<li>Reconstituyente.<\/li>\n<li>Elevador del Hematocrito.<\/li>\n<\/ul>\n<h5><strong>F\u00f3rmula:<\/strong><\/h5>\n<p>Cada 100 ml contiene:<\/p>\n<ul>\n<li>Acido F\u00f3lico 0,100 gr<\/li>\n<li>Vitamina B12 100.000 mcg<\/li>\n<li>Vitamina B1 10 gr<\/li>\n<li>Excipiente c.s.p. 100 ml.<\/li>\n<\/ul>\n<h5><strong>Indicaciones:<\/strong><\/h5>\n<p>T\u00f3nico hem\u00e1tico general, estimulante de la funci\u00f3n hep\u00e1tica, mejorador de estado general.<\/p>\n<p>Agropharma<\/p>\n","protected":false},"excerpt":{"rendered":"<p>Contiene 1 frasco ampolla de 50 ml. Reconstituyente. Elevador del Hematocrito. F\u00f3rmula: Cada 100 ml contiene: Acido F\u00f3lico 0,100 gr Vitamina B12 100.000 mcg Vitamina B1 10 gr Excipiente c.s.p. 100 ml. Indicaciones: T\u00f3nico hem\u00e1tico general, estimulante de la funci\u00f3n hep\u00e1tica, mejorador de estado general. Agropharma<\/p>\n","protected":false},"featured_media":1350,"comment_status":"open","ping_status":"closed","template":"","meta":[],"product_brand":[186],"product_cat":[33,32],"product_tag":[115,61,136],"class_list":{"0":"post-1349","1":"product","2":"type-product","3":"status-publish","4":"has-post-thumbnail","6":"product_brand-agropharma","7":"product_cat-equinos","8":"product_cat-farmacia","9":"product_tag-antianemico","10":"product_tag-equinos-deportivos","11":"product_tag-reconstituyente","12":"sales-flash-overlay","13":"woocommerce-text-align-center","14":"woocommerce-image-align-center","15":"do-quantity-buttons","17":"first","18":"instock","19":"taxable","20":"shipping-taxable","21":"purchasable","22":"product-type-simple"},"jetpack_sharing_enabled":true,"_links":{"self":[{"href":"https:\/\/vetaustral.com.ar\/index.php?rest_route=\/wp\/v2\/product\/1349","targetHints":{"allow":["GET"]}}],"collection":[{"href":"https:\/\/vetaustral.com.ar\/index.php?rest_route=\/wp\/v2\/product"}],"about":[{"href":"https:\/\/vetaustral.com.ar\/index.php?rest_route=\/wp\/v2\/types\/product"}],"replies":[{"embeddable":true,"href":"https:\/\/vetaustral.com.ar\/index.php?rest_route=%2Fwp%2Fv2%2Fcomments&post=1349"}],"wp:featuredmedia":[{"embeddable":true,"href":"https:\/\/vetaustral.com.ar\/index.php?rest_route=\/wp\/v2\/media\/1350"}],"wp:attachment":[{"href":"https:\/\/vetaustral.com.ar\/index.php?rest_route=%2Fwp%2Fv2%2Fmedia&parent=1349"}],"wp:term":[{"taxonomy":"product_brand","embeddable":true,"href":"https:\/\/vetaustral.com.ar\/index.php?rest_route=%2Fwp%2Fv2%2Fproduct_brand&post=1349"},{"taxonomy":"product_cat","embeddable":true,"href":"https:\/\/vetaustral.com.ar\/index.php?rest_route=%2Fwp%2Fv2%2Fproduct_cat&post=1349"},{"taxonomy":"product_tag","embeddable":true,"href":"https:\/\/vetaustral.com.ar\/index.php?rest_route=%2Fwp%2Fv2%2Fproduct_tag&post=1349"}],"curies":[{"name":"wp","href":"https:\/\/api.w.org\/{rel}","templated":true}]}}