{"id":1347,"date":"2025-10-31T15:34:00","date_gmt":"2025-10-31T15:34:00","guid":{"rendered":"https:\/\/vetaustral.com.ar\/?post_type=product&#038;p=1347"},"modified":"2026-02-28T12:00:55","modified_gmt":"2026-02-28T12:00:55","slug":"cardiotonico-cume-x-100-ml-agropharma","status":"publish","type":"product","link":"https:\/\/vetaustral.com.ar\/?product=cardiotonico-cume-x-100-ml-agropharma","title":{"rendered":"Cardiot\u00f3nico cume x 100 ml &#8211; Agropharma"},"content":{"rendered":"<p>Contiene 1 frasco ampolla de 100 ml.<\/p>\n<ul>\n<li>T\u00f3nico estimulante card\u00edaco.<\/li>\n<\/ul>\n<h5><strong>F\u00f3rmula:<\/strong><\/h5>\n<p>Cada 100 ml contiene:<\/p>\n<ul>\n<li>Salicilato de Sodio 3,2 gr<\/li>\n<li>Cafe\u00edna base 5 gr<\/li>\n<li>Glicina 1,5 gr<\/li>\n<li>Nicotinamida 2 gr<\/li>\n<li>Niketamida 3 gr<\/li>\n<li>Vitamina B6 0,5 gr<\/li>\n<li>Vitamina B15 0,15 gr<\/li>\n<li>Vitamina B12 10 mcg<\/li>\n<li>Excipiente c.s.p. 100 ml.<\/li>\n<\/ul>\n<h5><strong>Indicaciones:<\/strong><\/h5>\n<p>Falta de rendimiento, estado de inapetencia, depresi\u00f3n card\u00edaca, debilidad general, entre otros.<\/p>\n<p>Agropharma<\/p>\n","protected":false},"excerpt":{"rendered":"<p>Contiene 1 frasco ampolla de 100 ml. T\u00f3nico estimulante card\u00edaco. F\u00f3rmula: Cada 100 ml contiene: Salicilato de Sodio 3,2 gr Cafe\u00edna base 5 gr Glicina 1,5 gr Nicotinamida 2 gr Niketamida 3 gr Vitamina B6 0,5 gr Vitamina B15 0,15 gr Vitamina B12 10 mcg Excipiente c.s.p. 100 ml. Indicaciones: Falta de rendimiento, estado de &#8230; <a title=\"Cardiot\u00f3nico cume x 100 ml &#8211; Agropharma\" class=\"read-more\" href=\"https:\/\/vetaustral.com.ar\/?product=cardiotonico-cume-x-100-ml-agropharma\" aria-label=\"Leer m\u00e1s sobre Cardiot\u00f3nico cume x 100 ml &#8211; Agropharma\">Leer m\u00e1s<\/a><\/p>\n","protected":false},"featured_media":1348,"comment_status":"open","ping_status":"closed","template":"","meta":[],"product_brand":[186],"product_cat":[33,32],"product_tag":[61,135],"class_list":{"0":"post-1347","1":"product","2":"type-product","3":"status-publish","4":"has-post-thumbnail","6":"product_brand-agropharma","7":"product_cat-equinos","8":"product_cat-farmacia","9":"product_tag-equinos-deportivos","10":"product_tag-estimulante-cardiaco","11":"sales-flash-overlay","12":"woocommerce-text-align-center","13":"woocommerce-image-align-center","14":"do-quantity-buttons","16":"first","17":"instock","18":"taxable","19":"shipping-taxable","20":"purchasable","21":"product-type-simple"},"jetpack_sharing_enabled":true,"_links":{"self":[{"href":"https:\/\/vetaustral.com.ar\/index.php?rest_route=\/wp\/v2\/product\/1347","targetHints":{"allow":["GET"]}}],"collection":[{"href":"https:\/\/vetaustral.com.ar\/index.php?rest_route=\/wp\/v2\/product"}],"about":[{"href":"https:\/\/vetaustral.com.ar\/index.php?rest_route=\/wp\/v2\/types\/product"}],"replies":[{"embeddable":true,"href":"https:\/\/vetaustral.com.ar\/index.php?rest_route=%2Fwp%2Fv2%2Fcomments&post=1347"}],"wp:featuredmedia":[{"embeddable":true,"href":"https:\/\/vetaustral.com.ar\/index.php?rest_route=\/wp\/v2\/media\/1348"}],"wp:attachment":[{"href":"https:\/\/vetaustral.com.ar\/index.php?rest_route=%2Fwp%2Fv2%2Fmedia&parent=1347"}],"wp:term":[{"taxonomy":"product_brand","embeddable":true,"href":"https:\/\/vetaustral.com.ar\/index.php?rest_route=%2Fwp%2Fv2%2Fproduct_brand&post=1347"},{"taxonomy":"product_cat","embeddable":true,"href":"https:\/\/vetaustral.com.ar\/index.php?rest_route=%2Fwp%2Fv2%2Fproduct_cat&post=1347"},{"taxonomy":"product_tag","embeddable":true,"href":"https:\/\/vetaustral.com.ar\/index.php?rest_route=%2Fwp%2Fv2%2Fproduct_tag&post=1347"}],"curies":[{"name":"wp","href":"https:\/\/api.w.org\/{rel}","templated":true}]}}