{"id":1342,"date":"2025-10-31T15:10:02","date_gmt":"2025-10-31T15:10:02","guid":{"rendered":"https:\/\/vetaustral.com.ar\/?post_type=product&#038;p=1342"},"modified":"2026-01-30T12:54:57","modified_gmt":"2026-01-30T12:54:57","slug":"vitalbe-x-500-ml-argos","status":"publish","type":"product","link":"https:\/\/vetaustral.com.ar\/?product=vitalbe-x-500-ml-argos","title":{"rendered":"Vitalbe x 500 ml &#8211; Argos"},"content":{"rendered":"<p>Contiene 1 frasco de 500 ml.<\/p>\n<ul>\n<li>Soluci\u00f3n de glucosa con electrolitos y vitaminas del grupo B.<\/li>\n<li>Para <strong>bovinos<\/strong>, <strong>equinos<\/strong>, <strong>ovinos<\/strong>, <strong>porcinos<\/strong>, <strong>caninos<\/strong> y <strong>felinos<\/strong>.<\/li>\n<\/ul>\n<p><strong>F\u00f3rmula:<\/strong> cada 100 ml contiene:<\/p>\n<p>Glucosa pura anhidra &#8230;&#8230;&#8230;&#8230;.. 10,0 g.<\/p>\n<p>Vitamina B1 &#8230;&#8230;&#8230;&#8230;&#8230;&#8230;&#8230;&#8230;&#8230;&#8230;&#8230; 50 mg.<\/p>\n<p>Vitamina B2 &#8230;&#8230;&#8230;&#8230;&#8230;&#8230;&#8230;&#8230;&#8230;&#8230;&#8230; 15 mg.<\/p>\n<p>Vitamina B6 &#8230;&#8230;&#8230;&#8230;&#8230;&#8230;&#8230;&#8230;&#8230;&#8230;&#8230; 4 mg.<\/p>\n<p>Nicotinamida &#8230;&#8230;&#8230;&#8230;&#8230;&#8230;&#8230;&#8230;&#8230;&#8230; 100 mg.<\/p>\n<p>Cloruro de sodio &#8230;&#8230;&#8230;&#8230;&#8230;&#8230;&#8230;.. 700 mg.<\/p>\n<p>Cloruro de potasio &#8230;&#8230;&#8230;&#8230;&#8230;&#8230;. 40 mg.<\/p>\n<p>Cloruro de calcio &#8230;&#8230;&#8230;&#8230;&#8230;&#8230;&#8230;.. 24 mg.<\/p>\n<p>Cloruro de magnesio &#8230;&#8230;&#8230;&#8230;.. 10 mg.<\/p>\n<p>Excipientes c.s.<\/p>\n<p><strong>Indicaciones:<\/strong><\/p>\n<p>En todos aquellos casos que se requiera un aporte inmediato de energ\u00eda y que sea necesario corregir y mantener el equilibrio del medio interno. Deshidrataci\u00f3n, caquexia, hipoavitaminosis, training del S.P.C., diarreas graves, intervenciones quir\u00fargicas, toxicosis puerperal, coadyuvante en la restauraci\u00f3n de la volemia disminuida por hemorragias, etc.<\/p>\n<p>La aplicaci\u00f3n puede ser endovenosa lenta, subcut\u00e1nea o intraperitoneal.<\/p>\n<p>Argos<\/p>\n<p>&nbsp;<\/p>\n","protected":false},"excerpt":{"rendered":"<p>Contiene 1 frasco de 500 ml. Soluci\u00f3n de glucosa con electrolitos y vitaminas del grupo B. Para bovinos, equinos, ovinos, porcinos, caninos y felinos. F\u00f3rmula: cada 100 ml contiene: Glucosa pura anhidra &#8230;&#8230;&#8230;&#8230;.. 10,0 g. Vitamina B1 &#8230;&#8230;&#8230;&#8230;&#8230;&#8230;&#8230;&#8230;&#8230;&#8230;&#8230; 50 mg. Vitamina B2 &#8230;&#8230;&#8230;&#8230;&#8230;&#8230;&#8230;&#8230;&#8230;&#8230;&#8230; 15 mg. Vitamina B6 &#8230;&#8230;&#8230;&#8230;&#8230;&#8230;&#8230;&#8230;&#8230;&#8230;&#8230; 4 mg. Nicotinamida &#8230;&#8230;&#8230;&#8230;&#8230;&#8230;&#8230;&#8230;&#8230;&#8230; 100 mg. Cloruro &#8230; <a title=\"Vitalbe x 500 ml &#8211; Argos\" class=\"read-more\" href=\"https:\/\/vetaustral.com.ar\/?product=vitalbe-x-500-ml-argos\" aria-label=\"Leer m\u00e1s sobre Vitalbe x 500 ml &#8211; Argos\">Leer m\u00e1s<\/a><\/p>\n","protected":false},"featured_media":1343,"comment_status":"open","ping_status":"closed","template":"","meta":[],"product_brand":[176],"product_cat":[36,33,32,52],"product_tag":[61,185,184,116],"class_list":{"0":"post-1342","1":"product","2":"type-product","3":"status-publish","4":"has-post-thumbnail","6":"product_brand-argos","7":"product_cat-animales-de-compania","8":"product_cat-equinos","9":"product_cat-farmacia","10":"product_cat-grandes-animales","11":"product_tag-equinos-deportivos","12":"product_tag-rehidratante","13":"product_tag-suero-vitaminado","14":"product_tag-vitaminico","15":"sales-flash-overlay","16":"woocommerce-text-align-center","17":"woocommerce-image-align-center","18":"do-quantity-buttons","20":"first","21":"instock","22":"taxable","23":"shipping-taxable","24":"purchasable","25":"product-type-simple"},"jetpack_sharing_enabled":true,"_links":{"self":[{"href":"https:\/\/vetaustral.com.ar\/index.php?rest_route=\/wp\/v2\/product\/1342","targetHints":{"allow":["GET"]}}],"collection":[{"href":"https:\/\/vetaustral.com.ar\/index.php?rest_route=\/wp\/v2\/product"}],"about":[{"href":"https:\/\/vetaustral.com.ar\/index.php?rest_route=\/wp\/v2\/types\/product"}],"replies":[{"embeddable":true,"href":"https:\/\/vetaustral.com.ar\/index.php?rest_route=%2Fwp%2Fv2%2Fcomments&post=1342"}],"wp:featuredmedia":[{"embeddable":true,"href":"https:\/\/vetaustral.com.ar\/index.php?rest_route=\/wp\/v2\/media\/1343"}],"wp:attachment":[{"href":"https:\/\/vetaustral.com.ar\/index.php?rest_route=%2Fwp%2Fv2%2Fmedia&parent=1342"}],"wp:term":[{"taxonomy":"product_brand","embeddable":true,"href":"https:\/\/vetaustral.com.ar\/index.php?rest_route=%2Fwp%2Fv2%2Fproduct_brand&post=1342"},{"taxonomy":"product_cat","embeddable":true,"href":"https:\/\/vetaustral.com.ar\/index.php?rest_route=%2Fwp%2Fv2%2Fproduct_cat&post=1342"},{"taxonomy":"product_tag","embeddable":true,"href":"https:\/\/vetaustral.com.ar\/index.php?rest_route=%2Fwp%2Fv2%2Fproduct_tag&post=1342"}],"curies":[{"name":"wp","href":"https:\/\/api.w.org\/{rel}","templated":true}]}}