{"id":1339,"date":"2025-10-31T14:43:20","date_gmt":"2025-10-31T14:43:20","guid":{"rendered":"https:\/\/vetaustral.com.ar\/?post_type=product&#038;p=1339"},"modified":"2026-01-30T12:53:26","modified_gmt":"2026-01-30T12:53:26","slug":"tetracyn-l-a-x-250-ml-argos","status":"publish","type":"product","link":"https:\/\/vetaustral.com.ar\/?product=tetracyn-l-a-x-250-ml-argos","title":{"rendered":"Tetracyn L.A. x 250 ml &#8211; Argos"},"content":{"rendered":"<p>Contiene 1 frasco ampolla de 250 ml.<\/p>\n<ul>\n<li>Antibi\u00f3tico de larga acci\u00f3n.<\/li>\n<li>Para <strong>bovinos<\/strong>, <strong>ovinos<\/strong>, <strong>porcinos<\/strong>, <strong>aves<\/strong> y <strong>conejos<\/strong>.<\/li>\n<\/ul>\n<p><strong>F\u00f3rmula:<\/strong> cada 100 ml contiene:<\/p>\n<p>Oxitetraciclina Clorhidrato (expresada como base) 20 g.<\/p>\n<p>Agentes de formulaci\u00f3n c.s.<\/p>\n<p><strong>Indicaciones:<\/strong><\/p>\n<p>Indicado para el tratamiento de enfermedades producidas por microorganismos susceptibles a las oxitetraciclinas, en una \u00fanica aplicaci\u00f3n.<\/p>\n<p>Argos<\/p>\n","protected":false},"excerpt":{"rendered":"<p>Contiene 1 frasco ampolla de 250 ml. Antibi\u00f3tico de larga acci\u00f3n. Para bovinos, ovinos, porcinos, aves y conejos. F\u00f3rmula: cada 100 ml contiene: Oxitetraciclina Clorhidrato (expresada como base) 20 g. Agentes de formulaci\u00f3n c.s. Indicaciones: Indicado para el tratamiento de enfermedades producidas por microorganismos susceptibles a las oxitetraciclinas, en una \u00fanica aplicaci\u00f3n. Argos<\/p>\n","protected":false},"featured_media":1341,"comment_status":"open","ping_status":"closed","template":"","meta":[],"product_brand":[176],"product_cat":[36,32,52],"product_tag":[183],"class_list":{"0":"post-1339","1":"product","2":"type-product","3":"status-publish","4":"has-post-thumbnail","6":"product_brand-argos","7":"product_cat-animales-de-compania","8":"product_cat-farmacia","9":"product_cat-grandes-animales","10":"product_tag-antibiotico-de-larga-accion","11":"sales-flash-overlay","12":"woocommerce-text-align-center","13":"woocommerce-image-align-center","14":"do-quantity-buttons","16":"first","17":"instock","18":"taxable","19":"shipping-taxable","20":"purchasable","21":"product-type-simple"},"jetpack_sharing_enabled":true,"_links":{"self":[{"href":"https:\/\/vetaustral.com.ar\/index.php?rest_route=\/wp\/v2\/product\/1339","targetHints":{"allow":["GET"]}}],"collection":[{"href":"https:\/\/vetaustral.com.ar\/index.php?rest_route=\/wp\/v2\/product"}],"about":[{"href":"https:\/\/vetaustral.com.ar\/index.php?rest_route=\/wp\/v2\/types\/product"}],"replies":[{"embeddable":true,"href":"https:\/\/vetaustral.com.ar\/index.php?rest_route=%2Fwp%2Fv2%2Fcomments&post=1339"}],"wp:featuredmedia":[{"embeddable":true,"href":"https:\/\/vetaustral.com.ar\/index.php?rest_route=\/wp\/v2\/media\/1341"}],"wp:attachment":[{"href":"https:\/\/vetaustral.com.ar\/index.php?rest_route=%2Fwp%2Fv2%2Fmedia&parent=1339"}],"wp:term":[{"taxonomy":"product_brand","embeddable":true,"href":"https:\/\/vetaustral.com.ar\/index.php?rest_route=%2Fwp%2Fv2%2Fproduct_brand&post=1339"},{"taxonomy":"product_cat","embeddable":true,"href":"https:\/\/vetaustral.com.ar\/index.php?rest_route=%2Fwp%2Fv2%2Fproduct_cat&post=1339"},{"taxonomy":"product_tag","embeddable":true,"href":"https:\/\/vetaustral.com.ar\/index.php?rest_route=%2Fwp%2Fv2%2Fproduct_tag&post=1339"}],"curies":[{"name":"wp","href":"https:\/\/api.w.org\/{rel}","templated":true}]}}