{"id":1335,"date":"2025-10-31T14:25:32","date_gmt":"2025-10-31T14:25:32","guid":{"rendered":"https:\/\/vetaustral.com.ar\/?post_type=product&#038;p=1335"},"modified":"2026-01-30T12:52:17","modified_gmt":"2026-01-30T12:52:17","slug":"tetracyn-sol-x-100-ml-argos","status":"publish","type":"product","link":"https:\/\/vetaustral.com.ar\/?product=tetracyn-sol-x-100-ml-argos","title":{"rendered":"Tetracyn sol. x 100 ml &#8211; Argos"},"content":{"rendered":"<p>Contiene 1 frasco ampolla de 100 ml.<\/p>\n<ul>\n<li>Antibi\u00f3tico<\/li>\n<li><strong>Bovinos<\/strong>, <strong>equinos<\/strong>, <strong>porcinos<\/strong>, <strong>ovinos<\/strong>, <strong>caninos<\/strong> y <strong>aves<\/strong>.<\/li>\n<\/ul>\n<p><strong>F\u00f3rmula:\u00a0<\/strong>cada 100 ml contiene:<\/p>\n<p>Oxitetraciclina (como Clorhidrato) 5 g.<\/p>\n<p>Agentes de formulaci\u00f3n c.s.<\/p>\n<p><strong>Indicaciones:<\/strong><\/p>\n<p>En todas aquellas infecciones causadas por agentes sensibles a las tetraciclinas: Anaplasmosis, salmonelosis, leptospirosis, pasteurelosis, clostridiosis, disenter\u00eda porcina, micoplasmosis, mastitis, metritis, rickettsiosis, actinomicosis, traquebronquitis, bronconeumon\u00eda, otitis, infecciones umbelicales, retenci\u00f3n de placenta, infecciones secundarias a virosis.<\/p>\n<p>El producto se aplica por v\u00eda intramuscular, endovenosa, subcut\u00e1nea.<\/p>\n<p>Argos<\/p>\n","protected":false},"excerpt":{"rendered":"<p>Contiene 1 frasco ampolla de 100 ml. Antibi\u00f3tico Bovinos, equinos, porcinos, ovinos, caninos y aves. F\u00f3rmula:\u00a0cada 100 ml contiene: Oxitetraciclina (como Clorhidrato) 5 g. Agentes de formulaci\u00f3n c.s. Indicaciones: En todas aquellas infecciones causadas por agentes sensibles a las tetraciclinas: Anaplasmosis, salmonelosis, leptospirosis, pasteurelosis, clostridiosis, disenter\u00eda porcina, micoplasmosis, mastitis, metritis, rickettsiosis, actinomicosis, traquebronquitis, bronconeumon\u00eda, otitis, &#8230; <a title=\"Tetracyn sol. x 100 ml &#8211; Argos\" class=\"read-more\" href=\"https:\/\/vetaustral.com.ar\/?product=tetracyn-sol-x-100-ml-argos\" aria-label=\"Leer m\u00e1s sobre Tetracyn sol. x 100 ml &#8211; Argos\">Leer m\u00e1s<\/a><\/p>\n","protected":false},"featured_media":1336,"comment_status":"open","ping_status":"closed","template":"","meta":[],"product_brand":[176],"product_cat":[36,33,32,52],"product_tag":[53],"class_list":{"0":"post-1335","1":"product","2":"type-product","3":"status-publish","4":"has-post-thumbnail","6":"product_brand-argos","7":"product_cat-animales-de-compania","8":"product_cat-equinos","9":"product_cat-farmacia","10":"product_cat-grandes-animales","11":"product_tag-antibiotico","12":"sales-flash-overlay","13":"woocommerce-text-align-center","14":"woocommerce-image-align-center","15":"do-quantity-buttons","17":"first","18":"instock","19":"taxable","20":"shipping-taxable","21":"purchasable","22":"product-type-simple"},"jetpack_sharing_enabled":true,"_links":{"self":[{"href":"https:\/\/vetaustral.com.ar\/index.php?rest_route=\/wp\/v2\/product\/1335","targetHints":{"allow":["GET"]}}],"collection":[{"href":"https:\/\/vetaustral.com.ar\/index.php?rest_route=\/wp\/v2\/product"}],"about":[{"href":"https:\/\/vetaustral.com.ar\/index.php?rest_route=\/wp\/v2\/types\/product"}],"replies":[{"embeddable":true,"href":"https:\/\/vetaustral.com.ar\/index.php?rest_route=%2Fwp%2Fv2%2Fcomments&post=1335"}],"wp:featuredmedia":[{"embeddable":true,"href":"https:\/\/vetaustral.com.ar\/index.php?rest_route=\/wp\/v2\/media\/1336"}],"wp:attachment":[{"href":"https:\/\/vetaustral.com.ar\/index.php?rest_route=%2Fwp%2Fv2%2Fmedia&parent=1335"}],"wp:term":[{"taxonomy":"product_brand","embeddable":true,"href":"https:\/\/vetaustral.com.ar\/index.php?rest_route=%2Fwp%2Fv2%2Fproduct_brand&post=1335"},{"taxonomy":"product_cat","embeddable":true,"href":"https:\/\/vetaustral.com.ar\/index.php?rest_route=%2Fwp%2Fv2%2Fproduct_cat&post=1335"},{"taxonomy":"product_tag","embeddable":true,"href":"https:\/\/vetaustral.com.ar\/index.php?rest_route=%2Fwp%2Fv2%2Fproduct_tag&post=1335"}],"curies":[{"name":"wp","href":"https:\/\/api.w.org\/{rel}","templated":true}]}}