{"id":1331,"date":"2025-10-31T13:50:44","date_gmt":"2025-10-31T13:50:44","guid":{"rendered":"https:\/\/vetaustral.com.ar\/?post_type=product&#038;p=1331"},"modified":"2026-01-30T12:49:36","modified_gmt":"2026-01-30T12:49:36","slug":"streptopen-6-000-000-argos","status":"publish","type":"product","link":"https:\/\/vetaustral.com.ar\/?product=streptopen-6-000-000-argos","title":{"rendered":"Streptopen 6.000.000 &#8211; Argos"},"content":{"rendered":"<p>Contiene 1 frasco ampolla de 20 ml y 1 frasco ampolla polvo de polvo.<\/p>\n<ul>\n<li>Antibi\u00f3tico<\/li>\n<\/ul>\n<p><strong>F\u00f3rmula:\u00a0<\/strong><\/p>\n<p>Frasco N\u00b01:<\/p>\n<p>Penicilina G S\u00f3dica 3.000.000 UI; Penicilina G Benzat\u00ednica 3.000.000 UI; Estreptomicina 2 g.<\/p>\n<p>Frasco N\u00b02:<\/p>\n<p>Lidoca\u00edna 66 mg.; Excipientes c.s.p. 20 ml.<\/p>\n<p><strong>Indicaciones:<\/strong><\/p>\n<p>Infecciones causadas por agentes sensibles a las Penicilinas y Estreptomicinas: Neumon\u00edas, bronconeumon\u00edas, traque\u00edtis, mastitis estreptoc\u00f3cicas y estafiloc\u00f3cicas, actinomicosis, carbunco, metritis, pi\u00f3metras, infecciones de heridas, conjuntivitis, otitis, cistitis, leptospirosis, osteomielitis, pasteurelosis, infecciones secundarias a virosis.<\/p>\n<p>V\u00eda intramuscular. Una vez prepardo usar inmediatamente descartando lo sobrante.<\/p>\n<p>Argos<\/p>\n<p>&nbsp;<\/p>\n<p>&nbsp;<\/p>\n<p>&nbsp;<\/p>\n","protected":false},"excerpt":{"rendered":"<p>Contiene 1 frasco ampolla de 20 ml y 1 frasco ampolla polvo de polvo. Antibi\u00f3tico F\u00f3rmula:\u00a0 Frasco N\u00b01: Penicilina G S\u00f3dica 3.000.000 UI; Penicilina G Benzat\u00ednica 3.000.000 UI; Estreptomicina 2 g. Frasco N\u00b02: Lidoca\u00edna 66 mg.; Excipientes c.s.p. 20 ml. Indicaciones: Infecciones causadas por agentes sensibles a las Penicilinas y Estreptomicinas: Neumon\u00edas, bronconeumon\u00edas, traque\u00edtis, mastitis &#8230; <a title=\"Streptopen 6.000.000 &#8211; Argos\" class=\"read-more\" href=\"https:\/\/vetaustral.com.ar\/?product=streptopen-6-000-000-argos\" aria-label=\"Leer m\u00e1s sobre Streptopen 6.000.000 &#8211; Argos\">Leer m\u00e1s<\/a><\/p>\n","protected":false},"featured_media":1332,"comment_status":"open","ping_status":"closed","template":"","meta":[],"product_brand":[176],"product_cat":[33,32,52],"product_tag":[53,54],"class_list":{"0":"post-1331","1":"product","2":"type-product","3":"status-publish","4":"has-post-thumbnail","6":"product_brand-argos","7":"product_cat-equinos","8":"product_cat-farmacia","9":"product_cat-grandes-animales","10":"product_tag-antibiotico","11":"product_tag-penicilina","12":"sales-flash-overlay","13":"woocommerce-text-align-center","14":"woocommerce-image-align-center","15":"do-quantity-buttons","17":"first","18":"instock","19":"taxable","20":"shipping-taxable","21":"purchasable","22":"product-type-simple"},"jetpack_sharing_enabled":true,"_links":{"self":[{"href":"https:\/\/vetaustral.com.ar\/index.php?rest_route=\/wp\/v2\/product\/1331","targetHints":{"allow":["GET"]}}],"collection":[{"href":"https:\/\/vetaustral.com.ar\/index.php?rest_route=\/wp\/v2\/product"}],"about":[{"href":"https:\/\/vetaustral.com.ar\/index.php?rest_route=\/wp\/v2\/types\/product"}],"replies":[{"embeddable":true,"href":"https:\/\/vetaustral.com.ar\/index.php?rest_route=%2Fwp%2Fv2%2Fcomments&post=1331"}],"wp:featuredmedia":[{"embeddable":true,"href":"https:\/\/vetaustral.com.ar\/index.php?rest_route=\/wp\/v2\/media\/1332"}],"wp:attachment":[{"href":"https:\/\/vetaustral.com.ar\/index.php?rest_route=%2Fwp%2Fv2%2Fmedia&parent=1331"}],"wp:term":[{"taxonomy":"product_brand","embeddable":true,"href":"https:\/\/vetaustral.com.ar\/index.php?rest_route=%2Fwp%2Fv2%2Fproduct_brand&post=1331"},{"taxonomy":"product_cat","embeddable":true,"href":"https:\/\/vetaustral.com.ar\/index.php?rest_route=%2Fwp%2Fv2%2Fproduct_cat&post=1331"},{"taxonomy":"product_tag","embeddable":true,"href":"https:\/\/vetaustral.com.ar\/index.php?rest_route=%2Fwp%2Fv2%2Fproduct_tag&post=1331"}],"curies":[{"name":"wp","href":"https:\/\/api.w.org\/{rel}","templated":true}]}}