{"id":1318,"date":"2025-10-30T19:00:59","date_gmt":"2025-10-30T19:00:59","guid":{"rendered":"https:\/\/vetaustral.com.ar\/?post_type=product&#038;p=1318"},"modified":"2026-01-30T12:37:59","modified_gmt":"2026-01-30T12:37:59","slug":"cincobe-x-50-ml-argos","status":"publish","type":"product","link":"https:\/\/vetaustral.com.ar\/?product=cincobe-x-50-ml-argos","title":{"rendered":"Cincobe x 50 ml &#8211; Argos"},"content":{"rendered":"<p>Contiene 1 frasco ampolla de 50 ml.<\/p>\n<ul>\n<li>Vitam\u00ednico<\/li>\n<li>Suplemento preventivo y terap\u00e9utico<\/li>\n<li>Complejo B<\/li>\n<\/ul>\n<p><strong>F\u00f3rmula:\u00a0<\/strong>cada 100 ml contiene:<\/p>\n<p>Clorhidrato de Tiamina (B1)&#8230;&#8230;&#8230;&#8230;2000mg<\/p>\n<p>Fosfato de riboflavina (B2)&#8230;&#8230;&#8230;&#8230;&#8230;..100mg<\/p>\n<p>Clorhidrato de Piridoxina (B6)&#8230;&#8230;&#8230;..200mg<\/p>\n<p>Nicotinamida (B3)&#8230;&#8230;&#8230;&#8230;&#8230;&#8230;&#8230;&#8230;&#8230;&#8230;..1000mg<\/p>\n<p>Pantotenato de Calcio (B5)&#8230;&#8230;&#8230;&#8230;&#8230;..200mg<\/p>\n<p>Agente de formulacion c.s.p&#8230;&#8230;&#8230;&#8230;&#8230;.100ml<\/p>\n<p><strong>Indicaciones<\/strong>: estados carenciales, anorexias, stress, adinamia, hipoavitaminosis. Neuritis, neuralgias. Caquexia. Equinos deportivos en trainning S.P.C.<\/p>\n<p>Indicado para equinos, bovinos, ovinos, porcinos, felinos y caninos.<\/p>\n<p>Argos<\/p>\n","protected":false},"excerpt":{"rendered":"<p>Contiene 1 frasco ampolla de 50 ml. Vitam\u00ednico Suplemento preventivo y terap\u00e9utico Complejo B F\u00f3rmula:\u00a0cada 100 ml contiene: Clorhidrato de Tiamina (B1)&#8230;&#8230;&#8230;&#8230;2000mg Fosfato de riboflavina (B2)&#8230;&#8230;&#8230;&#8230;&#8230;..100mg Clorhidrato de Piridoxina (B6)&#8230;&#8230;&#8230;..200mg Nicotinamida (B3)&#8230;&#8230;&#8230;&#8230;&#8230;&#8230;&#8230;&#8230;&#8230;&#8230;..1000mg Pantotenato de Calcio (B5)&#8230;&#8230;&#8230;&#8230;&#8230;..200mg Agente de formulacion c.s.p&#8230;&#8230;&#8230;&#8230;&#8230;.100ml Indicaciones: estados carenciales, anorexias, stress, adinamia, hipoavitaminosis. Neuritis, neuralgias. Caquexia. Equinos deportivos en trainning S.P.C. &#8230; <a title=\"Cincobe x 50 ml &#8211; Argos\" class=\"read-more\" href=\"https:\/\/vetaustral.com.ar\/?product=cincobe-x-50-ml-argos\" aria-label=\"Leer m\u00e1s sobre Cincobe x 50 ml &#8211; Argos\">Leer m\u00e1s<\/a><\/p>\n","protected":false},"featured_media":1319,"comment_status":"open","ping_status":"closed","template":"","meta":[],"product_brand":[176],"product_cat":[36,33,32,52],"product_tag":[116],"class_list":{"0":"post-1318","1":"product","2":"type-product","3":"status-publish","4":"has-post-thumbnail","6":"product_brand-argos","7":"product_cat-animales-de-compania","8":"product_cat-equinos","9":"product_cat-farmacia","10":"product_cat-grandes-animales","11":"product_tag-vitaminico","12":"sales-flash-overlay","13":"woocommerce-text-align-center","14":"woocommerce-image-align-center","15":"do-quantity-buttons","17":"first","18":"instock","19":"taxable","20":"shipping-taxable","21":"purchasable","22":"product-type-simple"},"jetpack_sharing_enabled":true,"_links":{"self":[{"href":"https:\/\/vetaustral.com.ar\/index.php?rest_route=\/wp\/v2\/product\/1318","targetHints":{"allow":["GET"]}}],"collection":[{"href":"https:\/\/vetaustral.com.ar\/index.php?rest_route=\/wp\/v2\/product"}],"about":[{"href":"https:\/\/vetaustral.com.ar\/index.php?rest_route=\/wp\/v2\/types\/product"}],"replies":[{"embeddable":true,"href":"https:\/\/vetaustral.com.ar\/index.php?rest_route=%2Fwp%2Fv2%2Fcomments&post=1318"}],"wp:featuredmedia":[{"embeddable":true,"href":"https:\/\/vetaustral.com.ar\/index.php?rest_route=\/wp\/v2\/media\/1319"}],"wp:attachment":[{"href":"https:\/\/vetaustral.com.ar\/index.php?rest_route=%2Fwp%2Fv2%2Fmedia&parent=1318"}],"wp:term":[{"taxonomy":"product_brand","embeddable":true,"href":"https:\/\/vetaustral.com.ar\/index.php?rest_route=%2Fwp%2Fv2%2Fproduct_brand&post=1318"},{"taxonomy":"product_cat","embeddable":true,"href":"https:\/\/vetaustral.com.ar\/index.php?rest_route=%2Fwp%2Fv2%2Fproduct_cat&post=1318"},{"taxonomy":"product_tag","embeddable":true,"href":"https:\/\/vetaustral.com.ar\/index.php?rest_route=%2Fwp%2Fv2%2Fproduct_tag&post=1318"}],"curies":[{"name":"wp","href":"https:\/\/api.w.org\/{rel}","templated":true}]}}