{"id":1312,"date":"2025-10-29T21:53:09","date_gmt":"2025-10-29T21:53:09","guid":{"rendered":"https:\/\/vetaustral.com.ar\/?post_type=product&#038;p=1312"},"modified":"2026-01-29T19:43:12","modified_gmt":"2026-01-29T19:43:12","slug":"argosmectina-equinos-plus-x-10-gr-argos","status":"publish","type":"product","link":"https:\/\/vetaustral.com.ar\/?product=argosmectina-equinos-plus-x-10-gr-argos","title":{"rendered":"Argosmectina equinos plus x 10 gr &#8211; Argos"},"content":{"rendered":"<p>Contiene 1 jeringa dosificadora de 10 gr.<\/p>\n<ul>\n<li>Antiparasitario interno de amplio espectro para <strong>equinos<\/strong>.<\/li>\n<\/ul>\n<p><strong>F\u00f3rmula:\u00a0<\/strong>cada 100 g contiene:<\/p>\n<p>Ivermectina&#8230;&#8230;&#8230;&#8230;&#8230;&#8230;&#8230;&#8230;&#8230;&#8230;&#8230;1,2g<\/p>\n<p>Praziquantel&#8230;&#8230;&#8230;&#8230;&#8230;&#8230;&#8230;&#8230;&#8230;..15,0g<\/p>\n<p>Excipientes c.s.p&#8230;&#8230;&#8230;&#8230;&#8230;&#8230;100,0g<\/p>\n<p>Indicado como antiparasitario interno en el tratamiento de parasitosis gastrointestinales, y para el control de lesiones cut\u00e1neas causadas por larvas cut\u00e1neas de Habronema spp., Draschia spp. y microfilarias cut\u00e1neas de Onchocerca spp.<\/p>\n<p><strong>Argosmectina equinos plus\u00a0<\/strong>debe ser administrada por v\u00eda oral, cada jeringa de 10 g trata 600 kg de peso del equino.<\/p>\n<p>Argos<\/p>\n<p>&nbsp;<\/p>\n","protected":false},"excerpt":{"rendered":"<p>Contiene 1 jeringa dosificadora de 10 gr. Antiparasitario interno de amplio espectro para equinos. F\u00f3rmula:\u00a0cada 100 g contiene: Ivermectina&#8230;&#8230;&#8230;&#8230;&#8230;&#8230;&#8230;&#8230;&#8230;&#8230;&#8230;1,2g Praziquantel&#8230;&#8230;&#8230;&#8230;&#8230;&#8230;&#8230;&#8230;&#8230;..15,0g Excipientes c.s.p&#8230;&#8230;&#8230;&#8230;&#8230;&#8230;100,0g Indicado como antiparasitario interno en el tratamiento de parasitosis gastrointestinales, y para el control de lesiones cut\u00e1neas causadas por larvas cut\u00e1neas de Habronema spp., Draschia spp. y microfilarias cut\u00e1neas de Onchocerca spp. Argosmectina &#8230; <a title=\"Argosmectina equinos plus x 10 gr &#8211; Argos\" class=\"read-more\" href=\"https:\/\/vetaustral.com.ar\/?product=argosmectina-equinos-plus-x-10-gr-argos\" aria-label=\"Leer m\u00e1s sobre Argosmectina equinos plus x 10 gr &#8211; Argos\">Leer m\u00e1s<\/a><\/p>\n","protected":false},"featured_media":1313,"comment_status":"open","ping_status":"closed","template":"","meta":[],"product_brand":[176],"product_cat":[33,32],"product_tag":[65,71,58],"class_list":{"0":"post-1312","1":"product","2":"type-product","3":"status-publish","4":"has-post-thumbnail","6":"product_brand-argos","7":"product_cat-equinos","8":"product_cat-farmacia","9":"product_tag-antiparasitario-externo","10":"product_tag-antiparasitario-interno","11":"product_tag-equinos","12":"sales-flash-overlay","13":"woocommerce-text-align-center","14":"woocommerce-image-align-center","15":"do-quantity-buttons","17":"first","18":"instock","19":"taxable","20":"shipping-taxable","21":"purchasable","22":"product-type-simple"},"jetpack_sharing_enabled":true,"_links":{"self":[{"href":"https:\/\/vetaustral.com.ar\/index.php?rest_route=\/wp\/v2\/product\/1312","targetHints":{"allow":["GET"]}}],"collection":[{"href":"https:\/\/vetaustral.com.ar\/index.php?rest_route=\/wp\/v2\/product"}],"about":[{"href":"https:\/\/vetaustral.com.ar\/index.php?rest_route=\/wp\/v2\/types\/product"}],"replies":[{"embeddable":true,"href":"https:\/\/vetaustral.com.ar\/index.php?rest_route=%2Fwp%2Fv2%2Fcomments&post=1312"}],"wp:featuredmedia":[{"embeddable":true,"href":"https:\/\/vetaustral.com.ar\/index.php?rest_route=\/wp\/v2\/media\/1313"}],"wp:attachment":[{"href":"https:\/\/vetaustral.com.ar\/index.php?rest_route=%2Fwp%2Fv2%2Fmedia&parent=1312"}],"wp:term":[{"taxonomy":"product_brand","embeddable":true,"href":"https:\/\/vetaustral.com.ar\/index.php?rest_route=%2Fwp%2Fv2%2Fproduct_brand&post=1312"},{"taxonomy":"product_cat","embeddable":true,"href":"https:\/\/vetaustral.com.ar\/index.php?rest_route=%2Fwp%2Fv2%2Fproduct_cat&post=1312"},{"taxonomy":"product_tag","embeddable":true,"href":"https:\/\/vetaustral.com.ar\/index.php?rest_route=%2Fwp%2Fv2%2Fproduct_tag&post=1312"}],"curies":[{"name":"wp","href":"https:\/\/api.w.org\/{rel}","templated":true}]}}