{"id":1310,"date":"2025-10-29T21:30:33","date_gmt":"2025-10-29T21:30:33","guid":{"rendered":"https:\/\/vetaustral.com.ar\/?post_type=product&#038;p=1310"},"modified":"2026-01-30T12:37:22","modified_gmt":"2026-01-30T12:37:22","slug":"argosmectina-350-x-500-ml-argos","status":"publish","type":"product","link":"https:\/\/vetaustral.com.ar\/?product=argosmectina-350-x-500-ml-argos","title":{"rendered":"Argosmectina 3,50% x 500 ml &#8211; Argos"},"content":{"rendered":"<p>Contiene 1 frasco ampolla de 500 ml.<\/p>\n<ul>\n<li>Endectocida.<\/li>\n<li>Garrapaticida aprobado para erradicaci\u00f3n.<\/li>\n<\/ul>\n<p><strong>F\u00f3rmula:<\/strong><\/p>\n<p>Ivermectina &#8230;&#8230;&#8230;&#8230;&#8230;&#8230;&#8230;&#8230;&#8230;.3,50g<\/p>\n<p>Excipiente oleoso c.s.p &#8230;..100ml.<\/p>\n<p>Indicado para el control y tratamiento simultaneo de parasitosis internas y externas.<\/p>\n<p><strong>Agentes etiol\u00f3gicos:\u00a0<\/strong><\/p>\n<p>Par\u00e1sitos internos: Nem\u00e1todos gastrointestinales: ostertagia spp (adultos e inmaduros, inclusive formas inhibidas o hipobioticas), haemonchus spp (adultos e inmaduros), trichostongylus spp (adultos e inmaduros), cooperia spp (adultos e inmaduros).<\/p>\n<p>Par\u00e1sitos externos: Garrapatas: ayuda en el control de la garrapata com\u00fan de los bovinos rhipicephalus microplus.<\/p>\n<p>Producto garrapaticida aprobado para su uso en las <strong>ZONAS DE CONTROL<\/strong> (infestadas) e Indemne (control de focos con autorizaci\u00f3n de <strong>SENASA<\/strong>) y <strong>ZONAS DE ERRADICACION<\/strong> de acuerdo con la delimitaci\u00f3n epidemiol\u00f3gica que efect\u00fae el Programa Nacional de Lucha contra la Garrapata de la DNSA (res. 979\/87).<\/p>\n<p>Exclusivo para <strong>bovinos<\/strong>.<\/p>\n<p>Argos<\/p>\n","protected":false},"excerpt":{"rendered":"<p>Contiene 1 frasco ampolla de 500 ml. Endectocida. Garrapaticida aprobado para erradicaci\u00f3n. F\u00f3rmula: Ivermectina &#8230;&#8230;&#8230;&#8230;&#8230;&#8230;&#8230;&#8230;&#8230;.3,50g Excipiente oleoso c.s.p &#8230;..100ml. Indicado para el control y tratamiento simultaneo de parasitosis internas y externas. Agentes etiol\u00f3gicos:\u00a0 Par\u00e1sitos internos: Nem\u00e1todos gastrointestinales: ostertagia spp (adultos e inmaduros, inclusive formas inhibidas o hipobioticas), haemonchus spp (adultos e inmaduros), trichostongylus spp (adultos &#8230; <a title=\"Argosmectina 3,50% x 500 ml &#8211; Argos\" class=\"read-more\" href=\"https:\/\/vetaustral.com.ar\/?product=argosmectina-350-x-500-ml-argos\" aria-label=\"Leer m\u00e1s sobre Argosmectina 3,50% x 500 ml &#8211; Argos\">Leer m\u00e1s<\/a><\/p>\n","protected":false},"featured_media":1311,"comment_status":"open","ping_status":"closed","template":"","meta":[],"product_brand":[176],"product_cat":[32,52],"product_tag":[65,71,125,177,70],"class_list":{"0":"post-1310","1":"product","2":"type-product","3":"status-publish","4":"has-post-thumbnail","6":"product_brand-argos","7":"product_cat-farmacia","8":"product_cat-grandes-animales","9":"product_tag-antiparasitario-externo","10":"product_tag-antiparasitario-interno","11":"product_tag-bovinos","12":"product_tag-endectocida","13":"product_tag-garrapaticida","14":"sales-flash-overlay","15":"woocommerce-text-align-center","16":"woocommerce-image-align-center","17":"do-quantity-buttons","19":"first","20":"instock","21":"taxable","22":"shipping-taxable","23":"purchasable","24":"product-type-simple"},"jetpack_sharing_enabled":true,"_links":{"self":[{"href":"https:\/\/vetaustral.com.ar\/index.php?rest_route=\/wp\/v2\/product\/1310","targetHints":{"allow":["GET"]}}],"collection":[{"href":"https:\/\/vetaustral.com.ar\/index.php?rest_route=\/wp\/v2\/product"}],"about":[{"href":"https:\/\/vetaustral.com.ar\/index.php?rest_route=\/wp\/v2\/types\/product"}],"replies":[{"embeddable":true,"href":"https:\/\/vetaustral.com.ar\/index.php?rest_route=%2Fwp%2Fv2%2Fcomments&post=1310"}],"wp:featuredmedia":[{"embeddable":true,"href":"https:\/\/vetaustral.com.ar\/index.php?rest_route=\/wp\/v2\/media\/1311"}],"wp:attachment":[{"href":"https:\/\/vetaustral.com.ar\/index.php?rest_route=%2Fwp%2Fv2%2Fmedia&parent=1310"}],"wp:term":[{"taxonomy":"product_brand","embeddable":true,"href":"https:\/\/vetaustral.com.ar\/index.php?rest_route=%2Fwp%2Fv2%2Fproduct_brand&post=1310"},{"taxonomy":"product_cat","embeddable":true,"href":"https:\/\/vetaustral.com.ar\/index.php?rest_route=%2Fwp%2Fv2%2Fproduct_cat&post=1310"},{"taxonomy":"product_tag","embeddable":true,"href":"https:\/\/vetaustral.com.ar\/index.php?rest_route=%2Fwp%2Fv2%2Fproduct_tag&post=1310"}],"curies":[{"name":"wp","href":"https:\/\/api.w.org\/{rel}","templated":true}]}}