{"id":1308,"date":"2025-10-29T20:27:51","date_gmt":"2025-10-29T20:27:51","guid":{"rendered":"https:\/\/vetaustral.com.ar\/?post_type=product&#038;p=1308"},"modified":"2026-01-29T19:38:41","modified_gmt":"2026-01-29T19:38:41","slug":"cloralen-gotas-x-5-ml-holliday","status":"publish","type":"product","link":"https:\/\/vetaustral.com.ar\/?product=cloralen-gotas-x-5-ml-holliday","title":{"rendered":"Cloralen gotas x 5 ml &#8211; Holliday"},"content":{"rendered":"<p>Contiene 1 frasco gotero de 5 ml.<\/p>\n<ul>\n<li>Antibi\u00f3tico bacteriost\u00e1tico de amplio espectro vitaminado oral para <strong>p\u00e1jaros<\/strong>.<\/li>\n<\/ul>\n<h3>F\u00f3rmula<\/h3>\n<p>Cada 100 ml de la suspensi\u00f3n contiene:<br \/>\nCloranfenicol (como palmitato) 3 g.<br \/>\nVitamina B1 150mg<br \/>\nVitamina B2 2 mg .<br \/>\nVitamina B6 100 mg.<br \/>\nNicotinamida 150 mg.<br \/>\nPantotenato de calcio 20 mg .<br \/>\nExcipientes c.s.<\/p>\n<h3>acci\u00f3n<\/h3>\n<p>Antimicrobiano y suplemento vitam\u00ednico. El cloranfenicol act\u00faa inhibiendo la s\u00edntesis proteica bacteriana , a nivel de la subumnidad 50s de los ribosomas bacterianos. El resultado de esta acci\u00f3n antibi\u00f3tica es la inhibici\u00f3n de la multiplicaci\u00f3n bacteriana comport\u00e1ndose como bacteriost\u00e1tico.<\/p>\n<p>Vit B1: imprescindible para el metabolismo de las celulas del sistema nervioso, reduce el stress.<br \/>\nVit. B2: Ayuda al crecimiento, participa en la sintesis de hornomas.<br \/>\nVit B6: interviene en la s\u00edntesis de globulos rojos, colabora en el mantenimiento del sistema inmune y del sistema nervioso. Nicotinamida: esencial para el metabolismo celular.<br \/>\nPantotenato de Calcio: el \u00e1cido pantotenico, reduce el estress, ayuda al crecimiento celular y el calcio, desempe\u00f1a una funci\u00f3n estructural a nivel \u00f3seo.<\/p>\n<h3>indicaciones<\/h3>\n<p>Tratamiento de infecciones causadas por bacterias Gram positivas, Gram negativas, Clamidias, Ricketsias.Indicado para mejorar el estado general.<\/p>\n<p>Holliday<\/p>\n<p>&nbsp;<\/p>\n","protected":false},"excerpt":{"rendered":"<p>Contiene 1 frasco gotero de 5 ml. Antibi\u00f3tico bacteriost\u00e1tico de amplio espectro vitaminado oral para p\u00e1jaros. F\u00f3rmula Cada 100 ml de la suspensi\u00f3n contiene: Cloranfenicol (como palmitato) 3 g. Vitamina B1 150mg Vitamina B2 2 mg . Vitamina B6 100 mg. Nicotinamida 150 mg. Pantotenato de calcio 20 mg . Excipientes c.s. acci\u00f3n Antimicrobiano y &#8230; <a title=\"Cloralen gotas x 5 ml &#8211; Holliday\" class=\"read-more\" href=\"https:\/\/vetaustral.com.ar\/?product=cloralen-gotas-x-5-ml-holliday\" aria-label=\"Leer m\u00e1s sobre Cloralen gotas x 5 ml &#8211; Holliday\">Leer m\u00e1s<\/a><\/p>\n","protected":false},"featured_media":1309,"comment_status":"open","ping_status":"closed","template":"","meta":[],"product_brand":[164],"product_cat":[36,32],"product_tag":[53,157,175],"class_list":{"0":"post-1308","1":"product","2":"type-product","3":"status-publish","4":"has-post-thumbnail","6":"product_brand-holliday","7":"product_cat-animales-de-compania","8":"product_cat-farmacia","9":"product_tag-antibiotico","10":"product_tag-gotero","11":"product_tag-para-pajaros","12":"sales-flash-overlay","13":"woocommerce-text-align-center","14":"woocommerce-image-align-center","15":"do-quantity-buttons","17":"first","18":"instock","19":"taxable","20":"shipping-taxable","21":"purchasable","22":"product-type-simple"},"jetpack_sharing_enabled":true,"_links":{"self":[{"href":"https:\/\/vetaustral.com.ar\/index.php?rest_route=\/wp\/v2\/product\/1308","targetHints":{"allow":["GET"]}}],"collection":[{"href":"https:\/\/vetaustral.com.ar\/index.php?rest_route=\/wp\/v2\/product"}],"about":[{"href":"https:\/\/vetaustral.com.ar\/index.php?rest_route=\/wp\/v2\/types\/product"}],"replies":[{"embeddable":true,"href":"https:\/\/vetaustral.com.ar\/index.php?rest_route=%2Fwp%2Fv2%2Fcomments&post=1308"}],"wp:featuredmedia":[{"embeddable":true,"href":"https:\/\/vetaustral.com.ar\/index.php?rest_route=\/wp\/v2\/media\/1309"}],"wp:attachment":[{"href":"https:\/\/vetaustral.com.ar\/index.php?rest_route=%2Fwp%2Fv2%2Fmedia&parent=1308"}],"wp:term":[{"taxonomy":"product_brand","embeddable":true,"href":"https:\/\/vetaustral.com.ar\/index.php?rest_route=%2Fwp%2Fv2%2Fproduct_brand&post=1308"},{"taxonomy":"product_cat","embeddable":true,"href":"https:\/\/vetaustral.com.ar\/index.php?rest_route=%2Fwp%2Fv2%2Fproduct_cat&post=1308"},{"taxonomy":"product_tag","embeddable":true,"href":"https:\/\/vetaustral.com.ar\/index.php?rest_route=%2Fwp%2Fv2%2Fproduct_tag&post=1308"}],"curies":[{"name":"wp","href":"https:\/\/api.w.org\/{rel}","templated":true}]}}