{"id":1307,"date":"2025-10-29T19:45:32","date_gmt":"2025-10-29T19:45:32","guid":{"rendered":"https:\/\/vetaustral.com.ar\/?post_type=product&#038;p=1307"},"modified":"2026-01-29T12:47:13","modified_gmt":"2026-01-29T12:47:13","slug":"pimocard-10mg-x-10-comp-holliday","status":"publish","type":"product","link":"https:\/\/vetaustral.com.ar\/?product=pimocard-10mg-x-10-comp-holliday","title":{"rendered":"Pimocard 10mg x 10 comp \u2013 Holliday"},"content":{"rendered":"<p>Contiene 1 bl\u00edster de 10 comprimidos.<\/p>\n<ul>\n<li>Inotr\u00f3pico positivo y vasodilatador perif\u00e9rico.<\/li>\n<li>Para\u00a0<strong>perros<\/strong>.<\/li>\n<\/ul>\n<h3>F\u00f3rmula<\/h3>\n<p>Cada comprimido contiene:<br \/>\nPimobendan 10mg.<br \/>\nExcipientes c.s.<\/p>\n<h3>Acci\u00f3n<\/h3>\n<p>Aumenta la fuerza de contracci\u00f3n card\u00edaca debido a dos mecanismos:<br \/>\n1) sensibilizaci\u00f3n del miocardio a los efectos del calcio.<br \/>\n2) por inhibici\u00f3n de la enzima fosfodiesterasa-III.<br \/>\nReduce la resistencia vascular generando vasodilataci\u00f3n.<\/p>\n<p>ACCIONES SECUNDARIAS:<br \/>\nProlonga el potencial de acci\u00f3n de la c\u00e9lula card\u00edaca y reduce la tendencia a arritmias por reentradas.<br \/>\nEvita la agregaci\u00f3n plaquetaria e impide la formaci\u00f3n de trombos.<br \/>\nReduce las catecolaminas y por consecuencia el estr\u00e9s<\/p>\n<h3>Indicaciones<\/h3>\n<p>Insuficiencia card\u00edaca congestiva tipo B2 en perros debido a insuficiencia valvular o cardiomiopat\u00eda dilatada.<\/p>\n<p>Holliday<\/p>\n","protected":false},"excerpt":{"rendered":"<p>Contiene 1 bl\u00edster de 10 comprimidos. Inotr\u00f3pico positivo y vasodilatador perif\u00e9rico. Para\u00a0perros. F\u00f3rmula Cada comprimido contiene: Pimobendan 10mg. Excipientes c.s. Acci\u00f3n Aumenta la fuerza de contracci\u00f3n card\u00edaca debido a dos mecanismos: 1) sensibilizaci\u00f3n del miocardio a los efectos del calcio. 2) por inhibici\u00f3n de la enzima fosfodiesterasa-III. Reduce la resistencia vascular generando vasodilataci\u00f3n. ACCIONES SECUNDARIAS: &#8230; <a title=\"Pimocard 10mg x 10 comp \u2013 Holliday\" class=\"read-more\" href=\"https:\/\/vetaustral.com.ar\/?product=pimocard-10mg-x-10-comp-holliday\" aria-label=\"Leer m\u00e1s sobre Pimocard 10mg x 10 comp \u2013 Holliday\">Leer m\u00e1s<\/a><\/p>\n","protected":false},"featured_media":1305,"comment_status":"open","ping_status":"closed","template":"","meta":[],"product_brand":[164],"product_cat":[36,32],"product_tag":[172,171],"class_list":{"0":"post-1307","1":"product","2":"type-product","3":"status-publish","4":"has-post-thumbnail","6":"product_brand-holliday","7":"product_cat-animales-de-compania","8":"product_cat-farmacia","9":"product_tag-cardioprotector","10":"product_tag-vasodilatador","11":"sales-flash-overlay","12":"woocommerce-text-align-center","13":"woocommerce-image-align-center","14":"do-quantity-buttons","16":"first","17":"instock","18":"taxable","19":"shipping-taxable","20":"purchasable","21":"product-type-simple"},"jetpack_sharing_enabled":true,"_links":{"self":[{"href":"https:\/\/vetaustral.com.ar\/index.php?rest_route=\/wp\/v2\/product\/1307","targetHints":{"allow":["GET"]}}],"collection":[{"href":"https:\/\/vetaustral.com.ar\/index.php?rest_route=\/wp\/v2\/product"}],"about":[{"href":"https:\/\/vetaustral.com.ar\/index.php?rest_route=\/wp\/v2\/types\/product"}],"replies":[{"embeddable":true,"href":"https:\/\/vetaustral.com.ar\/index.php?rest_route=%2Fwp%2Fv2%2Fcomments&post=1307"}],"wp:featuredmedia":[{"embeddable":true,"href":"https:\/\/vetaustral.com.ar\/index.php?rest_route=\/wp\/v2\/media\/1305"}],"wp:attachment":[{"href":"https:\/\/vetaustral.com.ar\/index.php?rest_route=%2Fwp%2Fv2%2Fmedia&parent=1307"}],"wp:term":[{"taxonomy":"product_brand","embeddable":true,"href":"https:\/\/vetaustral.com.ar\/index.php?rest_route=%2Fwp%2Fv2%2Fproduct_brand&post=1307"},{"taxonomy":"product_cat","embeddable":true,"href":"https:\/\/vetaustral.com.ar\/index.php?rest_route=%2Fwp%2Fv2%2Fproduct_cat&post=1307"},{"taxonomy":"product_tag","embeddable":true,"href":"https:\/\/vetaustral.com.ar\/index.php?rest_route=%2Fwp%2Fv2%2Fproduct_tag&post=1307"}],"curies":[{"name":"wp","href":"https:\/\/api.w.org\/{rel}","templated":true}]}}