{"id":1299,"date":"2025-10-29T19:25:55","date_gmt":"2025-10-29T19:25:55","guid":{"rendered":"https:\/\/vetaustral.com.ar\/?post_type=product&#038;p=1299"},"modified":"2026-01-29T12:33:13","modified_gmt":"2026-01-29T12:33:13","slug":"acedan-gotas-x-10-ml-holliday","status":"publish","type":"product","link":"https:\/\/vetaustral.com.ar\/?product=acedan-gotas-x-10-ml-holliday","title":{"rendered":"Acedan gotas x 10 ml &#8211; Holliday"},"content":{"rendered":"<p>Contiene 1 frasco gotero de 10 ml.<\/p>\n<ul>\n<li>Tranquilizante neurol\u00e9ptico.<\/li>\n<li>Para <strong>perros<\/strong> y <strong>gatos<\/strong>.<\/li>\n<\/ul>\n<h3>F\u00f3rmula<\/h3>\n<p>Cada 100 ml de la soluci\u00f3n contiene:<br \/>\nAcepromacina maleato 1 g.<br \/>\nExcipientes c.s.<\/p>\n<h3>Acci\u00f3n<\/h3>\n<p>Produce estado de pasividad y calma.<br \/>\nDisminuye la excitabilidad nerviosa sin provocar embotamiento de la conciencia.<br \/>\nGenera indiferencia al medio, con disminuci\u00f3n de la actividad motora.<\/p>\n<p>ACCIONES SECUNDARIAS<br \/>\nDescenso de la presi\u00f3n arterial por bloqueo de receptores alfa perif\u00e9ricos.<br \/>\nAcci\u00f3n antiem\u00e9tica.<br \/>\nAcci\u00f3n antihistam\u00ednica.<\/p>\n<h3>Indicaciones<\/h3>\n<p>Tranquilizar al animal ante est\u00edmulos excitantes del entorno.<br \/>\nFacilitar el manejo del animal en maniobras cl\u00ednico-quir\u00fargicas y diagn\u00f3sticas.<br \/>\nEvitar nauseas y v\u00f3mitos en viajes por su efecto anticinet\u00f3sico.<br \/>\nAliviar la excitabilidad por prurito.<br \/>\nPre medicaci\u00f3n anest\u00e9sica.<br \/>\nRelajaci\u00f3n uretral.<br \/>\nReducir la tensi\u00f3n arterial.<\/p>\n<p>Holliday<\/p>\n","protected":false},"excerpt":{"rendered":"<p>Contiene 1 frasco gotero de 10 ml. Tranquilizante neurol\u00e9ptico. Para perros y gatos. F\u00f3rmula Cada 100 ml de la soluci\u00f3n contiene: Acepromacina maleato 1 g. Excipientes c.s. Acci\u00f3n Produce estado de pasividad y calma. Disminuye la excitabilidad nerviosa sin provocar embotamiento de la conciencia. Genera indiferencia al medio, con disminuci\u00f3n de la actividad motora. ACCIONES &#8230; <a title=\"Acedan gotas x 10 ml &#8211; Holliday\" class=\"read-more\" href=\"https:\/\/vetaustral.com.ar\/?product=acedan-gotas-x-10-ml-holliday\" aria-label=\"Leer m\u00e1s sobre Acedan gotas x 10 ml &#8211; Holliday\">Leer m\u00e1s<\/a><\/p>\n","protected":false},"featured_media":1301,"comment_status":"open","ping_status":"closed","template":"","meta":[],"product_brand":[164],"product_cat":[36,32],"product_tag":[157,142],"class_list":{"0":"post-1299","1":"product","2":"type-product","3":"status-publish","4":"has-post-thumbnail","6":"product_brand-holliday","7":"product_cat-animales-de-compania","8":"product_cat-farmacia","9":"product_tag-gotero","10":"product_tag-tranquilizante","11":"sales-flash-overlay","12":"woocommerce-text-align-center","13":"woocommerce-image-align-center","14":"do-quantity-buttons","16":"first","17":"instock","18":"taxable","19":"shipping-taxable","20":"purchasable","21":"product-type-simple"},"jetpack_sharing_enabled":true,"_links":{"self":[{"href":"https:\/\/vetaustral.com.ar\/index.php?rest_route=\/wp\/v2\/product\/1299","targetHints":{"allow":["GET"]}}],"collection":[{"href":"https:\/\/vetaustral.com.ar\/index.php?rest_route=\/wp\/v2\/product"}],"about":[{"href":"https:\/\/vetaustral.com.ar\/index.php?rest_route=\/wp\/v2\/types\/product"}],"replies":[{"embeddable":true,"href":"https:\/\/vetaustral.com.ar\/index.php?rest_route=%2Fwp%2Fv2%2Fcomments&post=1299"}],"wp:featuredmedia":[{"embeddable":true,"href":"https:\/\/vetaustral.com.ar\/index.php?rest_route=\/wp\/v2\/media\/1301"}],"wp:attachment":[{"href":"https:\/\/vetaustral.com.ar\/index.php?rest_route=%2Fwp%2Fv2%2Fmedia&parent=1299"}],"wp:term":[{"taxonomy":"product_brand","embeddable":true,"href":"https:\/\/vetaustral.com.ar\/index.php?rest_route=%2Fwp%2Fv2%2Fproduct_brand&post=1299"},{"taxonomy":"product_cat","embeddable":true,"href":"https:\/\/vetaustral.com.ar\/index.php?rest_route=%2Fwp%2Fv2%2Fproduct_cat&post=1299"},{"taxonomy":"product_tag","embeddable":true,"href":"https:\/\/vetaustral.com.ar\/index.php?rest_route=%2Fwp%2Fv2%2Fproduct_tag&post=1299"}],"curies":[{"name":"wp","href":"https:\/\/api.w.org\/{rel}","templated":true}]}}