{"id":1297,"date":"2025-10-29T15:10:09","date_gmt":"2025-10-29T15:10:09","guid":{"rendered":"https:\/\/vetaustral.com.ar\/?post_type=product&#038;p=1297"},"modified":"2026-01-29T12:34:45","modified_gmt":"2026-01-29T12:34:45","slug":"atriben-x-20-ml-holliday","status":"publish","type":"product","link":"https:\/\/vetaustral.com.ar\/?product=atriben-x-20-ml-holliday","title":{"rendered":"Atriben x 20 ml &#8211; Holliday"},"content":{"rendered":"<p>Contiene 1 frasco ampolla de 20 ml.<\/p>\n<ul>\n<li>Glucocorticoide de dep\u00f3sito.<\/li>\n<li>Antial\u00e9rgico<\/li>\n<li>Para <strong>perros<\/strong> y <strong>gatos<\/strong>.<\/li>\n<\/ul>\n<h3>F\u00f3rmula<\/h3>\n<p>Cada 100 ml de la suspensi\u00f3n contiene:<br \/>\nTriamcinolona acetonida 0,6 g<br \/>\nExcipientes c.s.<\/p>\n<h3>Acci\u00f3n<\/h3>\n<p>Antiinflamatorio esteroide.La triamcinolona, es un sint\u00e9tico fluorado con una potencia glucocorticoidea 5 veces mayor al cortisol, sin efecto mineralocorticoideo (retenci\u00f3n de sodio) y con una duraci\u00f3n de acci\u00f3n prolongada por la sal que la acompa\u00f1a.<br \/>\nAntiprur\u00edtico.<br \/>\nAntial\u00e9rgico<br \/>\nInmunosupresi\u00f3n<\/p>\n<h3>Indicaciones<\/h3>\n<p>Procesos inflamatorios: artritis traum\u00e1tica, tenosinovitis,miositis, etc<br \/>\nDermatitis al\u00e9rgicas<br \/>\nPrurito inespec\u00edfico<br \/>\nNeoplasias<br \/>\nEnfermedades autoinmunes<\/p>\n<p>Holliday<\/p>\n<p>&nbsp;<\/p>\n","protected":false},"excerpt":{"rendered":"<p>Contiene 1 frasco ampolla de 20 ml. Glucocorticoide de dep\u00f3sito. Antial\u00e9rgico Para perros y gatos. F\u00f3rmula Cada 100 ml de la suspensi\u00f3n contiene: Triamcinolona acetonida 0,6 g Excipientes c.s. Acci\u00f3n Antiinflamatorio esteroide.La triamcinolona, es un sint\u00e9tico fluorado con una potencia glucocorticoidea 5 veces mayor al cortisol, sin efecto mineralocorticoideo (retenci\u00f3n de sodio) y con una &#8230; <a title=\"Atriben x 20 ml &#8211; Holliday\" class=\"read-more\" href=\"https:\/\/vetaustral.com.ar\/?product=atriben-x-20-ml-holliday\" aria-label=\"Leer m\u00e1s sobre Atriben x 20 ml &#8211; Holliday\">Leer m\u00e1s<\/a><\/p>\n","protected":false},"featured_media":1298,"comment_status":"open","ping_status":"closed","template":"","meta":[],"product_brand":[164],"product_cat":[36,32],"product_tag":[75,43,44,48],"class_list":{"0":"post-1297","1":"product","2":"type-product","3":"status-publish","4":"has-post-thumbnail","6":"product_brand-holliday","7":"product_cat-animales-de-compania","8":"product_cat-farmacia","9":"product_tag-antialergico","10":"product_tag-antihistaminico","11":"product_tag-antiinflamatorio","12":"product_tag-esteroide","13":"sales-flash-overlay","14":"woocommerce-text-align-center","15":"woocommerce-image-align-center","16":"do-quantity-buttons","18":"first","19":"instock","20":"taxable","21":"shipping-taxable","22":"purchasable","23":"product-type-simple"},"jetpack_sharing_enabled":true,"_links":{"self":[{"href":"https:\/\/vetaustral.com.ar\/index.php?rest_route=\/wp\/v2\/product\/1297","targetHints":{"allow":["GET"]}}],"collection":[{"href":"https:\/\/vetaustral.com.ar\/index.php?rest_route=\/wp\/v2\/product"}],"about":[{"href":"https:\/\/vetaustral.com.ar\/index.php?rest_route=\/wp\/v2\/types\/product"}],"replies":[{"embeddable":true,"href":"https:\/\/vetaustral.com.ar\/index.php?rest_route=%2Fwp%2Fv2%2Fcomments&post=1297"}],"wp:featuredmedia":[{"embeddable":true,"href":"https:\/\/vetaustral.com.ar\/index.php?rest_route=\/wp\/v2\/media\/1298"}],"wp:attachment":[{"href":"https:\/\/vetaustral.com.ar\/index.php?rest_route=%2Fwp%2Fv2%2Fmedia&parent=1297"}],"wp:term":[{"taxonomy":"product_brand","embeddable":true,"href":"https:\/\/vetaustral.com.ar\/index.php?rest_route=%2Fwp%2Fv2%2Fproduct_brand&post=1297"},{"taxonomy":"product_cat","embeddable":true,"href":"https:\/\/vetaustral.com.ar\/index.php?rest_route=%2Fwp%2Fv2%2Fproduct_cat&post=1297"},{"taxonomy":"product_tag","embeddable":true,"href":"https:\/\/vetaustral.com.ar\/index.php?rest_route=%2Fwp%2Fv2%2Fproduct_tag&post=1297"}],"curies":[{"name":"wp","href":"https:\/\/api.w.org\/{rel}","templated":true}]}}