{"id":1293,"date":"2025-10-29T14:54:34","date_gmt":"2025-10-29T14:54:34","guid":{"rendered":"https:\/\/vetaustral.com.ar\/?post_type=product&#038;p=1293"},"modified":"2026-01-29T13:18:08","modified_gmt":"2026-01-29T13:18:08","slug":"enzimax-x-20-comp-holliday","status":"publish","type":"product","link":"https:\/\/vetaustral.com.ar\/?product=enzimax-x-20-comp-holliday","title":{"rendered":"Enzimax x 20 comp &#8211; Holliday"},"content":{"rendered":"<p>Contiene 2 bl\u00edsters de 10 comprimidos.<\/p>\n<ul>\n<li>Biomodulador formulado con enzimas proteol\u00edticas de origen vegetal.<\/li>\n<li>Para <strong>perros<\/strong> y <strong>gatos<\/strong>.<\/li>\n<\/ul>\n<h3>F\u00f3rmula<\/h3>\n<p>Cada comprimido contiene:<br \/>\nBromelina 32 mg (Equivalente a 80 unidades FIP)<br \/>\nPapaina 1,6 mg (Equivalente a 48000 unidades USP)<br \/>\nBetaina HCl 5 mg.<br \/>\nExcipientes c.s.<\/p>\n<h3>Acci\u00f3n<\/h3>\n<p>Suplemento dietario que colabora en el proceso digestivo, y ayuda a las dietas indicadas para trastornos gastrointestinales (tales como insuficiencias pancre\u00e1ticas, s\u00edndrome de mala digesti\u00f3n mala absorci\u00f3n, flatulencias). Las enzimas ayudan a metabolizar nutrientes complejos en simples , favoreciendo de esta manera su absorci\u00f3n.Adem\u00e1s colaboran en mantener la salud general de perros y gatos.<\/p>\n<h3>Indicaciones<\/h3>\n<p>Indicado para situaciones en donde se quiera mejorar la digesti\u00f3n de dietas caseras o comerciales, puede contribuir mejorando la absorci\u00f3n de nutrientes y disminuyendo hinchaz\u00f3n y flatulencias.<\/p>\n<p>Holliday<\/p>\n<p>&nbsp;<\/p>\n<p>&nbsp;<\/p>\n","protected":false},"excerpt":{"rendered":"<p>Contiene 2 bl\u00edsters de 10 comprimidos. Biomodulador formulado con enzimas proteol\u00edticas de origen vegetal. Para perros y gatos. F\u00f3rmula Cada comprimido contiene: Bromelina 32 mg (Equivalente a 80 unidades FIP) Papaina 1,6 mg (Equivalente a 48000 unidades USP) Betaina HCl 5 mg. Excipientes c.s. Acci\u00f3n Suplemento dietario que colabora en el proceso digestivo, y ayuda &#8230; <a title=\"Enzimax x 20 comp &#8211; Holliday\" class=\"read-more\" href=\"https:\/\/vetaustral.com.ar\/?product=enzimax-x-20-comp-holliday\" aria-label=\"Leer m\u00e1s sobre Enzimax x 20 comp &#8211; Holliday\">Leer m\u00e1s<\/a><\/p>\n","protected":false},"featured_media":1294,"comment_status":"open","ping_status":"closed","template":"","meta":[],"product_brand":[164],"product_cat":[36,32],"product_tag":[173],"class_list":{"0":"post-1293","1":"product","2":"type-product","3":"status-publish","4":"has-post-thumbnail","6":"product_brand-holliday","7":"product_cat-animales-de-compania","8":"product_cat-farmacia","9":"product_tag-antiinflamatorio-enzimatico","10":"sales-flash-overlay","11":"woocommerce-text-align-center","12":"woocommerce-image-align-center","13":"do-quantity-buttons","15":"first","16":"instock","17":"taxable","18":"shipping-taxable","19":"purchasable","20":"product-type-simple"},"jetpack_sharing_enabled":true,"_links":{"self":[{"href":"https:\/\/vetaustral.com.ar\/index.php?rest_route=\/wp\/v2\/product\/1293","targetHints":{"allow":["GET"]}}],"collection":[{"href":"https:\/\/vetaustral.com.ar\/index.php?rest_route=\/wp\/v2\/product"}],"about":[{"href":"https:\/\/vetaustral.com.ar\/index.php?rest_route=\/wp\/v2\/types\/product"}],"replies":[{"embeddable":true,"href":"https:\/\/vetaustral.com.ar\/index.php?rest_route=%2Fwp%2Fv2%2Fcomments&post=1293"}],"wp:featuredmedia":[{"embeddable":true,"href":"https:\/\/vetaustral.com.ar\/index.php?rest_route=\/wp\/v2\/media\/1294"}],"wp:attachment":[{"href":"https:\/\/vetaustral.com.ar\/index.php?rest_route=%2Fwp%2Fv2%2Fmedia&parent=1293"}],"wp:term":[{"taxonomy":"product_brand","embeddable":true,"href":"https:\/\/vetaustral.com.ar\/index.php?rest_route=%2Fwp%2Fv2%2Fproduct_brand&post=1293"},{"taxonomy":"product_cat","embeddable":true,"href":"https:\/\/vetaustral.com.ar\/index.php?rest_route=%2Fwp%2Fv2%2Fproduct_cat&post=1293"},{"taxonomy":"product_tag","embeddable":true,"href":"https:\/\/vetaustral.com.ar\/index.php?rest_route=%2Fwp%2Fv2%2Fproduct_tag&post=1293"}],"curies":[{"name":"wp","href":"https:\/\/api.w.org\/{rel}","templated":true}]}}