{"id":1290,"date":"2025-10-29T14:18:41","date_gmt":"2025-10-29T14:18:41","guid":{"rendered":"https:\/\/vetaustral.com.ar\/?post_type=product&#038;p=1290"},"modified":"2026-01-29T12:10:51","modified_gmt":"2026-01-29T12:10:51","slug":"ecthol-5-x-70-ml-holliday","status":"publish","type":"product","link":"https:\/\/vetaustral.com.ar\/?product=ecthol-5-x-70-ml-holliday","title":{"rendered":"Ecthol 5 x 70 ml &#8211; Holliday"},"content":{"rendered":"<p>Contiene 1 frasco de 70 ml.<\/p>\n<ul>\n<li>Antiparasitario externo de acci\u00f3n prolongada para <strong>perros<\/strong> y ambientes frecuentados por perros y gatos.<\/li>\n<li>Para <strong>perros<\/strong> mayores de 4 meses de edad.<\/li>\n<\/ul>\n<h3>F\u00f3rmula<\/h3>\n<p>Cada 100 ml de la soluci\u00f3n contiene:<br \/>\nClorpirifos 3,5 g.<br \/>\nCipermetrina 0,5 g.<br \/>\nExcipientes c.s.<\/p>\n<h3 style=\"font-weight: 600;\">Acci\u00f3n<\/h3>\n<p style=\"font-weight: 300;\">Antiparasitario externo pulguicida, garrapaticida y piojicida. Adulticida y larvicida.<br \/>\nClorpirif\u00f3s: Insecticida organofosforado que act\u00faa inhibiendo la acetilcolinesterasa, con lo que se mantiene la acci\u00f3n de la acetilcolina, neurotransmisor encargado de facilitar la comunicaci\u00f3n neuronal y neuromuscular. La acci\u00f3n sostenida de la acetilcolina produce par\u00e1lisis de tipo esp\u00e1stico en el par\u00e1sito susceptible.<br \/>\nCipermetrina: se comporta como neurot\u00f3xico, provocando en los par\u00e1sitos sensibles una hiperexcitaci\u00f3n seguida de par\u00e1lisis. Interacciona con el sitema GABA y los canales i\u00f3nicos dependientes de la acetilcolina,inhibi\u00e9ndola. Este mecanismo potencia la acci\u00f3n cuando se asocia con organofosforados .<\/p>\n<h3 style=\"font-weight: 600;\">Indicaciones<\/h3>\n<p style=\"font-weight: 300;\">Control de pulgas (Ctenocephalides felis \/ canis) y garrapatas (Rhipicephalus sanguineus) en perros mayores de 4 meses de edad y ambientes frecuentados por perros y gatos. Control de piojos y sarna sarc\u00f3ptica.<\/p>\n<p>Holliday<\/p>\n","protected":false},"excerpt":{"rendered":"<p>Contiene 1 frasco de 70 ml. Antiparasitario externo de acci\u00f3n prolongada para perros y ambientes frecuentados por perros y gatos. Para perros mayores de 4 meses de edad. F\u00f3rmula Cada 100 ml de la soluci\u00f3n contiene: Clorpirifos 3,5 g. Cipermetrina 0,5 g. Excipientes c.s. Acci\u00f3n Antiparasitario externo pulguicida, garrapaticida y piojicida. Adulticida y larvicida. Clorpirif\u00f3s: &#8230; <a title=\"Ecthol 5 x 70 ml &#8211; Holliday\" class=\"read-more\" href=\"https:\/\/vetaustral.com.ar\/?product=ecthol-5-x-70-ml-holliday\" aria-label=\"Leer m\u00e1s sobre Ecthol 5 x 70 ml &#8211; Holliday\">Leer m\u00e1s<\/a><\/p>\n","protected":false},"featured_media":1291,"comment_status":"open","ping_status":"closed","template":"","meta":[],"product_brand":[164],"product_cat":[36,32],"product_tag":[65,70,108,69],"class_list":{"0":"post-1290","1":"product","2":"type-product","3":"status-publish","4":"has-post-thumbnail","6":"product_brand-holliday","7":"product_cat-animales-de-compania","8":"product_cat-farmacia","9":"product_tag-antiparasitario-externo","10":"product_tag-garrapaticida","11":"product_tag-insecticida","12":"product_tag-pulguicida","13":"sales-flash-overlay","14":"woocommerce-text-align-center","15":"woocommerce-image-align-center","16":"do-quantity-buttons","18":"first","19":"instock","20":"taxable","21":"shipping-taxable","22":"purchasable","23":"product-type-simple"},"jetpack_sharing_enabled":true,"_links":{"self":[{"href":"https:\/\/vetaustral.com.ar\/index.php?rest_route=\/wp\/v2\/product\/1290","targetHints":{"allow":["GET"]}}],"collection":[{"href":"https:\/\/vetaustral.com.ar\/index.php?rest_route=\/wp\/v2\/product"}],"about":[{"href":"https:\/\/vetaustral.com.ar\/index.php?rest_route=\/wp\/v2\/types\/product"}],"replies":[{"embeddable":true,"href":"https:\/\/vetaustral.com.ar\/index.php?rest_route=%2Fwp%2Fv2%2Fcomments&post=1290"}],"wp:featuredmedia":[{"embeddable":true,"href":"https:\/\/vetaustral.com.ar\/index.php?rest_route=\/wp\/v2\/media\/1291"}],"wp:attachment":[{"href":"https:\/\/vetaustral.com.ar\/index.php?rest_route=%2Fwp%2Fv2%2Fmedia&parent=1290"}],"wp:term":[{"taxonomy":"product_brand","embeddable":true,"href":"https:\/\/vetaustral.com.ar\/index.php?rest_route=%2Fwp%2Fv2%2Fproduct_brand&post=1290"},{"taxonomy":"product_cat","embeddable":true,"href":"https:\/\/vetaustral.com.ar\/index.php?rest_route=%2Fwp%2Fv2%2Fproduct_cat&post=1290"},{"taxonomy":"product_tag","embeddable":true,"href":"https:\/\/vetaustral.com.ar\/index.php?rest_route=%2Fwp%2Fv2%2Fproduct_tag&post=1290"}],"curies":[{"name":"wp","href":"https:\/\/api.w.org\/{rel}","templated":true}]}}