{"id":1287,"date":"2025-10-29T14:00:53","date_gmt":"2025-10-29T14:00:53","guid":{"rendered":"https:\/\/vetaustral.com.ar\/?post_type=product&#038;p=1287"},"modified":"2026-01-29T12:09:45","modified_gmt":"2026-01-29T12:09:45","slug":"collar-ecthol-para-perros-medianos-y-grandes-holliday","status":"publish","type":"product","link":"https:\/\/vetaustral.com.ar\/?product=collar-ecthol-para-perros-medianos-y-grandes-holliday","title":{"rendered":"Collar ecthol para perros medianos y grandes \u2013 Holliday"},"content":{"rendered":"<p>Contiene 1 collar de 63 cm.<\/p>\n<ul>\n<li>Para el control de pulgas y garrapatas.<\/li>\n<li>Protecci\u00f3n durante 10 meses.<\/li>\n<li>Exclusivo para\u00a0<strong>perros\u00a0<\/strong>mayores de 4 meses de edad.<\/li>\n<\/ul>\n<h3>F\u00f3rmula<\/h3>\n<p>Cada collar contiene: Clorpirif\u00f3s 10%<\/p>\n<h3>Acci\u00f3n<\/h3>\n<p>Antiparasitario externo a base de Clorpirifos, organofosforado que act\u00faa por tensi\u00f3n de vapor con acci\u00f3n larvicida y adulticida Clorpirifos: Ejerce su acci\u00f3n, inhibiendo la acetilcolinesterasa, con lo que se mantiene la acci\u00f3n de la acetilcolina, neurotransmisor encargado de facilitar la comunicaci\u00f3n neuronal y neuromuscular. La acci\u00f3n sostenida de la acetilcolina produce en el par\u00e1sito susceptible, par\u00e1lisis de tipo esp\u00e1stico.<\/p>\n<h3>Indicaciones<\/h3>\n<p>Control de pulgas (Ctenocephalides canis y\/o felis) y garrapata(Rhipicephallus sanguineus).<\/p>\n<p>Holliday<\/p>\n","protected":false},"excerpt":{"rendered":"<p>Contiene 1 collar de 63 cm. Para el control de pulgas y garrapatas. Protecci\u00f3n durante 10 meses. Exclusivo para\u00a0perros\u00a0mayores de 4 meses de edad. F\u00f3rmula Cada collar contiene: Clorpirif\u00f3s 10% Acci\u00f3n Antiparasitario externo a base de Clorpirifos, organofosforado que act\u00faa por tensi\u00f3n de vapor con acci\u00f3n larvicida y adulticida Clorpirifos: Ejerce su acci\u00f3n, inhibiendo la &#8230; <a title=\"Collar ecthol para perros medianos y grandes \u2013 Holliday\" class=\"read-more\" href=\"https:\/\/vetaustral.com.ar\/?product=collar-ecthol-para-perros-medianos-y-grandes-holliday\" aria-label=\"Leer m\u00e1s sobre Collar ecthol para perros medianos y grandes \u2013 Holliday\">Leer m\u00e1s<\/a><\/p>\n","protected":false},"featured_media":1286,"comment_status":"open","ping_status":"closed","template":"","meta":[],"product_brand":[164],"product_cat":[36,32],"product_tag":[65,70,69],"class_list":{"0":"post-1287","1":"product","2":"type-product","3":"status-publish","4":"has-post-thumbnail","6":"product_brand-holliday","7":"product_cat-animales-de-compania","8":"product_cat-farmacia","9":"product_tag-antiparasitario-externo","10":"product_tag-garrapaticida","11":"product_tag-pulguicida","12":"sales-flash-overlay","13":"woocommerce-text-align-center","14":"woocommerce-image-align-center","15":"do-quantity-buttons","17":"first","18":"instock","19":"taxable","20":"shipping-taxable","21":"purchasable","22":"product-type-simple"},"jetpack_sharing_enabled":true,"_links":{"self":[{"href":"https:\/\/vetaustral.com.ar\/index.php?rest_route=\/wp\/v2\/product\/1287","targetHints":{"allow":["GET"]}}],"collection":[{"href":"https:\/\/vetaustral.com.ar\/index.php?rest_route=\/wp\/v2\/product"}],"about":[{"href":"https:\/\/vetaustral.com.ar\/index.php?rest_route=\/wp\/v2\/types\/product"}],"replies":[{"embeddable":true,"href":"https:\/\/vetaustral.com.ar\/index.php?rest_route=%2Fwp%2Fv2%2Fcomments&post=1287"}],"wp:featuredmedia":[{"embeddable":true,"href":"https:\/\/vetaustral.com.ar\/index.php?rest_route=\/wp\/v2\/media\/1286"}],"wp:attachment":[{"href":"https:\/\/vetaustral.com.ar\/index.php?rest_route=%2Fwp%2Fv2%2Fmedia&parent=1287"}],"wp:term":[{"taxonomy":"product_brand","embeddable":true,"href":"https:\/\/vetaustral.com.ar\/index.php?rest_route=%2Fwp%2Fv2%2Fproduct_brand&post=1287"},{"taxonomy":"product_cat","embeddable":true,"href":"https:\/\/vetaustral.com.ar\/index.php?rest_route=%2Fwp%2Fv2%2Fproduct_cat&post=1287"},{"taxonomy":"product_tag","embeddable":true,"href":"https:\/\/vetaustral.com.ar\/index.php?rest_route=%2Fwp%2Fv2%2Fproduct_tag&post=1287"}],"curies":[{"name":"wp","href":"https:\/\/api.w.org\/{rel}","templated":true}]}}