{"id":1279,"date":"2025-10-28T23:01:13","date_gmt":"2025-10-28T23:01:13","guid":{"rendered":"https:\/\/vetaustral.com.ar\/?post_type=product&#038;p=1279"},"modified":"2026-03-09T14:51:37","modified_gmt":"2026-03-09T14:51:37","slug":"cardial-b5-x-20-comp-holliday","status":"publish","type":"product","link":"https:\/\/vetaustral.com.ar\/?product=cardial-b5-x-20-comp-holliday","title":{"rendered":"Cardial B5 x 20 comp \u2013 Holliday"},"content":{"rendered":"<p>Contiene 2 blisters de 10 comprimidos.<\/p>\n<ul>\n<li>Vasodilatador mixto y protector card\u00edaco.<\/li>\n<li><strong>Caninos<\/strong>.<\/li>\n<\/ul>\n<h3>F\u00f3rmula<\/h3>\n<p>Cada comprimido contiene:<br \/>\nBenazepril base (como clorhidrato) 5 mg.<br \/>\nEspironolactona 20 mg.<br \/>\nExcipientes c.s.<\/p>\n<h3>Acci\u00f3n<\/h3>\n<p>Benazepril, un inhibidor de la enzima convertidora de la angiotensina y vasodilatador mixto, asociado a la espironolactona como protector card\u00edaco a los efectos de la aldosterona.<\/p>\n<h3>Indicaciones<\/h3>\n<p>Insuficiencia card\u00edaca en perros, debido a insuficiencia valvular o cardiomiopat\u00eda dilatada.<\/p>\n<p>Holliday<\/p>\n","protected":false},"excerpt":{"rendered":"<p>Contiene 2 blisters de 10 comprimidos. Vasodilatador mixto y protector card\u00edaco. Caninos. F\u00f3rmula Cada comprimido contiene: Benazepril base (como clorhidrato) 5 mg. Espironolactona 20 mg. Excipientes c.s. Acci\u00f3n Benazepril, un inhibidor de la enzima convertidora de la angiotensina y vasodilatador mixto, asociado a la espironolactona como protector card\u00edaco a los efectos de la aldosterona. Indicaciones &#8230; <a title=\"Cardial B5 x 20 comp \u2013 Holliday\" class=\"read-more\" href=\"https:\/\/vetaustral.com.ar\/?product=cardial-b5-x-20-comp-holliday\" aria-label=\"Leer m\u00e1s sobre Cardial B5 x 20 comp \u2013 Holliday\">Leer m\u00e1s<\/a><\/p>\n","protected":false},"featured_media":1278,"comment_status":"open","ping_status":"closed","template":"","meta":[],"product_brand":[164],"product_cat":[36,32],"product_tag":[172,171],"class_list":{"0":"post-1279","1":"product","2":"type-product","3":"status-publish","4":"has-post-thumbnail","6":"product_brand-holliday","7":"product_cat-animales-de-compania","8":"product_cat-farmacia","9":"product_tag-cardioprotector","10":"product_tag-vasodilatador","11":"sales-flash-overlay","12":"woocommerce-text-align-center","13":"woocommerce-image-align-center","14":"do-quantity-buttons","16":"first","17":"instock","18":"taxable","19":"shipping-taxable","20":"purchasable","21":"product-type-simple"},"jetpack_sharing_enabled":true,"_links":{"self":[{"href":"https:\/\/vetaustral.com.ar\/index.php?rest_route=\/wp\/v2\/product\/1279","targetHints":{"allow":["GET"]}}],"collection":[{"href":"https:\/\/vetaustral.com.ar\/index.php?rest_route=\/wp\/v2\/product"}],"about":[{"href":"https:\/\/vetaustral.com.ar\/index.php?rest_route=\/wp\/v2\/types\/product"}],"replies":[{"embeddable":true,"href":"https:\/\/vetaustral.com.ar\/index.php?rest_route=%2Fwp%2Fv2%2Fcomments&post=1279"}],"wp:featuredmedia":[{"embeddable":true,"href":"https:\/\/vetaustral.com.ar\/index.php?rest_route=\/wp\/v2\/media\/1278"}],"wp:attachment":[{"href":"https:\/\/vetaustral.com.ar\/index.php?rest_route=%2Fwp%2Fv2%2Fmedia&parent=1279"}],"wp:term":[{"taxonomy":"product_brand","embeddable":true,"href":"https:\/\/vetaustral.com.ar\/index.php?rest_route=%2Fwp%2Fv2%2Fproduct_brand&post=1279"},{"taxonomy":"product_cat","embeddable":true,"href":"https:\/\/vetaustral.com.ar\/index.php?rest_route=%2Fwp%2Fv2%2Fproduct_cat&post=1279"},{"taxonomy":"product_tag","embeddable":true,"href":"https:\/\/vetaustral.com.ar\/index.php?rest_route=%2Fwp%2Fv2%2Fproduct_tag&post=1279"}],"curies":[{"name":"wp","href":"https:\/\/api.w.org\/{rel}","templated":true}]}}