{"id":1275,"date":"2025-10-28T22:48:33","date_gmt":"2025-10-28T22:48:33","guid":{"rendered":"https:\/\/vetaustral.com.ar\/?post_type=product&#038;p=1275"},"modified":"2026-01-29T11:38:01","modified_gmt":"2026-01-29T11:38:01","slug":"bio-clin-enjuague-bucal-x-250-ml-holliday","status":"publish","type":"product","link":"https:\/\/vetaustral.com.ar\/?product=bio-clin-enjuague-bucal-x-250-ml-holliday","title":{"rendered":"Bio clin enjuague bucal x 250 ml -Holliday"},"content":{"rendered":"<p>Contiene 1 frasco de 250 ml.<\/p>\n<ul>\n<li>Soluci\u00f3n antis\u00e9ptica bucal.<\/li>\n<li>Refrescante y palatable.<\/li>\n<li>Para cuidar la higiene bucal y manejo del mal aliento.<\/li>\n<li>Para <strong>perros<\/strong> y <strong>gatos<\/strong>.<\/li>\n<\/ul>\n<h3>F\u00f3rmula<\/h3>\n<p>Cada 100 ml de soluci\u00f3n contiene:<\/p>\n<p>Xilitol 0,5 g<\/p>\n<p>Excipientes c.s<\/p>\n<h3>Acci\u00f3n<\/h3>\n<p>El Xilitol impide que las bacterias bucales capten la glucosa (necesaria para que sobrevivan) Adem\u00e1s evita que las sales de calcio de la saliva se depositen en la placa dental, disminuyendo la formaci\u00f3n de sarro. El uso diario genera una pel\u00edcula sobre el diente que bloquea la adherencia de placa dental, controlando el mal aliento.<\/p>\n<h3>Indicaciones<\/h3>\n<p>Prevenci\u00f3n y tratamiento de las afecciones orales m\u00e1s frecuentes en perros y gatos. Combatir placa dental, sarro, halitosis. Mantener saludable la cavidad bucal.<\/p>\n<p>Holliday<\/p>\n","protected":false},"excerpt":{"rendered":"<p>Contiene 1 frasco de 250 ml. Soluci\u00f3n antis\u00e9ptica bucal. Refrescante y palatable. Para cuidar la higiene bucal y manejo del mal aliento. Para perros y gatos. F\u00f3rmula Cada 100 ml de soluci\u00f3n contiene: Xilitol 0,5 g Excipientes c.s Acci\u00f3n El Xilitol impide que las bacterias bucales capten la glucosa (necesaria para que sobrevivan) Adem\u00e1s evita &#8230; <a title=\"Bio clin enjuague bucal x 250 ml -Holliday\" class=\"read-more\" href=\"https:\/\/vetaustral.com.ar\/?product=bio-clin-enjuague-bucal-x-250-ml-holliday\" aria-label=\"Leer m\u00e1s sobre Bio clin enjuague bucal x 250 ml -Holliday\">Leer m\u00e1s<\/a><\/p>\n","protected":false},"featured_media":1276,"comment_status":"open","ping_status":"closed","template":"","meta":[],"product_brand":[164],"product_cat":[36,32],"product_tag":[170,168],"class_list":{"0":"post-1275","1":"product","2":"type-product","3":"status-publish","4":"has-post-thumbnail","6":"product_brand-holliday","7":"product_cat-animales-de-compania","8":"product_cat-farmacia","9":"product_tag-combate-el-mal-aliento","10":"product_tag-cuidado-bucal","11":"sales-flash-overlay","12":"woocommerce-text-align-center","13":"woocommerce-image-align-center","14":"do-quantity-buttons","16":"first","17":"instock","18":"taxable","19":"shipping-taxable","20":"purchasable","21":"product-type-simple"},"jetpack_sharing_enabled":true,"_links":{"self":[{"href":"https:\/\/vetaustral.com.ar\/index.php?rest_route=\/wp\/v2\/product\/1275","targetHints":{"allow":["GET"]}}],"collection":[{"href":"https:\/\/vetaustral.com.ar\/index.php?rest_route=\/wp\/v2\/product"}],"about":[{"href":"https:\/\/vetaustral.com.ar\/index.php?rest_route=\/wp\/v2\/types\/product"}],"replies":[{"embeddable":true,"href":"https:\/\/vetaustral.com.ar\/index.php?rest_route=%2Fwp%2Fv2%2Fcomments&post=1275"}],"wp:featuredmedia":[{"embeddable":true,"href":"https:\/\/vetaustral.com.ar\/index.php?rest_route=\/wp\/v2\/media\/1276"}],"wp:attachment":[{"href":"https:\/\/vetaustral.com.ar\/index.php?rest_route=%2Fwp%2Fv2%2Fmedia&parent=1275"}],"wp:term":[{"taxonomy":"product_brand","embeddable":true,"href":"https:\/\/vetaustral.com.ar\/index.php?rest_route=%2Fwp%2Fv2%2Fproduct_brand&post=1275"},{"taxonomy":"product_cat","embeddable":true,"href":"https:\/\/vetaustral.com.ar\/index.php?rest_route=%2Fwp%2Fv2%2Fproduct_cat&post=1275"},{"taxonomy":"product_tag","embeddable":true,"href":"https:\/\/vetaustral.com.ar\/index.php?rest_route=%2Fwp%2Fv2%2Fproduct_tag&post=1275"}],"curies":[{"name":"wp","href":"https:\/\/api.w.org\/{rel}","templated":true}]}}