{"id":1268,"date":"2025-10-28T21:20:31","date_gmt":"2025-10-28T21:20:31","guid":{"rendered":"https:\/\/vetaustral.com.ar\/?post_type=product&#038;p=1268"},"modified":"2026-01-29T11:35:09","modified_gmt":"2026-01-29T11:35:09","slug":"ohm-x-21-comp-holliday","status":"publish","type":"product","link":"https:\/\/vetaustral.com.ar\/?product=ohm-x-21-comp-holliday","title":{"rendered":"Ohm x 21 comp &#8211; Holliday"},"content":{"rendered":"<p>Contiene 3 bl\u00edsters de 7 comprimidos.<\/p>\n<ul>\n<li>Biomodulador de la ansiedad.<\/li>\n<li>Comprimidos palatables.<\/li>\n<li>Para <strong>perros<\/strong> y <strong>gatos<\/strong>.<\/li>\n<\/ul>\n<h3>F\u00f3rmula<\/h3>\n<p>Cada comprimido de 1500 mg.contiene:<br \/>\nTript\u00f3fano 200 mg.<br \/>\nExtracto de Valeriana 100 mg.<br \/>\nExcipientes c.s<\/p>\n<h3>Acci\u00f3n<\/h3>\n<p>Suplemento dietario modulador de la ansiedad, indicado en aquellas ocasiones en las que el comportamiento del animal se vea afectado por situaciones de estr\u00e9s o miedo.<br \/>\nEl tript\u00f3fano induce un aumento en los niveles de serotonina, de esta forma colabora disminuyendo la ansiedad y agresividad en forma natural.<br \/>\nLa valeriana es un relajante natural compuesto por agentes sedantes que act\u00faan sobre el sistema nervioso, colaborando en el tratamiento de la ansiedad.<\/p>\n<h3>Indicaciones<\/h3>\n<p>Indicado para situaciones que generen un aumento en los niveles de estr\u00e9s y ansiedad tales como:<\/p>\n<p>Viajes<br \/>\nEntornos ruidosos<br \/>\nManejo de animales ind\u00f3ciles en el consultorio<br \/>\nPost-operatorios<br \/>\nEstr\u00e9s por separaci\u00f3n<br \/>\nMudanzas<br \/>\nLlegada de un nuevo habitante al hogar<br \/>\nCambios en el estilo de vida<br \/>\nEstad\u00edas en pensionados<\/p>\n<p>Holliday<\/p>\n","protected":false},"excerpt":{"rendered":"<p>Contiene 3 bl\u00edsters de 7 comprimidos. Biomodulador de la ansiedad. Comprimidos palatables. Para perros y gatos. F\u00f3rmula Cada comprimido de 1500 mg.contiene: Tript\u00f3fano 200 mg. Extracto de Valeriana 100 mg. Excipientes c.s Acci\u00f3n Suplemento dietario modulador de la ansiedad, indicado en aquellas ocasiones en las que el comportamiento del animal se vea afectado por situaciones &#8230; <a title=\"Ohm x 21 comp &#8211; Holliday\" class=\"read-more\" href=\"https:\/\/vetaustral.com.ar\/?product=ohm-x-21-comp-holliday\" aria-label=\"Leer m\u00e1s sobre Ohm x 21 comp &#8211; Holliday\">Leer m\u00e1s<\/a><\/p>\n","protected":false},"featured_media":1269,"comment_status":"open","ping_status":"closed","template":"","meta":[],"product_brand":[164],"product_cat":[36,32],"product_tag":[165,166,142],"class_list":{"0":"post-1268","1":"product","2":"type-product","3":"status-publish","4":"has-post-thumbnail","6":"product_brand-holliday","7":"product_cat-animales-de-compania","8":"product_cat-farmacia","9":"product_tag-modulador-de-la-ansiedad","10":"product_tag-modulador-de-la-conducta","11":"product_tag-tranquilizante","12":"sales-flash-overlay","13":"woocommerce-text-align-center","14":"woocommerce-image-align-center","15":"do-quantity-buttons","17":"first","18":"instock","19":"taxable","20":"shipping-taxable","21":"purchasable","22":"product-type-simple"},"jetpack_sharing_enabled":true,"_links":{"self":[{"href":"https:\/\/vetaustral.com.ar\/index.php?rest_route=\/wp\/v2\/product\/1268","targetHints":{"allow":["GET"]}}],"collection":[{"href":"https:\/\/vetaustral.com.ar\/index.php?rest_route=\/wp\/v2\/product"}],"about":[{"href":"https:\/\/vetaustral.com.ar\/index.php?rest_route=\/wp\/v2\/types\/product"}],"replies":[{"embeddable":true,"href":"https:\/\/vetaustral.com.ar\/index.php?rest_route=%2Fwp%2Fv2%2Fcomments&post=1268"}],"wp:featuredmedia":[{"embeddable":true,"href":"https:\/\/vetaustral.com.ar\/index.php?rest_route=\/wp\/v2\/media\/1269"}],"wp:attachment":[{"href":"https:\/\/vetaustral.com.ar\/index.php?rest_route=%2Fwp%2Fv2%2Fmedia&parent=1268"}],"wp:term":[{"taxonomy":"product_brand","embeddable":true,"href":"https:\/\/vetaustral.com.ar\/index.php?rest_route=%2Fwp%2Fv2%2Fproduct_brand&post=1268"},{"taxonomy":"product_cat","embeddable":true,"href":"https:\/\/vetaustral.com.ar\/index.php?rest_route=%2Fwp%2Fv2%2Fproduct_cat&post=1268"},{"taxonomy":"product_tag","embeddable":true,"href":"https:\/\/vetaustral.com.ar\/index.php?rest_route=%2Fwp%2Fv2%2Fproduct_tag&post=1268"}],"curies":[{"name":"wp","href":"https:\/\/api.w.org\/{rel}","templated":true}]}}