{"id":1264,"date":"2025-10-28T14:50:55","date_gmt":"2025-10-28T14:50:55","guid":{"rendered":"https:\/\/vetaustral.com.ar\/?post_type=product&#038;p=1264"},"modified":"2026-01-29T11:31:23","modified_gmt":"2026-01-29T11:31:23","slug":"maiflox-x-1-litro-elmer","status":"publish","type":"product","link":"https:\/\/vetaustral.com.ar\/?product=maiflox-x-1-litro-elmer","title":{"rendered":"Maiflox x 1 litro &#8211; Elmer"},"content":{"rendered":"<p>Contiene 1 frasco de 1000 ml.<\/p>\n<ul>\n<li>Quimioter\u00e1pico<\/li>\n<li>Av\u00edcola<\/li>\n<\/ul>\n<p><strong>F\u00f3rmula:<\/strong><br \/>\nCada 100 ml contienen:<br \/>\nEnrofloxacina\u2026\u2026\u2026\u2026\u2026\u2026\u2026\u2026\u2026.10g<br \/>\nEcip csp\u2026\u2026\u2026\u2026\u2026\u2026\u2026\u2026\u2026\u2026\u2026\u2026\u2026\u2026100 ml<\/p>\n<p><strong>Indicaciones de Uso:<\/strong><br \/>\nPara la prevenci\u00f3n y el tratamiento de enfermedades<br \/>\nbacterianas y micopl\u00e1smicas de las aves; como ser:<br \/>\nColibacilosis, Salmonelosis, Pasteurelosis (C\u00f3lera Aviar),<br \/>\nCoriza Infecciosa, Micoplasmosis, Enfermedad Cr\u00f3nica<br \/>\nRespiratoria, Estafiloc\u00f3cicas, Erisipela del pavo, etc.<\/p>\n<p>Elmer<\/p>\n<p>&nbsp;<\/p>\n","protected":false},"excerpt":{"rendered":"<p>Contiene 1 frasco de 1000 ml. Quimioter\u00e1pico Av\u00edcola F\u00f3rmula: Cada 100 ml contienen: Enrofloxacina\u2026\u2026\u2026\u2026\u2026\u2026\u2026\u2026\u2026.10g Ecip csp\u2026\u2026\u2026\u2026\u2026\u2026\u2026\u2026\u2026\u2026\u2026\u2026\u2026\u2026100 ml Indicaciones de Uso: Para la prevenci\u00f3n y el tratamiento de enfermedades bacterianas y micopl\u00e1smicas de las aves; como ser: Colibacilosis, Salmonelosis, Pasteurelosis (C\u00f3lera Aviar), Coriza Infecciosa, Micoplasmosis, Enfermedad Cr\u00f3nica Respiratoria, Estafiloc\u00f3cicas, Erisipela del pavo, etc. Elmer &nbsp;<\/p>\n","protected":false},"featured_media":1265,"comment_status":"open","ping_status":"closed","template":"","meta":[],"product_brand":[145],"product_cat":[32,52],"product_tag":[53,149],"class_list":{"0":"post-1264","1":"product","2":"type-product","3":"status-publish","4":"has-post-thumbnail","6":"product_brand-elmer","7":"product_cat-farmacia","8":"product_cat-grandes-animales","9":"product_tag-antibiotico","10":"product_tag-aves","11":"sales-flash-overlay","12":"woocommerce-text-align-center","13":"woocommerce-image-align-center","14":"do-quantity-buttons","16":"first","17":"instock","18":"taxable","19":"shipping-taxable","20":"purchasable","21":"product-type-simple"},"jetpack_sharing_enabled":true,"_links":{"self":[{"href":"https:\/\/vetaustral.com.ar\/index.php?rest_route=\/wp\/v2\/product\/1264","targetHints":{"allow":["GET"]}}],"collection":[{"href":"https:\/\/vetaustral.com.ar\/index.php?rest_route=\/wp\/v2\/product"}],"about":[{"href":"https:\/\/vetaustral.com.ar\/index.php?rest_route=\/wp\/v2\/types\/product"}],"replies":[{"embeddable":true,"href":"https:\/\/vetaustral.com.ar\/index.php?rest_route=%2Fwp%2Fv2%2Fcomments&post=1264"}],"wp:featuredmedia":[{"embeddable":true,"href":"https:\/\/vetaustral.com.ar\/index.php?rest_route=\/wp\/v2\/media\/1265"}],"wp:attachment":[{"href":"https:\/\/vetaustral.com.ar\/index.php?rest_route=%2Fwp%2Fv2%2Fmedia&parent=1264"}],"wp:term":[{"taxonomy":"product_brand","embeddable":true,"href":"https:\/\/vetaustral.com.ar\/index.php?rest_route=%2Fwp%2Fv2%2Fproduct_brand&post=1264"},{"taxonomy":"product_cat","embeddable":true,"href":"https:\/\/vetaustral.com.ar\/index.php?rest_route=%2Fwp%2Fv2%2Fproduct_cat&post=1264"},{"taxonomy":"product_tag","embeddable":true,"href":"https:\/\/vetaustral.com.ar\/index.php?rest_route=%2Fwp%2Fv2%2Fproduct_tag&post=1264"}],"curies":[{"name":"wp","href":"https:\/\/api.w.org\/{rel}","templated":true}]}}