{"id":1262,"date":"2025-10-28T14:46:34","date_gmt":"2025-10-28T14:46:34","guid":{"rendered":"https:\/\/vetaustral.com.ar\/?post_type=product&#038;p=1262"},"modified":"2026-01-29T11:29:46","modified_gmt":"2026-01-29T11:29:46","slug":"griseofulvina-pomo-x-15-gr-elmer","status":"publish","type":"product","link":"https:\/\/vetaustral.com.ar\/?product=griseofulvina-pomo-x-15-gr-elmer","title":{"rendered":"Griseofulvina pomo x 15 gr &#8211; Elmer"},"content":{"rendered":"<p>Contiene 1 pomo de 15 gr.<\/p>\n<ul>\n<li>Crema antimic\u00f3tica<\/li>\n<li>Para <strong>perros<\/strong> y <strong>gatos<\/strong><\/li>\n<\/ul>\n<p><strong>F\u00f3rmula:<\/strong><br \/>\nCada 100 gr. de crema evanescente contiene Griseofulvina 2,5g.<\/p>\n<p><strong>Acci\u00f3n:<\/strong><br \/>\nGriseofulvina Elmer es un fungist\u00e1tico que act\u00faa sobre los<br \/>\nhongos que producen micosis cut\u00e1neas en perros y gatos.<br \/>\nMicrosporum canis, Microsporum gypseum y Thrichophyton<br \/>\nmentagrophites.<\/p>\n<p><strong>Indicaciones:<\/strong><br \/>\nT\u00f3pico, para el tratamiento de la micosis cut\u00e1nea de perros y<br \/>\ngatos.<\/p>\n<p>Elmer<\/p>\n<p>&nbsp;<\/p>\n","protected":false},"excerpt":{"rendered":"<p>Contiene 1 pomo de 15 gr. Crema antimic\u00f3tica Para perros y gatos F\u00f3rmula: Cada 100 gr. de crema evanescente contiene Griseofulvina 2,5g. Acci\u00f3n: Griseofulvina Elmer es un fungist\u00e1tico que act\u00faa sobre los hongos que producen micosis cut\u00e1neas en perros y gatos. Microsporum canis, Microsporum gypseum y Thrichophyton mentagrophites. Indicaciones: T\u00f3pico, para el tratamiento de la &#8230; <a title=\"Griseofulvina pomo x 15 gr &#8211; Elmer\" class=\"read-more\" href=\"https:\/\/vetaustral.com.ar\/?product=griseofulvina-pomo-x-15-gr-elmer\" aria-label=\"Leer m\u00e1s sobre Griseofulvina pomo x 15 gr &#8211; Elmer\">Leer m\u00e1s<\/a><\/p>\n","protected":false},"featured_media":1263,"comment_status":"open","ping_status":"closed","template":"","meta":[],"product_brand":[145],"product_cat":[36,32],"product_tag":[73],"class_list":{"0":"post-1262","1":"product","2":"type-product","3":"status-publish","4":"has-post-thumbnail","6":"product_brand-elmer","7":"product_cat-animales-de-compania","8":"product_cat-farmacia","9":"product_tag-antimicotico","10":"sales-flash-overlay","11":"woocommerce-text-align-center","12":"woocommerce-image-align-center","13":"do-quantity-buttons","15":"first","16":"instock","17":"taxable","18":"shipping-taxable","19":"purchasable","20":"product-type-simple"},"jetpack_sharing_enabled":true,"_links":{"self":[{"href":"https:\/\/vetaustral.com.ar\/index.php?rest_route=\/wp\/v2\/product\/1262","targetHints":{"allow":["GET"]}}],"collection":[{"href":"https:\/\/vetaustral.com.ar\/index.php?rest_route=\/wp\/v2\/product"}],"about":[{"href":"https:\/\/vetaustral.com.ar\/index.php?rest_route=\/wp\/v2\/types\/product"}],"replies":[{"embeddable":true,"href":"https:\/\/vetaustral.com.ar\/index.php?rest_route=%2Fwp%2Fv2%2Fcomments&post=1262"}],"wp:featuredmedia":[{"embeddable":true,"href":"https:\/\/vetaustral.com.ar\/index.php?rest_route=\/wp\/v2\/media\/1263"}],"wp:attachment":[{"href":"https:\/\/vetaustral.com.ar\/index.php?rest_route=%2Fwp%2Fv2%2Fmedia&parent=1262"}],"wp:term":[{"taxonomy":"product_brand","embeddable":true,"href":"https:\/\/vetaustral.com.ar\/index.php?rest_route=%2Fwp%2Fv2%2Fproduct_brand&post=1262"},{"taxonomy":"product_cat","embeddable":true,"href":"https:\/\/vetaustral.com.ar\/index.php?rest_route=%2Fwp%2Fv2%2Fproduct_cat&post=1262"},{"taxonomy":"product_tag","embeddable":true,"href":"https:\/\/vetaustral.com.ar\/index.php?rest_route=%2Fwp%2Fv2%2Fproduct_tag&post=1262"}],"curies":[{"name":"wp","href":"https:\/\/api.w.org\/{rel}","templated":true}]}}